{"id":3994,"date":"2021-03-25T11:10:01","date_gmt":"2021-03-25T10:10:01","guid":{"rendered":"https:\/\/www.samedinnovazioni.it\/servizi-e-assistenza\/"},"modified":"2021-04-28T13:20:24","modified_gmt":"2021-04-28T11:20:24","slug":"services-et-assistance","status":"publish","type":"page","link":"https:\/\/www.samedinnovazioni.it\/fr\/services-et-assistance\/","title":{"rendered":"Services et Assistance"},"content":{"rendered":"\t\t<div data-elementor-type=\"wp-page\" data-elementor-id=\"3994\" class=\"elementor elementor-3994 elementor-1922\" data-elementor-post-type=\"page\">\n\t\t\t\t\t\t<section class=\"elementor-section elementor-top-section elementor-element elementor-element-3a345d2 elementor-section-height-min-height elementor-section-boxed elementor-section-height-default elementor-section-items-middle\" data-id=\"3a345d2\" data-element_type=\"section\" data-e-type=\"section\" data-settings=\"{&quot;background_background&quot;:&quot;classic&quot;,&quot;shape_divider_bottom&quot;:&quot;tilt&quot;}\">\n\t\t\t\t\t<div class=\"elementor-shape elementor-shape-bottom\" aria-hidden=\"true\" data-negative=\"false\">\n\t\t\t<svg xmlns=\"http:\/\/www.w3.org\/2000\/svg\" viewBox=\"0 0 1000 100\" preserveAspectRatio=\"none\">\n\t<path class=\"elementor-shape-fill\" d=\"M0,6V0h1000v100L0,6z\"\/>\n<\/svg>\t\t<\/div>\n\t\t\t\t\t<div class=\"elementor-container elementor-column-gap-default\">\n\t\t\t\t\t<div class=\"elementor-column elementor-col-100 elementor-top-column elementor-element elementor-element-45ac11e\" data-id=\"45ac11e\" data-element_type=\"column\" data-e-type=\"column\">\n\t\t\t<div class=\"elementor-widget-wrap elementor-element-populated\">\n\t\t\t\t\t\t\t<\/div>\n\t\t<\/div>\n\t\t\t\t\t<\/div>\n\t\t<\/section>\n\t\t\t\t<section class=\"elementor-section elementor-top-section elementor-element elementor-element-15dfc30 elementor-section-boxed elementor-section-height-default elementor-section-height-default\" data-id=\"15dfc30\" data-element_type=\"section\" data-e-type=\"section\">\n\t\t\t\t\t\t<div class=\"elementor-container elementor-column-gap-default\">\n\t\t\t\t\t<div class=\"elementor-column elementor-col-50 elementor-top-column elementor-element elementor-element-bbdf63e\" data-id=\"bbdf63e\" data-element_type=\"column\" data-e-type=\"column\">\n\t\t\t<div class=\"elementor-widget-wrap elementor-element-populated\">\n\t\t\t\t\t\t<div class=\"elementor-element elementor-element-45b75fc elementor-view-default elementor-widget elementor-widget-icon\" data-id=\"45b75fc\" data-element_type=\"widget\" data-e-type=\"widget\" data-widget_type=\"icon.default\">\n\t\t\t\t<div class=\"elementor-widget-container\">\n\t\t\t\t\t\t\t<div class=\"elementor-icon-wrapper\">\n\t\t\t<div class=\"elementor-icon\">\n\t\t\t<i aria-hidden=\"true\" class=\"fas fa-user-tie\"><\/i>\t\t\t<\/div>\n\t\t<\/div>\n\t\t\t\t\t\t<\/div>\n\t\t\t\t<\/div>\n\t\t\t\t<div class=\"elementor-element elementor-element-b7f2bb3 elementor-widget elementor-widget-heading\" data-id=\"b7f2bb3\" data-element_type=\"widget\" data-e-type=\"widget\" data-widget_type=\"heading.default\">\n\t\t\t\t<div class=\"elementor-widget-container\">\n\t\t\t\t\t<h2 class=\"elementor-heading-title elementor-size-default\">Assistance<\/h2>\t\t\t\t<\/div>\n\t\t\t\t<\/div>\n\t\t\t\t<div class=\"elementor-element elementor-element-b17865c elementor-widget elementor-widget-text-editor\" data-id=\"b17865c\" data-element_type=\"widget\" data-e-type=\"widget\" data-widget_type=\"text-editor.default\">\n\t\t\t\t<div class=\"elementor-widget-container\">\n\t\t\t\t\t\t\t\t\t<p>Apr\u00e8s-vente aupr\u00e8s du client avec notre personnel.<\/p><p>Les machines automatiques sont \u00e8quip\u00e9es de t\u00e9l\u00e9assistance.<\/p>\t\t\t\t\t\t\t\t<\/div>\n\t\t\t\t<\/div>\n\t\t\t\t\t<\/div>\n\t\t<\/div>\n\t\t\t\t<div class=\"elementor-column elementor-col-50 elementor-top-column elementor-element elementor-element-093af13\" data-id=\"093af13\" data-element_type=\"column\" data-e-type=\"column\">\n\t\t\t<div class=\"elementor-widget-wrap elementor-element-populated\">\n\t\t\t\t\t\t<div class=\"elementor-element elementor-element-ae67574 elementor-view-default elementor-widget elementor-widget-icon\" data-id=\"ae67574\" data-element_type=\"widget\" data-e-type=\"widget\" data-widget_type=\"icon.default\">\n\t\t\t\t<div class=\"elementor-widget-container\">\n\t\t\t\t\t\t\t<div class=\"elementor-icon-wrapper\">\n\t\t\t<div class=\"elementor-icon\">\n\t\t\t<i aria-hidden=\"true\" class=\"fas fa-cogs\"><\/i>\t\t\t<\/div>\n\t\t<\/div>\n\t\t\t\t\t\t<\/div>\n\t\t\t\t<\/div>\n\t\t\t\t<div class=\"elementor-element elementor-element-f360f3a elementor-widget elementor-widget-heading\" data-id=\"f360f3a\" data-element_type=\"widget\" data-e-type=\"widget\" data-widget_type=\"heading.default\">\n\t\t\t\t<div class=\"elementor-widget-container\">\n\t\t\t\t\t<h2 class=\"elementor-heading-title elementor-size-default\">Pi\u00e8ces de Rechange<\/h2>\t\t\t\t<\/div>\n\t\t\t\t<\/div>\n\t\t\t\t<div class=\"elementor-element elementor-element-95c0a25 elementor-widget elementor-widget-text-editor\" data-id=\"95c0a25\" data-element_type=\"widget\" data-e-type=\"widget\" data-widget_type=\"text-editor.default\">\n\t\t\t\t<div class=\"elementor-widget-container\">\n\t\t\t\t\t\t\t\t\t<p>Contacter notre soci\u00e9t\u00e9 pour les pi\u00e8ces de rechange d\u2019origine.\u00a0<\/p><p>(Les pi\u00e8ces ayant une grande usure sont pretes en stock pour des demandes d\u2019envois urgents).<\/p><div><span style=\"color: var( --e-global-color-text ); font-family: var( --e-global-typography-text-font-family ), Sans-serif; font-size: var( --e-global-typography-text-font-size ); font-weight: var( --e-global-typography-text-font-weight );\">\u00a0<\/span><\/div>\t\t\t\t\t\t\t\t<\/div>\n\t\t\t\t<\/div>\n\t\t\t\t\t<\/div>\n\t\t<\/div>\n\t\t\t\t\t<\/div>\n\t\t<\/section>\n\t\t\t\t<\/div>\n\t\t","protected":false},"excerpt":{"rendered":"<p>Assistance Apr\u00e8s-vente aupr\u00e8s du client avec notre personnel. Les machines automatiques sont \u00e8quip\u00e9es de t\u00e9l\u00e9assistance. Pi\u00e8ces de Rechange Contacter notre soci\u00e9t\u00e9 pour les pi\u00e8ces de rechange d\u2019origine.&nbsp; (Les pi\u00e8ces ayant une grande usure sont pretes en stock pour des demandes d\u2019envois urgents).<\/p>\n","protected":false},"author":2,"featured_media":0,"parent":0,"menu_order":0,"comment_status":"closed","ping_status":"closed","template":"elementor_header_footer","meta":{"footnotes":""},"class_list":["post-3994","page","type-page","status-publish","hentry"],"yoast_head":"<!-- This site is optimized with the Yoast SEO plugin v27.5 - https:\/\/yoast.com\/product\/yoast-seo-wordpress\/ -->\n<title>Services et Assistance | Samed innovazioni<\/title>\n<meta name=\"description\" content=\"Samed Innovazioni fournit un service d&#039;assistance apr\u00e8s-vente par du personnel sp\u00e9cialis\u00e9, directement chez le client.\" \/>\n<meta name=\"robots\" content=\"index, follow, max-snippet:-1, max-image-preview:large, max-video-preview:-1\" \/>\n<link rel=\"canonical\" href=\"https:\/\/www.samedinnovazioni.it\/fr\/services-et-assistance\/\" \/>\n<meta property=\"og:locale\" content=\"fr_FR\" \/>\n<meta property=\"og:type\" content=\"article\" \/>\n<meta property=\"og:title\" content=\"Services et Assistance | Samed innovazioni\" \/>\n<meta property=\"og:description\" content=\"Samed Innovazioni fournit un service d&#039;assistance apr\u00e8s-vente par du personnel sp\u00e9cialis\u00e9, directement chez le client.\" \/>\n<meta property=\"og:url\" content=\"https:\/\/www.samedinnovazioni.it\/fr\/services-et-assistance\/\" \/>\n<meta property=\"og:site_name\" content=\"Samed innovazioni\" \/>\n<meta property=\"article:modified_time\" content=\"2021-04-28T11:20:24+00:00\" \/>\n<meta name=\"twitter:card\" content=\"summary_large_image\" \/>\n<meta name=\"twitter:label1\" content=\"Dur\u00e9e de lecture estim\u00e9e\" \/>\n\t<meta name=\"twitter:data1\" content=\"1 minute\" \/>\n<script type=\"application\/ld+json\" class=\"yoast-schema-graph\">{\"@context\":\"https:\\\/\\\/schema.org\",\"@graph\":[{\"@type\":\"WebPage\",\"@id\":\"https:\\\/\\\/www.samedinnovazioni.it\\\/fr\\\/services-et-assistance\\\/\",\"url\":\"https:\\\/\\\/www.samedinnovazioni.it\\\/fr\\\/services-et-assistance\\\/\",\"name\":\"Services et Assistance | Samed innovazioni\",\"isPartOf\":{\"@id\":\"https:\\\/\\\/www.samedinnovazioni.it\\\/#website\"},\"datePublished\":\"2021-03-25T10:10:01+00:00\",\"dateModified\":\"2021-04-28T11:20:24+00:00\",\"description\":\"Samed Innovazioni fournit un service d'assistance apr\u00e8s-vente par du personnel sp\u00e9cialis\u00e9, directement chez le client.\",\"breadcrumb\":{\"@id\":\"https:\\\/\\\/www.samedinnovazioni.it\\\/fr\\\/services-et-assistance\\\/#breadcrumb\"},\"inLanguage\":\"fr-FR\",\"potentialAction\":[{\"@type\":\"ReadAction\",\"target\":[\"https:\\\/\\\/www.samedinnovazioni.it\\\/fr\\\/services-et-assistance\\\/\"]}]},{\"@type\":\"BreadcrumbList\",\"@id\":\"https:\\\/\\\/www.samedinnovazioni.it\\\/fr\\\/services-et-assistance\\\/#breadcrumb\",\"itemListElement\":[{\"@type\":\"ListItem\",\"position\":1,\"name\":\"Home\",\"item\":\"https:\\\/\\\/www.samedinnovazioni.it\\\/fr\\\/\"},{\"@type\":\"ListItem\",\"position\":2,\"name\":\"Services et Assistance\"}]},{\"@type\":\"WebSite\",\"@id\":\"https:\\\/\\\/www.samedinnovazioni.it\\\/#website\",\"url\":\"https:\\\/\\\/www.samedinnovazioni.it\\\/\",\"name\":\"Samed innovazioni\",\"description\":\"Copertinatrici, Macchine per cartotecnica, legatoria e fotolibro\",\"publisher\":{\"@id\":\"https:\\\/\\\/www.samedinnovazioni.it\\\/#organization\"},\"potentialAction\":[{\"@type\":\"SearchAction\",\"target\":{\"@type\":\"EntryPoint\",\"urlTemplate\":\"https:\\\/\\\/www.samedinnovazioni.it\\\/?s={search_term_string}\"},\"query-input\":{\"@type\":\"PropertyValueSpecification\",\"valueRequired\":true,\"valueName\":\"search_term_string\"}}],\"inLanguage\":\"fr-FR\"},{\"@type\":\"Organization\",\"@id\":\"https:\\\/\\\/www.samedinnovazioni.it\\\/#organization\",\"name\":\"Samed Innovazioni\",\"url\":\"https:\\\/\\\/www.samedinnovazioni.it\\\/\",\"logo\":{\"@type\":\"ImageObject\",\"inLanguage\":\"fr-FR\",\"@id\":\"https:\\\/\\\/www.samedinnovazioni.it\\\/#\\\/schema\\\/logo\\\/image\\\/\",\"url\":\"https:\\\/\\\/www.samedinnovazioni.it\\\/wp-content\\\/uploads\\\/2021\\\/05\\\/samed-innovazioni.png\",\"contentUrl\":\"https:\\\/\\\/www.samedinnovazioni.it\\\/wp-content\\\/uploads\\\/2021\\\/05\\\/samed-innovazioni.png\",\"width\":282,\"height\":67,\"caption\":\"Samed Innovazioni\"},\"image\":{\"@id\":\"https:\\\/\\\/www.samedinnovazioni.it\\\/#\\\/schema\\\/logo\\\/image\\\/\"}}]}<\/script>\n<!-- \/ Yoast SEO plugin. -->","yoast_head_json":{"title":"Services et Assistance | Samed innovazioni","description":"Samed Innovazioni fournit un service d'assistance apr\u00e8s-vente par du personnel sp\u00e9cialis\u00e9, directement chez le client.","robots":{"index":"index","follow":"follow","max-snippet":"max-snippet:-1","max-image-preview":"max-image-preview:large","max-video-preview":"max-video-preview:-1"},"canonical":"https:\/\/www.samedinnovazioni.it\/fr\/services-et-assistance\/","og_locale":"fr_FR","og_type":"article","og_title":"Services et Assistance | Samed innovazioni","og_description":"Samed Innovazioni fournit un service d'assistance apr\u00e8s-vente par du personnel sp\u00e9cialis\u00e9, directement chez le client.","og_url":"https:\/\/www.samedinnovazioni.it\/fr\/services-et-assistance\/","og_site_name":"Samed innovazioni","article_modified_time":"2021-04-28T11:20:24+00:00","twitter_card":"summary_large_image","twitter_misc":{"Dur\u00e9e de lecture estim\u00e9e":"1 minute"},"schema":{"@context":"https:\/\/schema.org","@graph":[{"@type":"WebPage","@id":"https:\/\/www.samedinnovazioni.it\/fr\/services-et-assistance\/","url":"https:\/\/www.samedinnovazioni.it\/fr\/services-et-assistance\/","name":"Services et Assistance | Samed innovazioni","isPartOf":{"@id":"https:\/\/www.samedinnovazioni.it\/#website"},"datePublished":"2021-03-25T10:10:01+00:00","dateModified":"2021-04-28T11:20:24+00:00","description":"Samed Innovazioni fournit un service d'assistance apr\u00e8s-vente par du personnel sp\u00e9cialis\u00e9, directement chez le client.","breadcrumb":{"@id":"https:\/\/www.samedinnovazioni.it\/fr\/services-et-assistance\/#breadcrumb"},"inLanguage":"fr-FR","potentialAction":[{"@type":"ReadAction","target":["https:\/\/www.samedinnovazioni.it\/fr\/services-et-assistance\/"]}]},{"@type":"BreadcrumbList","@id":"https:\/\/www.samedinnovazioni.it\/fr\/services-et-assistance\/#breadcrumb","itemListElement":[{"@type":"ListItem","position":1,"name":"Home","item":"https:\/\/www.samedinnovazioni.it\/fr\/"},{"@type":"ListItem","position":2,"name":"Services et Assistance"}]},{"@type":"WebSite","@id":"https:\/\/www.samedinnovazioni.it\/#website","url":"https:\/\/www.samedinnovazioni.it\/","name":"Samed innovazioni","description":"Copertinatrici, Macchine per cartotecnica, legatoria e fotolibro","publisher":{"@id":"https:\/\/www.samedinnovazioni.it\/#organization"},"potentialAction":[{"@type":"SearchAction","target":{"@type":"EntryPoint","urlTemplate":"https:\/\/www.samedinnovazioni.it\/?s={search_term_string}"},"query-input":{"@type":"PropertyValueSpecification","valueRequired":true,"valueName":"search_term_string"}}],"inLanguage":"fr-FR"},{"@type":"Organization","@id":"https:\/\/www.samedinnovazioni.it\/#organization","name":"Samed Innovazioni","url":"https:\/\/www.samedinnovazioni.it\/","logo":{"@type":"ImageObject","inLanguage":"fr-FR","@id":"https:\/\/www.samedinnovazioni.it\/#\/schema\/logo\/image\/","url":"https:\/\/www.samedinnovazioni.it\/wp-content\/uploads\/2021\/05\/samed-innovazioni.png","contentUrl":"https:\/\/www.samedinnovazioni.it\/wp-content\/uploads\/2021\/05\/samed-innovazioni.png","width":282,"height":67,"caption":"Samed Innovazioni"},"image":{"@id":"https:\/\/www.samedinnovazioni.it\/#\/schema\/logo\/image\/"}}]}},"_links":{"self":[{"href":"https:\/\/www.samedinnovazioni.it\/fr\/wp-json\/wp\/v2\/pages\/3994","targetHints":{"allow":["GET"]}}],"collection":[{"href":"https:\/\/www.samedinnovazioni.it\/fr\/wp-json\/wp\/v2\/pages"}],"about":[{"href":"https:\/\/www.samedinnovazioni.it\/fr\/wp-json\/wp\/v2\/types\/page"}],"author":[{"embeddable":true,"href":"https:\/\/www.samedinnovazioni.it\/fr\/wp-json\/wp\/v2\/users\/2"}],"replies":[{"embeddable":true,"href":"https:\/\/www.samedinnovazioni.it\/fr\/wp-json\/wp\/v2\/comments?post=3994"}],"version-history":[{"count":9,"href":"https:\/\/www.samedinnovazioni.it\/fr\/wp-json\/wp\/v2\/pages\/3994\/revisions"}],"predecessor-version":[{"id":4015,"href":"https:\/\/www.samedinnovazioni.it\/fr\/wp-json\/wp\/v2\/pages\/3994\/revisions\/4015"}],"wp:attachment":[{"href":"https:\/\/www.samedinnovazioni.it\/fr\/wp-json\/wp\/v2\/media?parent=3994"}],"curies":[{"name":"wp","href":"https:\/\/api.w.org\/{rel}","templated":true}]}}