{"id":3584,"date":"2021-04-12T11:51:57","date_gmt":"2021-04-12T09:51:57","guid":{"rendered":"https:\/\/www.samedinnovazioni.it\/photofold-singola\/"},"modified":"2021-11-22T13:37:43","modified_gmt":"2021-11-22T12:37:43","slug":"photofold-singola","status":"publish","type":"page","link":"https:\/\/www.samedinnovazioni.it\/fr\/photofold-singola\/","title":{"rendered":"Unit\u00e9 Simple Photofold"},"content":{"rendered":"\t\t<div data-elementor-type=\"wp-page\" data-elementor-id=\"3584\" class=\"elementor elementor-3584 elementor-2619\">\n\t\t\t\t\t\t\t\t\t<section class=\"elementor-section elementor-top-section elementor-element elementor-element-9524d26 elementor-section-height-min-height elementor-section-boxed elementor-section-height-default elementor-section-items-middle\" data-id=\"9524d26\" data-element_type=\"section\" data-settings=\"{&quot;background_background&quot;:&quot;classic&quot;,&quot;shape_divider_bottom&quot;:&quot;tilt&quot;}\">\n\t\t\t\t\t<div class=\"elementor-shape elementor-shape-bottom\" data-negative=\"false\">\n\t\t\t<svg xmlns=\"http:\/\/www.w3.org\/2000\/svg\" viewBox=\"0 0 1000 100\" preserveAspectRatio=\"none\">\n\t<path class=\"elementor-shape-fill\" d=\"M0,6V0h1000v100L0,6z\"\/>\n<\/svg>\t\t<\/div>\n\t\t\t\t\t<div class=\"elementor-container elementor-column-gap-default\">\n\t\t\t\t\t<div class=\"elementor-column elementor-col-100 elementor-top-column elementor-element elementor-element-24d3031\" data-id=\"24d3031\" data-element_type=\"column\">\n\t\t\t<div class=\"elementor-widget-wrap elementor-element-populated\">\n\t\t\t\t\t\t\t\t<div class=\"elementor-element elementor-element-a3be6b6 elementor-icon-list--layout-inline elementor-list-item-link-full_width elementor-widget elementor-widget-icon-list\" data-id=\"a3be6b6\" data-element_type=\"widget\" data-widget_type=\"icon-list.default\">\n\t\t\t\t<div class=\"elementor-widget-container\">\n\t\t\t\t\t<ul class=\"elementor-icon-list-items elementor-inline-items\">\n\t\t\t\t\t\t\t<li class=\"elementor-icon-list-item elementor-inline-item\">\n\t\t\t\t\t\t\t\t\t\t\t<a href=\"https:\/\/www.samedinnovazioni.it\/fr\/produits\/\">\n\n\t\t\t\t\t\t\t\t\t\t\t<span class=\"elementor-icon-list-text\">TOUS LES PRODUITS<\/span>\n\t\t\t\t\t\t\t\t\t\t\t<\/a>\n\t\t\t\t\t\t\t\t\t<\/li>\n\t\t\t\t\t\t\t\t<li class=\"elementor-icon-list-item elementor-inline-item\">\n\t\t\t\t\t\t\t\t\t\t\t<a href=\"https:\/\/www.samedinnovazioni.it\/fr\/produits\/collage-rainage-pliage-boitier-presse-pour-livre-photo\/\">\n\n\t\t\t\t\t\t\t\t\t\t\t\t<span class=\"elementor-icon-list-icon\">\n\t\t\t\t\t\t\t<i aria-hidden=\"true\" class=\"fas fa-angle-double-right\"><\/i>\t\t\t\t\t\t<\/span>\n\t\t\t\t\t\t\t\t\t\t<span class=\"elementor-icon-list-text\">Machines POUR Livres Photo<\/span>\n\t\t\t\t\t\t\t\t\t\t\t<\/a>\n\t\t\t\t\t\t\t\t\t<\/li>\n\t\t\t\t\t\t<\/ul>\n\t\t\t\t<\/div>\n\t\t\t\t<\/div>\n\t\t\t\t<div class=\"elementor-element elementor-element-ade8937 elementor-widget elementor-widget-heading\" data-id=\"ade8937\" data-element_type=\"widget\" data-widget_type=\"heading.default\">\n\t\t\t\t<div class=\"elementor-widget-container\">\n\t\t\t<h2 class=\"elementor-heading-title elementor-size-default\"><!--Unit\u00e9 de Rainage Pas En Ligne --><\/h2>\t\t<\/div>\n\t\t\t\t<\/div>\n\t\t\t\t\t<\/div>\n\t\t<\/div>\n\t\t\t\t\t\t\t<\/div>\n\t\t<\/section>\n\t\t\t\t<section class=\"elementor-section elementor-top-section elementor-element elementor-element-ec316e7 elementor-section-boxed elementor-section-height-default elementor-section-height-default\" data-id=\"ec316e7\" data-element_type=\"section\">\n\t\t\t\t\t\t<div class=\"elementor-container elementor-column-gap-default\">\n\t\t\t\t\t<div class=\"elementor-column elementor-col-50 elementor-top-column elementor-element elementor-element-c882b4e\" data-id=\"c882b4e\" data-element_type=\"column\">\n\t\t\t<div class=\"elementor-widget-wrap elementor-element-populated\">\n\t\t\t\t\t\t\t\t<div class=\"elementor-element elementor-element-90dd57e elementor-widget elementor-widget-text-editor\" data-id=\"90dd57e\" data-element_type=\"widget\" data-widget_type=\"text-editor.default\">\n\t\t\t\t<div class=\"elementor-widget-container\">\n\t\t\t\t\t\t\t<p><strong><span style=\"color: var( --e-global-color-text );\">PHOTOFOLD-UNIT\u00c9 DE RAINAGE PAS EN LIGNE<\/span><\/strong><\/p><p><strong>Notre unit\u00e9 Photofold \u2013pas en ligne, est un mod\u00e8le de pliage id\u00e9al pour les producteurs de livres photo, en particulier pour les quantit\u00e9s de production moyennes \u00e0 \u00e9lev\u00e9es<\/strong>.<\/p><p><strong>Il s\u2019agit d\u2019une unit\u00e9 automatique unique pour le<\/strong> <em><strong>rainage, le pliage et le pressage<\/strong><\/em> <strong>de photos<\/strong> pour la <strong>cr\u00e9ation de livres photo de haute qualit\u00e9<\/strong>.<\/p><p>La machine est compos\u00e9e d\u2019un chargeur automatique de photos avec un syst\u00e8me de ventouse, une lame de rainage, un syst\u00e8me de pliage et une presse finale.<\/p><p>Ce qui la rend unique sur le march\u00e9, c\u2019est la presse finale qui garantit une plan\u00e9it\u00e9 parfaite apr\u00e8s rainage et pliage.<\/p><p>L\u2019op\u00e9rateur a la possibilit\u00e9 de r\u00e9gler le temps et la temp\u00e9rature de pressage puisque la presse est \u00e9quip\u00e9e de son propre chauffage.<\/p><p><strong>Il est pr\u00e9cis et facile \u00e0 utiliser<\/strong>.<\/p><p>Il peut fonctionner individuellement ou en ligne avec notre <a href=\"https:\/\/www.samedinnovazioni.it\/fr\/photofast-hot-melt\/\">Photofast Hot Melt<\/a>.<\/p>\t\t\t\t\t\t<\/div>\n\t\t\t\t<\/div>\n\t\t\t\t<div class=\"elementor-element elementor-element-d9b1802 elementor-widget elementor-widget-heading\" data-id=\"d9b1802\" data-element_type=\"widget\" data-widget_type=\"heading.default\">\n\t\t\t\t<div class=\"elementor-widget-container\">\n\t\t\t<h3 class=\"elementor-heading-title elementor-size-default\">Caract\u00e9ristiques Techniques de l\u2019Unit\u00e9 Automatique Photofold \u2013 Pas en Ligne<\/h3>\t\t<\/div>\n\t\t\t\t<\/div>\n\t\t\t\t<div class=\"elementor-element elementor-element-ed86377 elementor-widget elementor-widget-text-editor\" data-id=\"ed86377\" data-element_type=\"widget\" data-widget_type=\"text-editor.default\">\n\t\t\t\t<div class=\"elementor-widget-container\">\n\t\t\t\t\t\t\t<ul><li><strong>Format minimum<\/strong>: hauteur du livre photo 152,4 mm; livre photo largeur 200 mm (livre photo ouvert: 152,4&#215;400 mm).<\/li><li><strong>Format maximum<\/strong>: hauteur du livre photo 480 mm; livre photo largeur 400 mm (dimensions livre photo ouvert 480 mm 800 mm).<\/li><li><strong>Poids des photos<\/strong>: minimum 250 gr; maximum 350 gr.<\/li><li><strong>Poids du support carton<\/strong>: minimum 250 gr; maximum 350 gr.<\/li><li>Pr\u00e9sence d\u2019un bac de collecte des produits.<\/li><li><strong>Vitesse<\/strong>: jusqu\u2019\u00e0 25 cycles\/minute.<\/li><li><strong>Dimensions<\/strong>: cm 200x110x190 H (longueur\/largeur\/hauteur).<\/li><li><strong>Poids brut<\/strong>: 438 kg.<\/li><li><strong>Poids net<\/strong>: 358 Kg.<\/li><li><strong>Alimentation \u00e9lectrique<\/strong>: 400 Volts 3 Phases + Terre + Neutre 50\/60 Hz.<\/li><li><strong>Puissance<\/strong>: 2,5 Kw 16 Amp.<\/li><li><strong>Air comprim\u00e9<\/strong>: environ 200 Nl\/h 6 BAR.<\/li><\/ul>\t\t\t\t\t\t<\/div>\n\t\t\t\t<\/div>\n\t\t\t\t\t<\/div>\n\t\t<\/div>\n\t\t\t\t<div class=\"elementor-column elementor-col-50 elementor-top-column elementor-element elementor-element-19118fd\" data-id=\"19118fd\" data-element_type=\"column\" data-settings=\"{&quot;motion_fx_motion_fx_scrolling&quot;:&quot;yes&quot;,&quot;motion_fx_translateY_effect&quot;:&quot;yes&quot;,&quot;motion_fx_translateY_direction&quot;:&quot;negative&quot;,&quot;motion_fx_translateY_speed&quot;:{&quot;unit&quot;:&quot;px&quot;,&quot;size&quot;:7.4000000000000003552713678800500929355621337890625,&quot;sizes&quot;:[]},&quot;motion_fx_translateY_affectedRange&quot;:{&quot;unit&quot;:&quot;%&quot;,&quot;size&quot;:&quot;&quot;,&quot;sizes&quot;:{&quot;start&quot;:45,&quot;end&quot;:100}},&quot;motion_fx_devices&quot;:[&quot;desktop&quot;]}\">\n\t\t\t<div class=\"elementor-widget-wrap elementor-element-populated\">\n\t\t\t\t\t\t\t\t<div class=\"elementor-element elementor-element-64db14a elementor-widget elementor-widget-image\" data-id=\"64db14a\" data-element_type=\"widget\" data-widget_type=\"image.default\">\n\t\t\t\t<div class=\"elementor-widget-container\">\n\t\t\t\t\t\t\t\t\t\t\t\t\t\t\t<img width=\"768\" height=\"634\" src=\"https:\/\/www.samedinnovazioni.it\/wp-content\/uploads\/2021\/04\/photofold-singola-1024x845-1-768x634.jpg\" class=\"attachment-medium_large size-medium_large wp-image-2623\" alt=\"\" srcset=\"https:\/\/www.samedinnovazioni.it\/wp-content\/uploads\/2021\/04\/photofold-singola-1024x845-1-768x634.jpg 768w, https:\/\/www.samedinnovazioni.it\/wp-content\/uploads\/2021\/04\/photofold-singola-1024x845-1-700x578.jpg 700w, https:\/\/www.samedinnovazioni.it\/wp-content\/uploads\/2021\/04\/photofold-singola-1024x845-1.jpg 1024w\" sizes=\"(max-width: 768px) 100vw, 768px\" \/>\t\t\t\t\t\t\t\t\t\t\t\t\t\t\t<\/div>\n\t\t\t\t<\/div>\n\t\t\t\t\t<\/div>\n\t\t<\/div>\n\t\t\t\t\t\t\t<\/div>\n\t\t<\/section>\n\t\t\t\t<section class=\"elementor-section elementor-top-section elementor-element elementor-element-823b30a elementor-section-boxed elementor-section-height-default elementor-section-height-default\" data-id=\"823b30a\" data-element_type=\"section\">\n\t\t\t\t\t\t<div class=\"elementor-container elementor-column-gap-default\">\n\t\t\t\t\t<div class=\"elementor-column elementor-col-100 elementor-top-column elementor-element elementor-element-b7e6455\" data-id=\"b7e6455\" data-element_type=\"column\">\n\t\t\t<div class=\"elementor-widget-wrap elementor-element-populated\">\n\t\t\t\t\t\t\t\t<div class=\"elementor-element elementor-element-d4a871c elementor-widget elementor-widget-video\" data-id=\"d4a871c\" data-element_type=\"widget\" data-settings=\"{&quot;youtube_url&quot;:&quot;https:\\\/\\\/youtu.be\\\/VxhWN0JP0iw&quot;,&quot;lazy_load&quot;:&quot;yes&quot;,&quot;modestbranding&quot;:&quot;yes&quot;,&quot;video_type&quot;:&quot;youtube&quot;,&quot;controls&quot;:&quot;yes&quot;}\" data-widget_type=\"video.default\">\n\t\t\t\t<div class=\"elementor-widget-container\">\n\t\t\t\t\t<div class=\"elementor-wrapper elementor-open-inline\">\n\t\t\t<div class=\"elementor-video\"><\/div>\t\t<\/div>\n\t\t\t\t<\/div>\n\t\t\t\t<\/div>\n\t\t\t\t\t<\/div>\n\t\t<\/div>\n\t\t\t\t\t\t\t<\/div>\n\t\t<\/section>\n\t\t\t\t<section class=\"elementor-section elementor-top-section elementor-element elementor-element-7ef1657 elementor-section-boxed elementor-section-height-default elementor-section-height-default\" data-id=\"7ef1657\" data-element_type=\"section\" data-settings=\"{&quot;background_background&quot;:&quot;classic&quot;}\">\n\t\t\t\t\t\t<div class=\"elementor-container elementor-column-gap-default\">\n\t\t\t\t\t<div class=\"elementor-column elementor-col-100 elementor-top-column elementor-element elementor-element-acd3ed8\" data-id=\"acd3ed8\" data-element_type=\"column\">\n\t\t\t<div class=\"elementor-widget-wrap elementor-element-populated\">\n\t\t\t\t\t\t\t\t<div class=\"elementor-element elementor-element-8034dea elementor-widget elementor-widget-heading\" data-id=\"8034dea\" data-element_type=\"widget\" data-widget_type=\"heading.default\">\n\t\t\t\t<div class=\"elementor-widget-container\">\n\t\t\t<h3 class=\"elementor-heading-title elementor-size-default\">Souhaitez-vous plus d'informations sur ce produit?<\/h3>\t\t<\/div>\n\t\t\t\t<\/div>\n\t\t\t\t<div class=\"elementor-element elementor-element-4cf6c6c elementor-align-center elementor-widget elementor-widget-button\" data-id=\"4cf6c6c\" data-element_type=\"widget\" data-widget_type=\"button.default\">\n\t\t\t\t<div class=\"elementor-widget-container\">\n\t\t\t\t\t<div class=\"elementor-button-wrapper\">\n\t\t\t<a href=\"https:\/\/www.samedinnovazioni.it\/fr\/contactez-nous\/\" class=\"elementor-button-link elementor-button elementor-size-sm\" role=\"button\">\n\t\t\t\t\t\t<span class=\"elementor-button-content-wrapper\">\n\t\t\t\t\t\t<span class=\"elementor-button-text\">Contactez nous<\/span>\n\t\t<\/span>\n\t\t\t\t\t<\/a>\n\t\t<\/div>\n\t\t\t\t<\/div>\n\t\t\t\t<\/div>\n\t\t\t\t\t<\/div>\n\t\t<\/div>\n\t\t\t\t\t\t\t<\/div>\n\t\t<\/section>\n\t\t\t\t\t\t\t<\/div>\n\t\t","protected":false},"excerpt":{"rendered":"<p>TOUS LES PRODUITS Machines POUR Livres Photo PHOTOFOLD-UNIT\u00c9 DE RAINAGE PAS EN LIGNE Notre unit\u00e9 Photofold \u2013pas en ligne, est un mod\u00e8le de pliage id\u00e9al pour les producteurs de livres photo, en particulier pour les quantit\u00e9s de production moyennes \u00e0 \u00e9lev\u00e9es. Il s\u2019agit d\u2019une unit\u00e9 automatique unique pour le rainage, le pliage et le pressage [&hellip;]<\/p>\n","protected":false},"author":2,"featured_media":0,"parent":0,"menu_order":0,"comment_status":"closed","ping_status":"closed","template":"elementor_header_footer","meta":[],"yoast_head":"<!-- This site is optimized with the Yoast SEO plugin v19.13 - https:\/\/yoast.com\/wordpress\/plugins\/seo\/ -->\n<title>Unit\u00e9 Simple Photofold Automatique pour Livres Photo | Samed innovazioni<\/title>\n<meta name=\"description\" content=\"Unit\u00e9 automatique unique pour le rainage, le pliage et le pressage de photos pour la cr\u00e9ation de livres photo de haute qualit\u00e9.\" \/>\n<meta name=\"robots\" content=\"index, follow, max-snippet:-1, max-image-preview:large, max-video-preview:-1\" \/>\n<link rel=\"canonical\" href=\"https:\/\/www.samedinnovazioni.it\/fr\/photofold-singola\/\" \/>\n<meta property=\"og:locale\" content=\"fr_FR\" \/>\n<meta property=\"og:type\" content=\"article\" \/>\n<meta property=\"og:title\" content=\"Unit\u00e9 Simple Photofold Automatique pour Livres Photo | Samed innovazioni\" \/>\n<meta property=\"og:description\" content=\"Unit\u00e9 automatique unique pour le rainage, le pliage et le pressage de photos pour la cr\u00e9ation de livres photo de haute qualit\u00e9.\" \/>\n<meta property=\"og:url\" content=\"https:\/\/www.samedinnovazioni.it\/fr\/photofold-singola\/\" \/>\n<meta property=\"og:site_name\" content=\"Samed innovazioni\" \/>\n<meta property=\"article:modified_time\" content=\"2021-11-22T12:37:43+00:00\" \/>\n<meta property=\"og:image\" content=\"https:\/\/www.samedinnovazioni.it\/wp-content\/uploads\/2021\/04\/photofold-singola-1024x845-1-768x634.jpg\" \/>\n<meta name=\"twitter:card\" content=\"summary_large_image\" \/>\n<meta name=\"twitter:label1\" content=\"Dur\u00e9e de lecture estim\u00e9e\" \/>\n\t<meta name=\"twitter:data1\" content=\"2 minutes\" \/>\n<script type=\"application\/ld+json\" class=\"yoast-schema-graph\">{\"@context\":\"https:\/\/schema.org\",\"@graph\":[{\"@type\":\"WebPage\",\"@id\":\"https:\/\/www.samedinnovazioni.it\/fr\/photofold-singola\/\",\"url\":\"https:\/\/www.samedinnovazioni.it\/fr\/photofold-singola\/\",\"name\":\"Unit\u00e9 Simple Photofold Automatique pour Livres Photo | Samed innovazioni\",\"isPartOf\":{\"@id\":\"https:\/\/www.samedinnovazioni.it\/#website\"},\"datePublished\":\"2021-04-12T09:51:57+00:00\",\"dateModified\":\"2021-11-22T12:37:43+00:00\",\"description\":\"Unit\u00e9 automatique unique pour le rainage, le pliage et le pressage de photos pour la cr\u00e9ation de livres photo de haute qualit\u00e9.\",\"breadcrumb\":{\"@id\":\"https:\/\/www.samedinnovazioni.it\/fr\/photofold-singola\/#breadcrumb\"},\"inLanguage\":\"fr-FR\",\"potentialAction\":[{\"@type\":\"ReadAction\",\"target\":[\"https:\/\/www.samedinnovazioni.it\/fr\/photofold-singola\/\"]}]},{\"@type\":\"BreadcrumbList\",\"@id\":\"https:\/\/www.samedinnovazioni.it\/fr\/photofold-singola\/#breadcrumb\",\"itemListElement\":[{\"@type\":\"ListItem\",\"position\":1,\"name\":\"Home\",\"item\":\"https:\/\/www.samedinnovazioni.it\/fr\/\"},{\"@type\":\"ListItem\",\"position\":2,\"name\":\"Unit\u00e9 Simple Photofold\"}]},{\"@type\":\"WebSite\",\"@id\":\"https:\/\/www.samedinnovazioni.it\/#website\",\"url\":\"https:\/\/www.samedinnovazioni.it\/\",\"name\":\"Samed innovazioni\",\"description\":\"Copertinatrici, Macchine per cartotecnica, legatoria e fotolibro\",\"publisher\":{\"@id\":\"https:\/\/www.samedinnovazioni.it\/#organization\"},\"potentialAction\":[{\"@type\":\"SearchAction\",\"target\":{\"@type\":\"EntryPoint\",\"urlTemplate\":\"https:\/\/www.samedinnovazioni.it\/?s={search_term_string}\"},\"query-input\":\"required name=search_term_string\"}],\"inLanguage\":\"fr-FR\"},{\"@type\":\"Organization\",\"@id\":\"https:\/\/www.samedinnovazioni.it\/#organization\",\"name\":\"Samed Innovazioni\",\"url\":\"https:\/\/www.samedinnovazioni.it\/\",\"logo\":{\"@type\":\"ImageObject\",\"inLanguage\":\"fr-FR\",\"@id\":\"https:\/\/www.samedinnovazioni.it\/#\/schema\/logo\/image\/\",\"url\":\"https:\/\/www.samedinnovazioni.it\/wp-content\/uploads\/2021\/05\/samed-innovazioni.png\",\"contentUrl\":\"https:\/\/www.samedinnovazioni.it\/wp-content\/uploads\/2021\/05\/samed-innovazioni.png\",\"width\":282,\"height\":67,\"caption\":\"Samed Innovazioni\"},\"image\":{\"@id\":\"https:\/\/www.samedinnovazioni.it\/#\/schema\/logo\/image\/\"}}]}<\/script>\n<!-- \/ Yoast SEO plugin. -->","yoast_head_json":{"title":"Unit\u00e9 Simple Photofold Automatique pour Livres Photo | Samed innovazioni","description":"Unit\u00e9 automatique unique pour le rainage, le pliage et le pressage de photos pour la cr\u00e9ation de livres photo de haute qualit\u00e9.","robots":{"index":"index","follow":"follow","max-snippet":"max-snippet:-1","max-image-preview":"max-image-preview:large","max-video-preview":"max-video-preview:-1"},"canonical":"https:\/\/www.samedinnovazioni.it\/fr\/photofold-singola\/","og_locale":"fr_FR","og_type":"article","og_title":"Unit\u00e9 Simple Photofold Automatique pour Livres Photo | Samed innovazioni","og_description":"Unit\u00e9 automatique unique pour le rainage, le pliage et le pressage de photos pour la cr\u00e9ation de livres photo de haute qualit\u00e9.","og_url":"https:\/\/www.samedinnovazioni.it\/fr\/photofold-singola\/","og_site_name":"Samed innovazioni","article_modified_time":"2021-11-22T12:37:43+00:00","og_image":[{"url":"https:\/\/www.samedinnovazioni.it\/wp-content\/uploads\/2021\/04\/photofold-singola-1024x845-1-768x634.jpg"}],"twitter_card":"summary_large_image","twitter_misc":{"Dur\u00e9e de lecture estim\u00e9e":"2 minutes"},"schema":{"@context":"https:\/\/schema.org","@graph":[{"@type":"WebPage","@id":"https:\/\/www.samedinnovazioni.it\/fr\/photofold-singola\/","url":"https:\/\/www.samedinnovazioni.it\/fr\/photofold-singola\/","name":"Unit\u00e9 Simple Photofold Automatique pour Livres Photo | Samed innovazioni","isPartOf":{"@id":"https:\/\/www.samedinnovazioni.it\/#website"},"datePublished":"2021-04-12T09:51:57+00:00","dateModified":"2021-11-22T12:37:43+00:00","description":"Unit\u00e9 automatique unique pour le rainage, le pliage et le pressage de photos pour la cr\u00e9ation de livres photo de haute qualit\u00e9.","breadcrumb":{"@id":"https:\/\/www.samedinnovazioni.it\/fr\/photofold-singola\/#breadcrumb"},"inLanguage":"fr-FR","potentialAction":[{"@type":"ReadAction","target":["https:\/\/www.samedinnovazioni.it\/fr\/photofold-singola\/"]}]},{"@type":"BreadcrumbList","@id":"https:\/\/www.samedinnovazioni.it\/fr\/photofold-singola\/#breadcrumb","itemListElement":[{"@type":"ListItem","position":1,"name":"Home","item":"https:\/\/www.samedinnovazioni.it\/fr\/"},{"@type":"ListItem","position":2,"name":"Unit\u00e9 Simple Photofold"}]},{"@type":"WebSite","@id":"https:\/\/www.samedinnovazioni.it\/#website","url":"https:\/\/www.samedinnovazioni.it\/","name":"Samed innovazioni","description":"Copertinatrici, Macchine per cartotecnica, legatoria e fotolibro","publisher":{"@id":"https:\/\/www.samedinnovazioni.it\/#organization"},"potentialAction":[{"@type":"SearchAction","target":{"@type":"EntryPoint","urlTemplate":"https:\/\/www.samedinnovazioni.it\/?s={search_term_string}"},"query-input":"required name=search_term_string"}],"inLanguage":"fr-FR"},{"@type":"Organization","@id":"https:\/\/www.samedinnovazioni.it\/#organization","name":"Samed Innovazioni","url":"https:\/\/www.samedinnovazioni.it\/","logo":{"@type":"ImageObject","inLanguage":"fr-FR","@id":"https:\/\/www.samedinnovazioni.it\/#\/schema\/logo\/image\/","url":"https:\/\/www.samedinnovazioni.it\/wp-content\/uploads\/2021\/05\/samed-innovazioni.png","contentUrl":"https:\/\/www.samedinnovazioni.it\/wp-content\/uploads\/2021\/05\/samed-innovazioni.png","width":282,"height":67,"caption":"Samed Innovazioni"},"image":{"@id":"https:\/\/www.samedinnovazioni.it\/#\/schema\/logo\/image\/"}}]}},"_links":{"self":[{"href":"https:\/\/www.samedinnovazioni.it\/fr\/wp-json\/wp\/v2\/pages\/3584"}],"collection":[{"href":"https:\/\/www.samedinnovazioni.it\/fr\/wp-json\/wp\/v2\/pages"}],"about":[{"href":"https:\/\/www.samedinnovazioni.it\/fr\/wp-json\/wp\/v2\/types\/page"}],"author":[{"embeddable":true,"href":"https:\/\/www.samedinnovazioni.it\/fr\/wp-json\/wp\/v2\/users\/2"}],"replies":[{"embeddable":true,"href":"https:\/\/www.samedinnovazioni.it\/fr\/wp-json\/wp\/v2\/comments?post=3584"}],"version-history":[{"count":44,"href":"https:\/\/www.samedinnovazioni.it\/fr\/wp-json\/wp\/v2\/pages\/3584\/revisions"}],"predecessor-version":[{"id":6423,"href":"https:\/\/www.samedinnovazioni.it\/fr\/wp-json\/wp\/v2\/pages\/3584\/revisions\/6423"}],"wp:attachment":[{"href":"https:\/\/www.samedinnovazioni.it\/fr\/wp-json\/wp\/v2\/media?parent=3584"}],"curies":[{"name":"wp","href":"https:\/\/api.w.org\/{rel}","templated":true}]}}