{"id":3493,"date":"2021-04-12T11:33:12","date_gmt":"2021-04-12T09:33:12","guid":{"rendered":"https:\/\/www.samedinnovazioni.it\/photofast-hm-light\/"},"modified":"2021-11-22T13:20:39","modified_gmt":"2021-11-22T12:20:39","slug":"photofast-hm-light","status":"publish","type":"page","link":"https:\/\/www.samedinnovazioni.it\/fr\/photofast-hm-light\/","title":{"rendered":"Photofast Hot Melt Light"},"content":{"rendered":"\t\t<div data-elementor-type=\"wp-page\" data-elementor-id=\"3493\" class=\"elementor elementor-3493 elementor-2596\">\n\t\t\t\t\t\t\t\t\t<section class=\"elementor-section elementor-top-section elementor-element elementor-element-91ff0f4 elementor-section-height-min-height elementor-section-boxed elementor-section-height-default elementor-section-items-middle\" data-id=\"91ff0f4\" data-element_type=\"section\" data-settings=\"{&quot;background_background&quot;:&quot;classic&quot;,&quot;shape_divider_bottom&quot;:&quot;tilt&quot;}\">\n\t\t\t\t\t<div class=\"elementor-shape elementor-shape-bottom\" data-negative=\"false\">\n\t\t\t<svg xmlns=\"http:\/\/www.w3.org\/2000\/svg\" viewBox=\"0 0 1000 100\" preserveAspectRatio=\"none\">\n\t<path class=\"elementor-shape-fill\" d=\"M0,6V0h1000v100L0,6z\"\/>\n<\/svg>\t\t<\/div>\n\t\t\t\t\t<div class=\"elementor-container elementor-column-gap-default\">\n\t\t\t\t\t<div class=\"elementor-column elementor-col-100 elementor-top-column elementor-element elementor-element-59dd9b7\" data-id=\"59dd9b7\" data-element_type=\"column\">\n\t\t\t<div class=\"elementor-widget-wrap elementor-element-populated\">\n\t\t\t\t\t\t\t\t<div class=\"elementor-element elementor-element-71648d2 elementor-icon-list--layout-inline elementor-list-item-link-full_width elementor-widget elementor-widget-icon-list\" data-id=\"71648d2\" data-element_type=\"widget\" data-widget_type=\"icon-list.default\">\n\t\t\t\t<div class=\"elementor-widget-container\">\n\t\t\t\t\t<ul class=\"elementor-icon-list-items elementor-inline-items\">\n\t\t\t\t\t\t\t<li class=\"elementor-icon-list-item elementor-inline-item\">\n\t\t\t\t\t\t\t\t\t\t\t<a href=\"https:\/\/www.samedinnovazioni.it\/fr\/produits\/\">\n\n\t\t\t\t\t\t\t\t\t\t\t<span class=\"elementor-icon-list-text\">TOUS LES PRODUITS<\/span>\n\t\t\t\t\t\t\t\t\t\t\t<\/a>\n\t\t\t\t\t\t\t\t\t<\/li>\n\t\t\t\t\t\t\t\t<li class=\"elementor-icon-list-item elementor-inline-item\">\n\t\t\t\t\t\t\t\t\t\t\t<a href=\"https:\/\/www.samedinnovazioni.it\/fr\/produits\/collage-rainage-pliage-boitier-presse-pour-livre-photo\/\">\n\n\t\t\t\t\t\t\t\t\t\t\t\t<span class=\"elementor-icon-list-icon\">\n\t\t\t\t\t\t\t<i aria-hidden=\"true\" class=\"fas fa-angle-double-right\"><\/i>\t\t\t\t\t\t<\/span>\n\t\t\t\t\t\t\t\t\t\t<span class=\"elementor-icon-list-text\">Machines POUR Livres Photo<\/span>\n\t\t\t\t\t\t\t\t\t\t\t<\/a>\n\t\t\t\t\t\t\t\t\t<\/li>\n\t\t\t\t\t\t<\/ul>\n\t\t\t\t<\/div>\n\t\t\t\t<\/div>\n\t\t\t\t<div class=\"elementor-element elementor-element-407e338 elementor-widget elementor-widget-heading\" data-id=\"407e338\" data-element_type=\"widget\" data-widget_type=\"heading.default\">\n\t\t\t\t<div class=\"elementor-widget-container\">\n\t\t\t<h2 class=\"elementor-heading-title elementor-size-default\"><!--Encolleuse Semi-automatique --><\/h2>\t\t<\/div>\n\t\t\t\t<\/div>\n\t\t\t\t\t<\/div>\n\t\t<\/div>\n\t\t\t\t\t\t\t<\/div>\n\t\t<\/section>\n\t\t\t\t<section class=\"elementor-section elementor-top-section elementor-element elementor-element-8ecdd21 elementor-section-boxed elementor-section-height-default elementor-section-height-default\" data-id=\"8ecdd21\" data-element_type=\"section\">\n\t\t\t\t\t\t<div class=\"elementor-container elementor-column-gap-default\">\n\t\t\t\t\t<div class=\"elementor-column elementor-col-50 elementor-top-column elementor-element elementor-element-2e0fa4b\" data-id=\"2e0fa4b\" data-element_type=\"column\">\n\t\t\t<div class=\"elementor-widget-wrap elementor-element-populated\">\n\t\t\t\t\t\t\t\t<div class=\"elementor-element elementor-element-f1da0b4 elementor-widget elementor-widget-text-editor\" data-id=\"f1da0b4\" data-element_type=\"widget\" data-widget_type=\"text-editor.default\">\n\t\t\t\t<div class=\"elementor-widget-container\">\n\t\t\t\t\t\t\t<p><strong>Lumi\u00e8re semi-automatique Photofast.<\/strong><\/p><p>Face \u00e0 la forte demande de nos clients et \u00e0 la volont\u00e9 de cr\u00e9er une machine permettant une <strong>r\u00e9duction significative des co\u00fbts de production des livres photo<\/strong>, notre nouveau PHOTOFAST LIGHT semi-automatique voit le jour.<\/p><p>Il s&rsquo;agit d&rsquo;une <strong>encolleuse pour blocs photographiques<\/strong> constitu\u00e9s de photos pr\u00e9-froiss\u00e9es et de carton interm\u00e9diaire.<\/p><p>Une <strong>nouvelle machine, couverte par un brevet propri\u00e9taire<\/strong>, qui ne n\u00e9cessite pas l&rsquo;utilisation de carton pr\u00e9-adh\u00e9sif et permet aux entreprises d&rsquo;\u00e9conomiser significativement sur le carton.<\/p><p>La machine, <strong>de taille compacte et rapide dans les temps de production<\/strong>, pr\u00e9voit <strong>l&rsquo;intervention manuelle d&rsquo;un op\u00e9rateur<\/strong> pour alimenter les photos et les cartes dans les guides appropri\u00e9s, permet d&rsquo;intervenir rapidement en cas d&rsquo;anomalie sans avoir \u00e0 retirer de pi\u00e8ces m\u00e9caniques et peut \u00e9galement \u00eatre g\u00e9r\u00e9e par une station assise devant la machine.<\/p><p>Les photos et les cartes descendent par gravit\u00e9 et rencontrent un rouleau qui applique de la colle HOT MELT et enfin une presse compl\u00e8te le bloc.<\/p><p>Le bloc fini n\u00e9cessite une l\u00e9g\u00e8re pression pendant une dur\u00e9e maximale de 5 min. en fonction du nombre de photos.<\/p><p><strong>Il est id\u00e9al pour tous ceux qui ont un besoin de production \u00e0 partir de 5 \u00e0 6 livres photo par jour<\/strong>.<\/p><p>L&rsquo;utilisation de la machine<strong> ne n\u00e9cessite pas de personnel hautement sp\u00e9cialis\u00e9<\/strong> car elle est tr\u00e8s simple.<\/p>\t\t\t\t\t\t<\/div>\n\t\t\t\t<\/div>\n\t\t\t\t<div class=\"elementor-element elementor-element-84607c8 elementor-widget elementor-widget-heading\" data-id=\"84607c8\" data-element_type=\"widget\" data-widget_type=\"heading.default\">\n\t\t\t\t<div class=\"elementor-widget-container\">\n\t\t\t<h3 class=\"elementor-heading-title elementor-size-default\">Pourquoi le Choisir<\/h3>\t\t<\/div>\n\t\t\t\t<\/div>\n\t\t\t\t<div class=\"elementor-element elementor-element-93fa39a elementor-widget elementor-widget-text-editor\" data-id=\"93fa39a\" data-element_type=\"widget\" data-widget_type=\"text-editor.default\">\n\t\t\t\t<div class=\"elementor-widget-container\">\n\t\t\t\t\t\t\t<ul><li>machine <strong>facile \u00e0 utiliser, intuitive et ne n\u00e9cessite pas de personnel sp\u00e9cialis\u00e9<\/strong>.<\/li><li>en cas d&rsquo;anomalies, il permet \u00e0 l&rsquo;op\u00e9rateur d&rsquo;intervenir rapidement et sans avoir besoin de d\u00e9monter des pi\u00e8ces m\u00e9caniques.<\/li><li><strong>panneau de commande simple et intuitif<\/strong> avec la possibilit\u00e9 de r\u00e9gler des cycles sp\u00e9ciaux.<\/li><li>il ne n\u00e9cessite pas de formation initiale par l&rsquo;un de nos techniciens (les informations ci-jointes sont suffisantes pour son utilisation).<\/li><li>compact: il n&rsquo;occupe que 1,4 m\u00e8tre carr\u00e9.<\/li><li>syst\u00e8me de collage \u00e0 un rouleau de notre conception avec chauffage \u00e9lectrique de la colle.<\/li><li>possibilit\u00e9 de cr\u00e9er des blocs de plus de 100 photos.<\/li><li>possibilit\u00e9 d&rsquo;ex\u00e9cuter plusieurs blocs \u00e0 la fois sans avoir \u00e0 supprimer les livres un par un<\/li><li><strong>changement de format effectu\u00e9 en tr\u00e8s peu de temps<\/strong> (moins de 2 minutes)<\/li><li>Colle HENKE Hot Melt largement test\u00e9e et recommand\u00e9e (co\u00fbt environ 6,50 \u20ac \/ Kg)<\/li><li>la quantit\u00e9 de colle n\u00e9cessaire par m\u00e8tre carr\u00e9 est d&rsquo;environ 30 g (pour faire un livre compos\u00e9 de 25 photos et 25 cartons au format 30 x 40 cm (ferm\u00e9), 180g de colle sont n\u00e9cessaires et 5,5 livres peuvent \u00eatre r\u00e9alis\u00e9s).<\/li><li>chaque livre est produit en un temps de 3,5 min.<\/li><li><strong>id\u00e9al pour ceux qui ont une production minimale de 5 \u00e0 6 livres par jour<\/strong>.<\/li><\/ul>\t\t\t\t\t\t<\/div>\n\t\t\t\t<\/div>\n\t\t\t\t<div class=\"elementor-element elementor-element-8551dfc elementor-widget elementor-widget-heading\" data-id=\"8551dfc\" data-element_type=\"widget\" data-widget_type=\"heading.default\">\n\t\t\t\t<div class=\"elementor-widget-container\">\n\t\t\t<h3 class=\"elementor-heading-title elementor-size-default\">Caract\u00e9ristiques Techniques<\/h3>\t\t<\/div>\n\t\t\t\t<\/div>\n\t\t\t\t<div class=\"elementor-element elementor-element-0792344 elementor-widget elementor-widget-text-editor\" data-id=\"0792344\" data-element_type=\"widget\" data-widget_type=\"text-editor.default\">\n\t\t\t\t<div class=\"elementor-widget-container\">\n\t\t\t\t\t\t\t<ul><li>format maximum: 480&#215;800 (photo ouverte).<\/li><li>taille minimale: 150&#215;300 (photo ouverte).<\/li><li>poids de la photo: 250 g\/350 g\/m2.<\/li><li>\u00e9paisseur du carton: 250\/350 g\/ m2 (possibilit\u00e9 de mettre plus de carton entre les photos et les photos).<\/li><li>possibilit\u00e9 d&rsquo;alimentation \u00e9galement avec des supports de 1,5 mm en PVC.<\/li><li>possibilit\u00e9 de confectionner des produits coll\u00e9s dos \u00e0 dos, automatiquement s\u00e9par\u00e9s et d\u00e9montables par lots de diff\u00e9rentes quantit\u00e9s.<\/li><li>vitesse: 15-20\/min. selon l&rsquo;op\u00e9rateur.<\/li><li>alimentation: 380 V 3ph + N + T.<\/li><li>puissance: 4,5 KW 16 A.<\/li><li>pression d&rsquo;air: 6 Bar 200 litres\/h.<\/li><li>Capacit\u00e9 du r\u00e9servoir de colle: 3,5 kg facilement rechargeable par l&rsquo;op\u00e9rateur avec signal de niveau min\/max.<\/li><li>type de colle recommand\u00e9: thermofusible.<\/li><li>temp\u00e9rature de fonctionnement: 125 degr\u00e9s.<\/li><li>dimensions: 1,2 x 1,2 m2, hauteur 1,4 m (optimis\u00e9 pour les petits ateliers).<\/li><li>poids: 300kg.<\/li><li>poste de conduite: assis ou debout.<\/li><\/ul>\t\t\t\t\t\t<\/div>\n\t\t\t\t<\/div>\n\t\t\t\t\t<\/div>\n\t\t<\/div>\n\t\t\t\t<div class=\"elementor-column elementor-col-50 elementor-top-column elementor-element elementor-element-8b4b700\" data-id=\"8b4b700\" data-element_type=\"column\" data-settings=\"{&quot;motion_fx_motion_fx_scrolling&quot;:&quot;yes&quot;,&quot;motion_fx_translateY_effect&quot;:&quot;yes&quot;,&quot;motion_fx_translateY_direction&quot;:&quot;negative&quot;,&quot;motion_fx_translateY_speed&quot;:{&quot;unit&quot;:&quot;px&quot;,&quot;size&quot;:7.4000000000000003552713678800500929355621337890625,&quot;sizes&quot;:[]},&quot;motion_fx_translateY_affectedRange&quot;:{&quot;unit&quot;:&quot;%&quot;,&quot;size&quot;:&quot;&quot;,&quot;sizes&quot;:{&quot;start&quot;:45,&quot;end&quot;:100}},&quot;motion_fx_devices&quot;:[&quot;desktop&quot;]}\">\n\t\t\t<div class=\"elementor-widget-wrap elementor-element-populated\">\n\t\t\t\t\t\t\t\t<div class=\"elementor-element elementor-element-28da140 elementor-widget elementor-widget-image\" data-id=\"28da140\" data-element_type=\"widget\" data-widget_type=\"image.default\">\n\t\t\t\t<div class=\"elementor-widget-container\">\n\t\t\t\t\t\t\t\t\t\t\t\t\t\t\t<img width=\"768\" height=\"768\" src=\"https:\/\/www.samedinnovazioni.it\/wp-content\/uploads\/2021\/04\/photofast-hot-melt-light-1024x1024-1-768x768.jpg\" class=\"attachment-medium_large size-medium_large wp-image-2600\" alt=\"\" srcset=\"https:\/\/www.samedinnovazioni.it\/wp-content\/uploads\/2021\/04\/photofast-hot-melt-light-1024x1024-1-768x768.jpg 768w, https:\/\/www.samedinnovazioni.it\/wp-content\/uploads\/2021\/04\/photofast-hot-melt-light-1024x1024-1-700x700.jpg 700w, https:\/\/www.samedinnovazioni.it\/wp-content\/uploads\/2021\/04\/photofast-hot-melt-light-1024x1024-1-150x150.jpg 150w, https:\/\/www.samedinnovazioni.it\/wp-content\/uploads\/2021\/04\/photofast-hot-melt-light-1024x1024-1.jpg 1024w\" sizes=\"(max-width: 768px) 100vw, 768px\" \/>\t\t\t\t\t\t\t\t\t\t\t\t\t\t\t<\/div>\n\t\t\t\t<\/div>\n\t\t\t\t\t<\/div>\n\t\t<\/div>\n\t\t\t\t\t\t\t<\/div>\n\t\t<\/section>\n\t\t\t\t<section class=\"elementor-section elementor-top-section elementor-element elementor-element-18fa5b0 elementor-section-boxed elementor-section-height-default elementor-section-height-default\" data-id=\"18fa5b0\" data-element_type=\"section\">\n\t\t\t\t\t\t<div class=\"elementor-container elementor-column-gap-default\">\n\t\t\t\t\t<div class=\"elementor-column elementor-col-100 elementor-top-column elementor-element elementor-element-b31a980\" data-id=\"b31a980\" data-element_type=\"column\">\n\t\t\t<div class=\"elementor-widget-wrap elementor-element-populated\">\n\t\t\t\t\t\t\t\t<div class=\"elementor-element elementor-element-1cde9c6 elementor-widget elementor-widget-video\" data-id=\"1cde9c6\" data-element_type=\"widget\" data-settings=\"{&quot;youtube_url&quot;:&quot;https:\\\/\\\/youtu.be\\\/SX4Dem_B3-U&quot;,&quot;lazy_load&quot;:&quot;yes&quot;,&quot;video_type&quot;:&quot;youtube&quot;}\" data-widget_type=\"video.default\">\n\t\t\t\t<div class=\"elementor-widget-container\">\n\t\t\t\t\t<div class=\"elementor-wrapper elementor-open-inline\">\n\t\t\t<div class=\"elementor-video\"><\/div>\t\t<\/div>\n\t\t\t\t<\/div>\n\t\t\t\t<\/div>\n\t\t\t\t\t<\/div>\n\t\t<\/div>\n\t\t\t\t\t\t\t<\/div>\n\t\t<\/section>\n\t\t\t\t<section class=\"elementor-section elementor-top-section elementor-element elementor-element-93f6eba elementor-section-boxed elementor-section-height-default elementor-section-height-default\" data-id=\"93f6eba\" data-element_type=\"section\" data-settings=\"{&quot;background_background&quot;:&quot;classic&quot;}\">\n\t\t\t\t\t\t<div class=\"elementor-container elementor-column-gap-default\">\n\t\t\t\t\t<div class=\"elementor-column elementor-col-100 elementor-top-column elementor-element elementor-element-43cc002\" data-id=\"43cc002\" data-element_type=\"column\">\n\t\t\t<div class=\"elementor-widget-wrap elementor-element-populated\">\n\t\t\t\t\t\t\t\t<div class=\"elementor-element elementor-element-72d4454 elementor-widget elementor-widget-heading\" data-id=\"72d4454\" data-element_type=\"widget\" data-widget_type=\"heading.default\">\n\t\t\t\t<div class=\"elementor-widget-container\">\n\t\t\t<h3 class=\"elementor-heading-title elementor-size-default\">Souhaitez-vous plus d'informations sur ce produit?<\/h3>\t\t<\/div>\n\t\t\t\t<\/div>\n\t\t\t\t<div class=\"elementor-element elementor-element-ac224b3 elementor-align-center elementor-widget elementor-widget-button\" data-id=\"ac224b3\" data-element_type=\"widget\" data-widget_type=\"button.default\">\n\t\t\t\t<div class=\"elementor-widget-container\">\n\t\t\t\t\t<div class=\"elementor-button-wrapper\">\n\t\t\t<a href=\"https:\/\/www.samedinnovazioni.it\/fr\/contactez-nous\/\" class=\"elementor-button-link elementor-button elementor-size-sm\" role=\"button\">\n\t\t\t\t\t\t<span class=\"elementor-button-content-wrapper\">\n\t\t\t\t\t\t<span class=\"elementor-button-text\">Contactez nous<\/span>\n\t\t<\/span>\n\t\t\t\t\t<\/a>\n\t\t<\/div>\n\t\t\t\t<\/div>\n\t\t\t\t<\/div>\n\t\t\t\t\t<\/div>\n\t\t<\/div>\n\t\t\t\t\t\t\t<\/div>\n\t\t<\/section>\n\t\t\t\t\t\t\t<\/div>\n\t\t","protected":false},"excerpt":{"rendered":"<p>TOUS LES PRODUITS Machines POUR Livres Photo Lumi\u00e8re semi-automatique Photofast. Face \u00e0 la forte demande de nos clients et \u00e0 la volont\u00e9 de cr\u00e9er une machine permettant une r\u00e9duction significative des co\u00fbts de production des livres photo, notre nouveau PHOTOFAST LIGHT semi-automatique voit le jour. Il s&rsquo;agit d&rsquo;une encolleuse pour blocs photographiques constitu\u00e9s de photos [&hellip;]<\/p>\n","protected":false},"author":2,"featured_media":0,"parent":0,"menu_order":0,"comment_status":"closed","ping_status":"closed","template":"elementor_header_footer","meta":[],"yoast_head":"<!-- This site is optimized with the Yoast SEO plugin v19.13 - https:\/\/yoast.com\/wordpress\/plugins\/seo\/ -->\n<title>Photofast Hot Melt Light - Encolleuse semi-automatique | Samed innovazioni<\/title>\n<meta name=\"description\" content=\"Encolleuse semi-automatique pour livres photo. Compact et rapide dans les temps de production, il permet une r\u00e9duction des co\u00fbts.\" \/>\n<meta name=\"robots\" content=\"index, follow, max-snippet:-1, max-image-preview:large, max-video-preview:-1\" \/>\n<link rel=\"canonical\" href=\"https:\/\/www.samedinnovazioni.it\/fr\/photofast-hm-light\/\" \/>\n<meta property=\"og:locale\" content=\"fr_FR\" \/>\n<meta property=\"og:type\" content=\"article\" \/>\n<meta property=\"og:title\" content=\"Photofast Hot Melt Light - Encolleuse semi-automatique | Samed innovazioni\" \/>\n<meta property=\"og:description\" content=\"Encolleuse semi-automatique pour livres photo. Compact et rapide dans les temps de production, il permet une r\u00e9duction des co\u00fbts.\" \/>\n<meta property=\"og:url\" content=\"https:\/\/www.samedinnovazioni.it\/fr\/photofast-hm-light\/\" \/>\n<meta property=\"og:site_name\" content=\"Samed innovazioni\" \/>\n<meta property=\"article:modified_time\" content=\"2021-11-22T12:20:39+00:00\" \/>\n<meta property=\"og:image\" content=\"https:\/\/www.samedinnovazioni.it\/wp-content\/uploads\/2021\/04\/photofast-hot-melt-light-1024x1024-1-768x768.jpg\" \/>\n<meta name=\"twitter:card\" content=\"summary_large_image\" \/>\n<meta name=\"twitter:label1\" content=\"Dur\u00e9e de lecture estim\u00e9e\" \/>\n\t<meta name=\"twitter:data1\" content=\"3 minutes\" \/>\n<script type=\"application\/ld+json\" class=\"yoast-schema-graph\">{\"@context\":\"https:\/\/schema.org\",\"@graph\":[{\"@type\":\"WebPage\",\"@id\":\"https:\/\/www.samedinnovazioni.it\/fr\/photofast-hm-light\/\",\"url\":\"https:\/\/www.samedinnovazioni.it\/fr\/photofast-hm-light\/\",\"name\":\"Photofast Hot Melt Light - Encolleuse semi-automatique | Samed innovazioni\",\"isPartOf\":{\"@id\":\"https:\/\/www.samedinnovazioni.it\/#website\"},\"datePublished\":\"2021-04-12T09:33:12+00:00\",\"dateModified\":\"2021-11-22T12:20:39+00:00\",\"description\":\"Encolleuse semi-automatique pour livres photo. Compact et rapide dans les temps de production, il permet une r\u00e9duction des co\u00fbts.\",\"breadcrumb\":{\"@id\":\"https:\/\/www.samedinnovazioni.it\/fr\/photofast-hm-light\/#breadcrumb\"},\"inLanguage\":\"fr-FR\",\"potentialAction\":[{\"@type\":\"ReadAction\",\"target\":[\"https:\/\/www.samedinnovazioni.it\/fr\/photofast-hm-light\/\"]}]},{\"@type\":\"BreadcrumbList\",\"@id\":\"https:\/\/www.samedinnovazioni.it\/fr\/photofast-hm-light\/#breadcrumb\",\"itemListElement\":[{\"@type\":\"ListItem\",\"position\":1,\"name\":\"Home\",\"item\":\"https:\/\/www.samedinnovazioni.it\/fr\/\"},{\"@type\":\"ListItem\",\"position\":2,\"name\":\"Photofast Hot Melt Light\"}]},{\"@type\":\"WebSite\",\"@id\":\"https:\/\/www.samedinnovazioni.it\/#website\",\"url\":\"https:\/\/www.samedinnovazioni.it\/\",\"name\":\"Samed innovazioni\",\"description\":\"Copertinatrici, Macchine per cartotecnica, legatoria e fotolibro\",\"publisher\":{\"@id\":\"https:\/\/www.samedinnovazioni.it\/#organization\"},\"potentialAction\":[{\"@type\":\"SearchAction\",\"target\":{\"@type\":\"EntryPoint\",\"urlTemplate\":\"https:\/\/www.samedinnovazioni.it\/?s={search_term_string}\"},\"query-input\":\"required name=search_term_string\"}],\"inLanguage\":\"fr-FR\"},{\"@type\":\"Organization\",\"@id\":\"https:\/\/www.samedinnovazioni.it\/#organization\",\"name\":\"Samed Innovazioni\",\"url\":\"https:\/\/www.samedinnovazioni.it\/\",\"logo\":{\"@type\":\"ImageObject\",\"inLanguage\":\"fr-FR\",\"@id\":\"https:\/\/www.samedinnovazioni.it\/#\/schema\/logo\/image\/\",\"url\":\"https:\/\/www.samedinnovazioni.it\/wp-content\/uploads\/2021\/05\/samed-innovazioni.png\",\"contentUrl\":\"https:\/\/www.samedinnovazioni.it\/wp-content\/uploads\/2021\/05\/samed-innovazioni.png\",\"width\":282,\"height\":67,\"caption\":\"Samed Innovazioni\"},\"image\":{\"@id\":\"https:\/\/www.samedinnovazioni.it\/#\/schema\/logo\/image\/\"}}]}<\/script>\n<!-- \/ Yoast SEO plugin. -->","yoast_head_json":{"title":"Photofast Hot Melt Light - Encolleuse semi-automatique | Samed innovazioni","description":"Encolleuse semi-automatique pour livres photo. Compact et rapide dans les temps de production, il permet une r\u00e9duction des co\u00fbts.","robots":{"index":"index","follow":"follow","max-snippet":"max-snippet:-1","max-image-preview":"max-image-preview:large","max-video-preview":"max-video-preview:-1"},"canonical":"https:\/\/www.samedinnovazioni.it\/fr\/photofast-hm-light\/","og_locale":"fr_FR","og_type":"article","og_title":"Photofast Hot Melt Light - Encolleuse semi-automatique | Samed innovazioni","og_description":"Encolleuse semi-automatique pour livres photo. Compact et rapide dans les temps de production, il permet une r\u00e9duction des co\u00fbts.","og_url":"https:\/\/www.samedinnovazioni.it\/fr\/photofast-hm-light\/","og_site_name":"Samed innovazioni","article_modified_time":"2021-11-22T12:20:39+00:00","og_image":[{"url":"https:\/\/www.samedinnovazioni.it\/wp-content\/uploads\/2021\/04\/photofast-hot-melt-light-1024x1024-1-768x768.jpg"}],"twitter_card":"summary_large_image","twitter_misc":{"Dur\u00e9e de lecture estim\u00e9e":"3 minutes"},"schema":{"@context":"https:\/\/schema.org","@graph":[{"@type":"WebPage","@id":"https:\/\/www.samedinnovazioni.it\/fr\/photofast-hm-light\/","url":"https:\/\/www.samedinnovazioni.it\/fr\/photofast-hm-light\/","name":"Photofast Hot Melt Light - Encolleuse semi-automatique | Samed innovazioni","isPartOf":{"@id":"https:\/\/www.samedinnovazioni.it\/#website"},"datePublished":"2021-04-12T09:33:12+00:00","dateModified":"2021-11-22T12:20:39+00:00","description":"Encolleuse semi-automatique pour livres photo. Compact et rapide dans les temps de production, il permet une r\u00e9duction des co\u00fbts.","breadcrumb":{"@id":"https:\/\/www.samedinnovazioni.it\/fr\/photofast-hm-light\/#breadcrumb"},"inLanguage":"fr-FR","potentialAction":[{"@type":"ReadAction","target":["https:\/\/www.samedinnovazioni.it\/fr\/photofast-hm-light\/"]}]},{"@type":"BreadcrumbList","@id":"https:\/\/www.samedinnovazioni.it\/fr\/photofast-hm-light\/#breadcrumb","itemListElement":[{"@type":"ListItem","position":1,"name":"Home","item":"https:\/\/www.samedinnovazioni.it\/fr\/"},{"@type":"ListItem","position":2,"name":"Photofast Hot Melt Light"}]},{"@type":"WebSite","@id":"https:\/\/www.samedinnovazioni.it\/#website","url":"https:\/\/www.samedinnovazioni.it\/","name":"Samed innovazioni","description":"Copertinatrici, Macchine per cartotecnica, legatoria e fotolibro","publisher":{"@id":"https:\/\/www.samedinnovazioni.it\/#organization"},"potentialAction":[{"@type":"SearchAction","target":{"@type":"EntryPoint","urlTemplate":"https:\/\/www.samedinnovazioni.it\/?s={search_term_string}"},"query-input":"required name=search_term_string"}],"inLanguage":"fr-FR"},{"@type":"Organization","@id":"https:\/\/www.samedinnovazioni.it\/#organization","name":"Samed Innovazioni","url":"https:\/\/www.samedinnovazioni.it\/","logo":{"@type":"ImageObject","inLanguage":"fr-FR","@id":"https:\/\/www.samedinnovazioni.it\/#\/schema\/logo\/image\/","url":"https:\/\/www.samedinnovazioni.it\/wp-content\/uploads\/2021\/05\/samed-innovazioni.png","contentUrl":"https:\/\/www.samedinnovazioni.it\/wp-content\/uploads\/2021\/05\/samed-innovazioni.png","width":282,"height":67,"caption":"Samed Innovazioni"},"image":{"@id":"https:\/\/www.samedinnovazioni.it\/#\/schema\/logo\/image\/"}}]}},"_links":{"self":[{"href":"https:\/\/www.samedinnovazioni.it\/fr\/wp-json\/wp\/v2\/pages\/3493"}],"collection":[{"href":"https:\/\/www.samedinnovazioni.it\/fr\/wp-json\/wp\/v2\/pages"}],"about":[{"href":"https:\/\/www.samedinnovazioni.it\/fr\/wp-json\/wp\/v2\/types\/page"}],"author":[{"embeddable":true,"href":"https:\/\/www.samedinnovazioni.it\/fr\/wp-json\/wp\/v2\/users\/2"}],"replies":[{"embeddable":true,"href":"https:\/\/www.samedinnovazioni.it\/fr\/wp-json\/wp\/v2\/comments?post=3493"}],"version-history":[{"count":28,"href":"https:\/\/www.samedinnovazioni.it\/fr\/wp-json\/wp\/v2\/pages\/3493\/revisions"}],"predecessor-version":[{"id":6374,"href":"https:\/\/www.samedinnovazioni.it\/fr\/wp-json\/wp\/v2\/pages\/3493\/revisions\/6374"}],"wp:attachment":[{"href":"https:\/\/www.samedinnovazioni.it\/fr\/wp-json\/wp\/v2\/media?parent=3493"}],"curies":[{"name":"wp","href":"https:\/\/api.w.org\/{rel}","templated":true}]}}