{"id":3420,"date":"2021-04-12T11:17:17","date_gmt":"2021-04-12T09:17:17","guid":{"rendered":"https:\/\/www.samedinnovazioni.it\/photofast-cold-glue\/"},"modified":"2021-10-20T14:53:51","modified_gmt":"2021-10-20T12:53:51","slug":"photofast-cold-glue","status":"publish","type":"page","link":"https:\/\/www.samedinnovazioni.it\/fr\/photofast-cold-glue\/","title":{"rendered":"Photofast Cold Glue"},"content":{"rendered":"\t\t<div data-elementor-type=\"wp-page\" data-elementor-id=\"3420\" class=\"elementor elementor-3420 elementor-2551\">\n\t\t\t\t\t\t\t\t\t<section class=\"elementor-section elementor-top-section elementor-element elementor-element-b71901b elementor-section-height-min-height elementor-section-boxed elementor-section-height-default elementor-section-items-middle\" data-id=\"b71901b\" data-element_type=\"section\" data-settings=\"{&quot;background_background&quot;:&quot;classic&quot;,&quot;shape_divider_bottom&quot;:&quot;tilt&quot;}\">\n\t\t\t\t\t<div class=\"elementor-shape elementor-shape-bottom\" data-negative=\"false\">\n\t\t\t<svg xmlns=\"http:\/\/www.w3.org\/2000\/svg\" viewBox=\"0 0 1000 100\" preserveAspectRatio=\"none\">\n\t<path class=\"elementor-shape-fill\" d=\"M0,6V0h1000v100L0,6z\"\/>\n<\/svg>\t\t<\/div>\n\t\t\t\t\t<div class=\"elementor-container elementor-column-gap-default\">\n\t\t\t\t\t<div class=\"elementor-column elementor-col-100 elementor-top-column elementor-element elementor-element-ce81e17\" data-id=\"ce81e17\" data-element_type=\"column\">\n\t\t\t<div class=\"elementor-widget-wrap elementor-element-populated\">\n\t\t\t\t\t\t\t\t<div class=\"elementor-element elementor-element-7a1d290 elementor-icon-list--layout-inline elementor-list-item-link-full_width elementor-widget elementor-widget-icon-list\" data-id=\"7a1d290\" data-element_type=\"widget\" data-widget_type=\"icon-list.default\">\n\t\t\t\t<div class=\"elementor-widget-container\">\n\t\t\t\t\t<ul class=\"elementor-icon-list-items elementor-inline-items\">\n\t\t\t\t\t\t\t<li class=\"elementor-icon-list-item elementor-inline-item\">\n\t\t\t\t\t\t\t\t\t\t\t<a href=\"https:\/\/www.samedinnovazioni.it\/fr\/produits\/\">\n\n\t\t\t\t\t\t\t\t\t\t\t<span class=\"elementor-icon-list-text\">TOUS LES PRODUITS<\/span>\n\t\t\t\t\t\t\t\t\t\t\t<\/a>\n\t\t\t\t\t\t\t\t\t<\/li>\n\t\t\t\t\t\t\t\t<li class=\"elementor-icon-list-item elementor-inline-item\">\n\t\t\t\t\t\t\t\t\t\t\t<a href=\"https:\/\/www.samedinnovazioni.it\/fr\/produits\/collage-rainage-pliage-boitier-presse-pour-livre-photo\/\">\n\n\t\t\t\t\t\t\t\t\t\t\t\t<span class=\"elementor-icon-list-icon\">\n\t\t\t\t\t\t\t<i aria-hidden=\"true\" class=\"fas fa-angle-double-right\"><\/i>\t\t\t\t\t\t<\/span>\n\t\t\t\t\t\t\t\t\t\t<span class=\"elementor-icon-list-text\">Machines POUR Livres Photo<\/span>\n\t\t\t\t\t\t\t\t\t\t\t<\/a>\n\t\t\t\t\t\t\t\t\t<\/li>\n\t\t\t\t\t\t<\/ul>\n\t\t\t\t<\/div>\n\t\t\t\t<\/div>\n\t\t\t\t<div class=\"elementor-element elementor-element-fa20fec elementor-widget elementor-widget-heading\" data-id=\"fa20fec\" data-element_type=\"widget\" data-widget_type=\"heading.default\">\n\t\t\t\t<div class=\"elementor-widget-container\">\n\t\t\t<h2 class=\"elementor-heading-title elementor-size-default\"><!--Encolleuse Automatique --><\/h2>\t\t<\/div>\n\t\t\t\t<\/div>\n\t\t\t\t\t<\/div>\n\t\t<\/div>\n\t\t\t\t\t\t\t<\/div>\n\t\t<\/section>\n\t\t\t\t<section class=\"elementor-section elementor-top-section elementor-element elementor-element-56cd321 elementor-section-boxed elementor-section-height-default elementor-section-height-default\" data-id=\"56cd321\" data-element_type=\"section\">\n\t\t\t\t\t\t<div class=\"elementor-container elementor-column-gap-default\">\n\t\t\t\t\t<div class=\"elementor-column elementor-col-50 elementor-top-column elementor-element elementor-element-bae0d88\" data-id=\"bae0d88\" data-element_type=\"column\">\n\t\t\t<div class=\"elementor-widget-wrap elementor-element-populated\">\n\t\t\t\t\t\t\t\t<div class=\"elementor-element elementor-element-47794c0 elementor-widget elementor-widget-text-editor\" data-id=\"47794c0\" data-element_type=\"widget\" data-widget_type=\"text-editor.default\">\n\t\t\t\t<div class=\"elementor-widget-container\">\n\t\t\t\t\t\t\t<p>Contre colleuse automatiqu<\/p>\n<p>COLLE FROIDE \u2013 livres lay-flat grands formats.<\/p>\n<p><strong>La PHOTOFAST est une machine permettant de contre-coller des photos pli\u00e9es<\/strong> avec insertion de feuille cartonn\u00e9e pour assurer la rigidit\u00e9 des pages.<\/p>\n<p>Le livre ainsi r\u00e9alis\u00e9 peut s\u2019ouvrir \u00e0 180\u00b0 sans perdre la partie de l\u2019image situ\u00e9e au niveau de la reliure.<\/p>\n<p>La PHOTOFAST poss\u00e8de deux margeurs ind\u00e9pendants (l\u2019un pour les pages pli\u00e9es, l\u2019autre pour les cartons), pages et cartons sont encoll\u00e9s et positionn\u00e9s entre eux puis, press\u00e9s.<\/p>\n<p>Machine etudi\u00e9e avec dispositif \u201cSauf-Photo\u201d pour eviter chaque dommage aux photos.<\/p>\n<p>Format Minimum: 200mm H, 150 mm L (Different formats on demand).<\/p>\n<p>FormatMaximum 480 mm H 400 mm L.<\/p>\n<p>Vitesse de production Jusqu\u2019\u00e0 30 cycles\/minute.<\/p>\n<p>Changement du format tres rapide, sans outils ou pieces mechaniques.<\/p>\t\t\t\t\t\t<\/div>\n\t\t\t\t<\/div>\n\t\t\t\t<div class=\"elementor-element elementor-element-1d0401a elementor-widget-divider--view-line elementor-widget elementor-widget-divider\" data-id=\"1d0401a\" data-element_type=\"widget\" data-widget_type=\"divider.default\">\n\t\t\t\t<div class=\"elementor-widget-container\">\n\t\t\t\t\t<div class=\"elementor-divider\">\n\t\t\t<span class=\"elementor-divider-separator\">\n\t\t\t\t\t\t<\/span>\n\t\t<\/div>\n\t\t\t\t<\/div>\n\t\t\t\t<\/div>\n\t\t\t\t<div class=\"elementor-element elementor-element-ab3cfdc elementor-icon-list--layout-traditional elementor-list-item-link-full_width elementor-widget elementor-widget-icon-list\" data-id=\"ab3cfdc\" data-element_type=\"widget\" data-widget_type=\"icon-list.default\">\n\t\t\t\t<div class=\"elementor-widget-container\">\n\t\t\t\t\t<ul class=\"elementor-icon-list-items\">\n\t\t\t\t\t\t\t<li class=\"elementor-icon-list-item\">\n\t\t\t\t\t\t\t\t\t\t\t<a href=\"https:\/\/www.samedinnovazioni.it\/wp-content\/uploads\/2021\/04\/pagina-macchina-PHOTOFAST-COLD-GLUE-1.pdf\">\n\n\t\t\t\t\t\t\t\t\t\t\t\t<span class=\"elementor-icon-list-icon\">\n\t\t\t\t\t\t\t<i aria-hidden=\"true\" class=\"fas fa-file-pdf\"><\/i>\t\t\t\t\t\t<\/span>\n\t\t\t\t\t\t\t\t\t\t<span class=\"elementor-icon-list-text\">Caract\u00e9ristiques<\/span>\n\t\t\t\t\t\t\t\t\t\t\t<\/a>\n\t\t\t\t\t\t\t\t\t<\/li>\n\t\t\t\t\t\t<\/ul>\n\t\t\t\t<\/div>\n\t\t\t\t<\/div>\n\t\t\t\t<div class=\"elementor-element elementor-element-bb09362 elementor-widget elementor-widget-text-editor\" data-id=\"bb09362\" data-element_type=\"widget\" data-widget_type=\"text-editor.default\">\n\t\t\t\t<div class=\"elementor-widget-container\">\n\t\t\t\t\t\t\t<ul><li>Grande <strong>flexibilit\u00e9 d&rsquo;utilisation<\/strong>.<\/li><li>Deux chargeurs s\u00e9par\u00e9s (pour les photos et la carte de support).<\/li><li><strong>Changement de format simple et rapide<\/strong>.<\/li><li>Temps de nettoyage de la machine tr\u00e8s courts.<\/li><li>Changement de format effectu\u00e9 sans utilisation d&rsquo;outils ni remplacement de pi\u00e8ces m\u00e9caniques.<\/li><li>Excellent registre<\/li><li>Ouverture parfaite du bloc totalement plat pour obtenir l&rsquo;effet \u00ab\u00a0pages panoramiques\u00a0\u00bb.<\/li><\/ul>\t\t\t\t\t\t<\/div>\n\t\t\t\t<\/div>\n\t\t\t\t\t<\/div>\n\t\t<\/div>\n\t\t\t\t<div class=\"elementor-column elementor-col-50 elementor-top-column elementor-element elementor-element-03f393d\" data-id=\"03f393d\" data-element_type=\"column\" data-settings=\"{&quot;motion_fx_motion_fx_scrolling&quot;:&quot;yes&quot;,&quot;motion_fx_translateY_effect&quot;:&quot;yes&quot;,&quot;motion_fx_translateY_direction&quot;:&quot;negative&quot;,&quot;motion_fx_translateY_speed&quot;:{&quot;unit&quot;:&quot;px&quot;,&quot;size&quot;:2.5,&quot;sizes&quot;:[]},&quot;motion_fx_translateY_affectedRange&quot;:{&quot;unit&quot;:&quot;%&quot;,&quot;size&quot;:&quot;&quot;,&quot;sizes&quot;:{&quot;start&quot;:45,&quot;end&quot;:100}},&quot;motion_fx_devices&quot;:[&quot;desktop&quot;]}\">\n\t\t\t<div class=\"elementor-widget-wrap elementor-element-populated\">\n\t\t\t\t\t\t\t\t<div class=\"elementor-element elementor-element-31b6db8 elementor-widget elementor-widget-image\" data-id=\"31b6db8\" data-element_type=\"widget\" data-widget_type=\"image.default\">\n\t\t\t\t<div class=\"elementor-widget-container\">\n\t\t\t\t\t\t\t\t\t\t\t\t\t\t\t<img width=\"600\" height=\"525\" src=\"https:\/\/www.samedinnovazioni.it\/wp-content\/uploads\/2021\/03\/macchinari-per-fotolibro.png\" class=\"attachment-medium_large size-medium_large wp-image-2252\" alt=\"Photofast Cold Glue\" \/>\t\t\t\t\t\t\t\t\t\t\t\t\t\t\t<\/div>\n\t\t\t\t<\/div>\n\t\t\t\t\t<\/div>\n\t\t<\/div>\n\t\t\t\t\t\t\t<\/div>\n\t\t<\/section>\n\t\t\t\t<section class=\"elementor-section elementor-top-section elementor-element elementor-element-5cb5ecb elementor-section-boxed elementor-section-height-default elementor-section-height-default\" data-id=\"5cb5ecb\" data-element_type=\"section\">\n\t\t\t\t\t\t<div class=\"elementor-container elementor-column-gap-default\">\n\t\t\t\t\t<div class=\"elementor-column elementor-col-100 elementor-top-column elementor-element elementor-element-64e0579\" data-id=\"64e0579\" data-element_type=\"column\">\n\t\t\t<div class=\"elementor-widget-wrap elementor-element-populated\">\n\t\t\t\t\t\t\t\t<div class=\"elementor-element elementor-element-5d5c889 elementor-widget elementor-widget-video\" data-id=\"5d5c889\" data-element_type=\"widget\" data-settings=\"{&quot;youtube_url&quot;:&quot;https:\\\/\\\/www.youtube.com\\\/watch?v=uqTf-LWQbA0&quot;,&quot;lazy_load&quot;:&quot;yes&quot;,&quot;modestbranding&quot;:&quot;yes&quot;,&quot;video_type&quot;:&quot;youtube&quot;,&quot;controls&quot;:&quot;yes&quot;}\" data-widget_type=\"video.default\">\n\t\t\t\t<div class=\"elementor-widget-container\">\n\t\t\t\t\t<div class=\"elementor-wrapper elementor-open-inline\">\n\t\t\t<div class=\"elementor-video\"><\/div>\t\t<\/div>\n\t\t\t\t<\/div>\n\t\t\t\t<\/div>\n\t\t\t\t\t<\/div>\n\t\t<\/div>\n\t\t\t\t\t\t\t<\/div>\n\t\t<\/section>\n\t\t\t\t<section class=\"elementor-section elementor-top-section elementor-element elementor-element-ebecad7 elementor-section-boxed elementor-section-height-default elementor-section-height-default\" data-id=\"ebecad7\" data-element_type=\"section\" data-settings=\"{&quot;background_background&quot;:&quot;classic&quot;}\">\n\t\t\t\t\t\t<div class=\"elementor-container elementor-column-gap-default\">\n\t\t\t\t\t<div class=\"elementor-column elementor-col-100 elementor-top-column elementor-element elementor-element-0b7fe68\" data-id=\"0b7fe68\" data-element_type=\"column\">\n\t\t\t<div class=\"elementor-widget-wrap elementor-element-populated\">\n\t\t\t\t\t\t\t\t<div class=\"elementor-element elementor-element-9b176ef elementor-widget elementor-widget-heading\" data-id=\"9b176ef\" data-element_type=\"widget\" data-widget_type=\"heading.default\">\n\t\t\t\t<div class=\"elementor-widget-container\">\n\t\t\t<h3 class=\"elementor-heading-title elementor-size-default\">Souhaitez-vous plus d'informations sur ce produit?<\/h3>\t\t<\/div>\n\t\t\t\t<\/div>\n\t\t\t\t<div class=\"elementor-element elementor-element-9ca56c1 elementor-align-center elementor-widget elementor-widget-button\" data-id=\"9ca56c1\" data-element_type=\"widget\" data-widget_type=\"button.default\">\n\t\t\t\t<div class=\"elementor-widget-container\">\n\t\t\t\t\t<div class=\"elementor-button-wrapper\">\n\t\t\t<a href=\"https:\/\/www.samedinnovazioni.it\/fr\/contactez-nous\/\" class=\"elementor-button-link elementor-button elementor-size-sm\" role=\"button\">\n\t\t\t\t\t\t<span class=\"elementor-button-content-wrapper\">\n\t\t\t\t\t\t<span class=\"elementor-button-text\">Contactez nous<\/span>\n\t\t<\/span>\n\t\t\t\t\t<\/a>\n\t\t<\/div>\n\t\t\t\t<\/div>\n\t\t\t\t<\/div>\n\t\t\t\t\t<\/div>\n\t\t<\/div>\n\t\t\t\t\t\t\t<\/div>\n\t\t<\/section>\n\t\t\t\t\t\t\t<\/div>\n\t\t","protected":false},"excerpt":{"rendered":"<p>TOUS LES PRODUITS Machines POUR Livres Photo Contre colleuse automatiqu COLLE FROIDE \u2013 livres lay-flat grands formats. La PHOTOFAST est une machine permettant de contre-coller des photos pli\u00e9es avec insertion de feuille cartonn\u00e9e pour assurer la rigidit\u00e9 des pages. Le livre ainsi r\u00e9alis\u00e9 peut s\u2019ouvrir \u00e0 180\u00b0 sans perdre la partie de l\u2019image situ\u00e9e au [&hellip;]<\/p>\n","protected":false},"author":2,"featured_media":0,"parent":0,"menu_order":0,"comment_status":"closed","ping_status":"closed","template":"elementor_header_footer","meta":[],"yoast_head":"<!-- This site is optimized with the Yoast SEO plugin v19.13 - https:\/\/yoast.com\/wordpress\/plugins\/seo\/ -->\n<title>Photofast Cold Glue - Encolleuse Automatique | Samed innovazioni<\/title>\n<meta name=\"description\" content=\"Encolleuse automatique simple et polyvalente, capable de coller des photos d\u00e9j\u00e0 pli\u00e9es. Grande flexibilit\u00e9 d&#039;utilisation.\" \/>\n<meta name=\"robots\" content=\"index, follow, max-snippet:-1, max-image-preview:large, max-video-preview:-1\" \/>\n<link rel=\"canonical\" href=\"https:\/\/www.samedinnovazioni.it\/fr\/photofast-cold-glue\/\" \/>\n<meta property=\"og:locale\" content=\"fr_FR\" \/>\n<meta property=\"og:type\" content=\"article\" \/>\n<meta property=\"og:title\" content=\"Photofast Cold Glue - Encolleuse Automatique | Samed innovazioni\" \/>\n<meta property=\"og:description\" content=\"Encolleuse automatique simple et polyvalente, capable de coller des photos d\u00e9j\u00e0 pli\u00e9es. Grande flexibilit\u00e9 d&#039;utilisation.\" \/>\n<meta property=\"og:url\" content=\"https:\/\/www.samedinnovazioni.it\/fr\/photofast-cold-glue\/\" \/>\n<meta property=\"og:site_name\" content=\"Samed innovazioni\" \/>\n<meta property=\"article:modified_time\" content=\"2021-10-20T12:53:51+00:00\" \/>\n<meta property=\"og:image\" content=\"https:\/\/www.samedinnovazioni.it\/wp-content\/uploads\/2021\/03\/macchinari-per-fotolibro.png\" \/>\n<meta name=\"twitter:card\" content=\"summary_large_image\" \/>\n<meta name=\"twitter:label1\" content=\"Dur\u00e9e de lecture estim\u00e9e\" \/>\n\t<meta name=\"twitter:data1\" content=\"2 minutes\" \/>\n<script type=\"application\/ld+json\" class=\"yoast-schema-graph\">{\"@context\":\"https:\/\/schema.org\",\"@graph\":[{\"@type\":\"WebPage\",\"@id\":\"https:\/\/www.samedinnovazioni.it\/fr\/photofast-cold-glue\/\",\"url\":\"https:\/\/www.samedinnovazioni.it\/fr\/photofast-cold-glue\/\",\"name\":\"Photofast Cold Glue - Encolleuse Automatique | Samed innovazioni\",\"isPartOf\":{\"@id\":\"https:\/\/www.samedinnovazioni.it\/#website\"},\"datePublished\":\"2021-04-12T09:17:17+00:00\",\"dateModified\":\"2021-10-20T12:53:51+00:00\",\"description\":\"Encolleuse automatique simple et polyvalente, capable de coller des photos d\u00e9j\u00e0 pli\u00e9es. Grande flexibilit\u00e9 d'utilisation.\",\"breadcrumb\":{\"@id\":\"https:\/\/www.samedinnovazioni.it\/fr\/photofast-cold-glue\/#breadcrumb\"},\"inLanguage\":\"fr-FR\",\"potentialAction\":[{\"@type\":\"ReadAction\",\"target\":[\"https:\/\/www.samedinnovazioni.it\/fr\/photofast-cold-glue\/\"]}]},{\"@type\":\"BreadcrumbList\",\"@id\":\"https:\/\/www.samedinnovazioni.it\/fr\/photofast-cold-glue\/#breadcrumb\",\"itemListElement\":[{\"@type\":\"ListItem\",\"position\":1,\"name\":\"Home\",\"item\":\"https:\/\/www.samedinnovazioni.it\/fr\/\"},{\"@type\":\"ListItem\",\"position\":2,\"name\":\"Photofast Cold Glue\"}]},{\"@type\":\"WebSite\",\"@id\":\"https:\/\/www.samedinnovazioni.it\/#website\",\"url\":\"https:\/\/www.samedinnovazioni.it\/\",\"name\":\"Samed innovazioni\",\"description\":\"Copertinatrici, Macchine per cartotecnica, legatoria e fotolibro\",\"publisher\":{\"@id\":\"https:\/\/www.samedinnovazioni.it\/#organization\"},\"potentialAction\":[{\"@type\":\"SearchAction\",\"target\":{\"@type\":\"EntryPoint\",\"urlTemplate\":\"https:\/\/www.samedinnovazioni.it\/?s={search_term_string}\"},\"query-input\":\"required name=search_term_string\"}],\"inLanguage\":\"fr-FR\"},{\"@type\":\"Organization\",\"@id\":\"https:\/\/www.samedinnovazioni.it\/#organization\",\"name\":\"Samed Innovazioni\",\"url\":\"https:\/\/www.samedinnovazioni.it\/\",\"logo\":{\"@type\":\"ImageObject\",\"inLanguage\":\"fr-FR\",\"@id\":\"https:\/\/www.samedinnovazioni.it\/#\/schema\/logo\/image\/\",\"url\":\"https:\/\/www.samedinnovazioni.it\/wp-content\/uploads\/2021\/05\/samed-innovazioni.png\",\"contentUrl\":\"https:\/\/www.samedinnovazioni.it\/wp-content\/uploads\/2021\/05\/samed-innovazioni.png\",\"width\":282,\"height\":67,\"caption\":\"Samed Innovazioni\"},\"image\":{\"@id\":\"https:\/\/www.samedinnovazioni.it\/#\/schema\/logo\/image\/\"}}]}<\/script>\n<!-- \/ Yoast SEO plugin. -->","yoast_head_json":{"title":"Photofast Cold Glue - Encolleuse Automatique | Samed innovazioni","description":"Encolleuse automatique simple et polyvalente, capable de coller des photos d\u00e9j\u00e0 pli\u00e9es. Grande flexibilit\u00e9 d'utilisation.","robots":{"index":"index","follow":"follow","max-snippet":"max-snippet:-1","max-image-preview":"max-image-preview:large","max-video-preview":"max-video-preview:-1"},"canonical":"https:\/\/www.samedinnovazioni.it\/fr\/photofast-cold-glue\/","og_locale":"fr_FR","og_type":"article","og_title":"Photofast Cold Glue - Encolleuse Automatique | Samed innovazioni","og_description":"Encolleuse automatique simple et polyvalente, capable de coller des photos d\u00e9j\u00e0 pli\u00e9es. Grande flexibilit\u00e9 d'utilisation.","og_url":"https:\/\/www.samedinnovazioni.it\/fr\/photofast-cold-glue\/","og_site_name":"Samed innovazioni","article_modified_time":"2021-10-20T12:53:51+00:00","og_image":[{"url":"https:\/\/www.samedinnovazioni.it\/wp-content\/uploads\/2021\/03\/macchinari-per-fotolibro.png"}],"twitter_card":"summary_large_image","twitter_misc":{"Dur\u00e9e de lecture estim\u00e9e":"2 minutes"},"schema":{"@context":"https:\/\/schema.org","@graph":[{"@type":"WebPage","@id":"https:\/\/www.samedinnovazioni.it\/fr\/photofast-cold-glue\/","url":"https:\/\/www.samedinnovazioni.it\/fr\/photofast-cold-glue\/","name":"Photofast Cold Glue - Encolleuse Automatique | Samed innovazioni","isPartOf":{"@id":"https:\/\/www.samedinnovazioni.it\/#website"},"datePublished":"2021-04-12T09:17:17+00:00","dateModified":"2021-10-20T12:53:51+00:00","description":"Encolleuse automatique simple et polyvalente, capable de coller des photos d\u00e9j\u00e0 pli\u00e9es. Grande flexibilit\u00e9 d'utilisation.","breadcrumb":{"@id":"https:\/\/www.samedinnovazioni.it\/fr\/photofast-cold-glue\/#breadcrumb"},"inLanguage":"fr-FR","potentialAction":[{"@type":"ReadAction","target":["https:\/\/www.samedinnovazioni.it\/fr\/photofast-cold-glue\/"]}]},{"@type":"BreadcrumbList","@id":"https:\/\/www.samedinnovazioni.it\/fr\/photofast-cold-glue\/#breadcrumb","itemListElement":[{"@type":"ListItem","position":1,"name":"Home","item":"https:\/\/www.samedinnovazioni.it\/fr\/"},{"@type":"ListItem","position":2,"name":"Photofast Cold Glue"}]},{"@type":"WebSite","@id":"https:\/\/www.samedinnovazioni.it\/#website","url":"https:\/\/www.samedinnovazioni.it\/","name":"Samed innovazioni","description":"Copertinatrici, Macchine per cartotecnica, legatoria e fotolibro","publisher":{"@id":"https:\/\/www.samedinnovazioni.it\/#organization"},"potentialAction":[{"@type":"SearchAction","target":{"@type":"EntryPoint","urlTemplate":"https:\/\/www.samedinnovazioni.it\/?s={search_term_string}"},"query-input":"required name=search_term_string"}],"inLanguage":"fr-FR"},{"@type":"Organization","@id":"https:\/\/www.samedinnovazioni.it\/#organization","name":"Samed Innovazioni","url":"https:\/\/www.samedinnovazioni.it\/","logo":{"@type":"ImageObject","inLanguage":"fr-FR","@id":"https:\/\/www.samedinnovazioni.it\/#\/schema\/logo\/image\/","url":"https:\/\/www.samedinnovazioni.it\/wp-content\/uploads\/2021\/05\/samed-innovazioni.png","contentUrl":"https:\/\/www.samedinnovazioni.it\/wp-content\/uploads\/2021\/05\/samed-innovazioni.png","width":282,"height":67,"caption":"Samed Innovazioni"},"image":{"@id":"https:\/\/www.samedinnovazioni.it\/#\/schema\/logo\/image\/"}}]}},"_links":{"self":[{"href":"https:\/\/www.samedinnovazioni.it\/fr\/wp-json\/wp\/v2\/pages\/3420"}],"collection":[{"href":"https:\/\/www.samedinnovazioni.it\/fr\/wp-json\/wp\/v2\/pages"}],"about":[{"href":"https:\/\/www.samedinnovazioni.it\/fr\/wp-json\/wp\/v2\/types\/page"}],"author":[{"embeddable":true,"href":"https:\/\/www.samedinnovazioni.it\/fr\/wp-json\/wp\/v2\/users\/2"}],"replies":[{"embeddable":true,"href":"https:\/\/www.samedinnovazioni.it\/fr\/wp-json\/wp\/v2\/comments?post=3420"}],"version-history":[{"count":26,"href":"https:\/\/www.samedinnovazioni.it\/fr\/wp-json\/wp\/v2\/pages\/3420\/revisions"}],"predecessor-version":[{"id":6214,"href":"https:\/\/www.samedinnovazioni.it\/fr\/wp-json\/wp\/v2\/pages\/3420\/revisions\/6214"}],"wp:attachment":[{"href":"https:\/\/www.samedinnovazioni.it\/fr\/wp-json\/wp\/v2\/media?parent=3420"}],"curies":[{"name":"wp","href":"https:\/\/api.w.org\/{rel}","templated":true}]}}