{"id":3274,"date":"2021-04-12T10:48:26","date_gmt":"2021-04-12T08:48:26","guid":{"rendered":"https:\/\/www.samedinnovazioni.it\/hektor-copertinatrice-totalmente-automatica\/"},"modified":"2021-05-19T18:23:30","modified_gmt":"2021-05-19T16:23:30","slug":"hektor-couverturiere-totalement-automatique","status":"publish","type":"page","link":"https:\/\/www.samedinnovazioni.it\/fr\/hektor-couverturiere-totalement-automatique\/","title":{"rendered":"Hektor"},"content":{"rendered":"\t\t<div data-elementor-type=\"wp-page\" data-elementor-id=\"3274\" class=\"elementor elementor-3274 elementor-2526\">\n\t\t\t\t\t\t\t\t\t<section class=\"elementor-section elementor-top-section elementor-element elementor-element-4a8b94c elementor-section-height-min-height elementor-section-boxed elementor-section-height-default elementor-section-items-middle\" data-id=\"4a8b94c\" data-element_type=\"section\" data-settings=\"{&quot;background_background&quot;:&quot;classic&quot;,&quot;shape_divider_bottom&quot;:&quot;tilt&quot;}\">\n\t\t\t\t\t<div class=\"elementor-shape elementor-shape-bottom\" data-negative=\"false\">\n\t\t\t<svg xmlns=\"http:\/\/www.w3.org\/2000\/svg\" viewBox=\"0 0 1000 100\" preserveAspectRatio=\"none\">\n\t<path class=\"elementor-shape-fill\" d=\"M0,6V0h1000v100L0,6z\"\/>\n<\/svg>\t\t<\/div>\n\t\t\t\t\t<div class=\"elementor-container elementor-column-gap-default\">\n\t\t\t\t\t<div class=\"elementor-column elementor-col-100 elementor-top-column elementor-element elementor-element-9c07279\" data-id=\"9c07279\" data-element_type=\"column\">\n\t\t\t<div class=\"elementor-widget-wrap elementor-element-populated\">\n\t\t\t\t\t\t\t\t<div class=\"elementor-element elementor-element-b3d84d5 elementor-icon-list--layout-inline elementor-list-item-link-full_width elementor-widget elementor-widget-icon-list\" data-id=\"b3d84d5\" data-element_type=\"widget\" data-widget_type=\"icon-list.default\">\n\t\t\t\t<div class=\"elementor-widget-container\">\n\t\t\t\t\t<ul class=\"elementor-icon-list-items elementor-inline-items\">\n\t\t\t\t\t\t\t<li class=\"elementor-icon-list-item elementor-inline-item\">\n\t\t\t\t\t\t\t\t\t\t\t<a href=\"https:\/\/www.samedinnovazioni.it\/fr\/produits\/\">\n\n\t\t\t\t\t\t\t\t\t\t\t<span class=\"elementor-icon-list-text\">TOUS LES PRODUITS<\/span>\n\t\t\t\t\t\t\t\t\t\t\t<\/a>\n\t\t\t\t\t\t\t\t\t<\/li>\n\t\t\t\t\t\t\t\t<li class=\"elementor-icon-list-item elementor-inline-item\">\n\t\t\t\t\t\t\t\t\t\t\t<a href=\"https:\/\/www.samedinnovazioni.it\/fr\/produits\/couvertures\/\">\n\n\t\t\t\t\t\t\t\t\t\t\t\t<span class=\"elementor-icon-list-icon\">\n\t\t\t\t\t\t\t<i aria-hidden=\"true\" class=\"fas fa-angle-double-right\"><\/i>\t\t\t\t\t\t<\/span>\n\t\t\t\t\t\t\t\t\t\t<span class=\"elementor-icon-list-text\">COUVERTURES<\/span>\n\t\t\t\t\t\t\t\t\t\t\t<\/a>\n\t\t\t\t\t\t\t\t\t<\/li>\n\t\t\t\t\t\t<\/ul>\n\t\t\t\t<\/div>\n\t\t\t\t<\/div>\n\t\t\t\t<div class=\"elementor-element elementor-element-4b98896 elementor-widget elementor-widget-heading\" data-id=\"4b98896\" data-element_type=\"widget\" data-widget_type=\"heading.default\">\n\t\t\t\t<div class=\"elementor-widget-container\">\n\t\t\t<h2 class=\"elementor-heading-title elementor-size-default\"><!--Couverturi\u00e8re Automatique --><\/h2>\t\t<\/div>\n\t\t\t\t<\/div>\n\t\t\t\t\t<\/div>\n\t\t<\/div>\n\t\t\t\t\t\t\t<\/div>\n\t\t<\/section>\n\t\t\t\t<section class=\"elementor-section elementor-top-section elementor-element elementor-element-6d1de1e elementor-reverse-mobile elementor-section-boxed elementor-section-height-default elementor-section-height-default\" data-id=\"6d1de1e\" data-element_type=\"section\">\n\t\t\t\t\t\t<div class=\"elementor-container elementor-column-gap-default\">\n\t\t\t\t\t<div class=\"elementor-column elementor-col-50 elementor-top-column elementor-element elementor-element-2afd2d2\" data-id=\"2afd2d2\" data-element_type=\"column\">\n\t\t\t<div class=\"elementor-widget-wrap elementor-element-populated\">\n\t\t\t\t\t\t\t\t<div class=\"elementor-element elementor-element-b49378e elementor-widget elementor-widget-text-editor\" data-id=\"b49378e\" data-element_type=\"widget\" data-widget_type=\"text-editor.default\">\n\t\t\t\t<div class=\"elementor-widget-container\">\n\t\t\t\t\t\t\t<p><strong>Couverturi\u00e8re totalement automatique<\/strong>, id\u00e9ale pour les grand formats, peut \u00eatre \u00e9quip\u00e9e pour produire des travaux comprenant\u00a0 jusqu\u2019\u00e0 3 pieces cartons, changement de format informatis\u00e9.<\/p><p>Groupe encolleur extractible pour un <strong>acc\u00e8s facile et un nettoyage rapide<\/strong>.<\/p><p>Possibilite de travailler des formats jusqu\u2019\u00e0 1500&#215;700 mm avec alimentation NON stop des cartons.<\/p><p>Machine pr\u00e9vue pour \u00eatre utilis\u00e9e avec la contre colleuse \u201c<a href=\"https:\/\/www.samedinnovazioni.it\/fr\/pendix\/\">PENDIX<\/a>\u201d pour la pose de garde en ligne.<\/p><p><strong>Solution optimale, machine compacte \u00e0 haute productivit\u00e9<\/strong>, pour des moyennes s\u00e9ries et grand formats.<\/p><p>Solution tr\u00e8s souple d\u2019utilisation.<\/p><p>Format minimum: 15&#215;20 cm (couverture ouverte).<\/p><p>Format maximum: 50&#215;70 cm.<\/p><p>Alimentation en automat pour le dos rigide.<\/p><p>Alimentation avec bobine pour le dos souple.<\/p><p>Vitesse de production: 20 pi\u00e8ces\/minute.<\/p><p><strong>1 seul op\u00e9rateur<\/strong>.<\/p><p>Changement de format: en 5-10 minutes sans aucun outil.<\/p>\t\t\t\t\t\t<\/div>\n\t\t\t\t<\/div>\n\t\t\t\t<div class=\"elementor-element elementor-element-6eec3ac elementor-widget-divider--view-line elementor-widget elementor-widget-divider\" data-id=\"6eec3ac\" data-element_type=\"widget\" data-widget_type=\"divider.default\">\n\t\t\t\t<div class=\"elementor-widget-container\">\n\t\t\t\t\t<div class=\"elementor-divider\">\n\t\t\t<span class=\"elementor-divider-separator\">\n\t\t\t\t\t\t<\/span>\n\t\t<\/div>\n\t\t\t\t<\/div>\n\t\t\t\t<\/div>\n\t\t\t\t<div class=\"elementor-element elementor-element-47a0f8f elementor-icon-list--layout-traditional elementor-list-item-link-full_width elementor-widget elementor-widget-icon-list\" data-id=\"47a0f8f\" data-element_type=\"widget\" data-widget_type=\"icon-list.default\">\n\t\t\t\t<div class=\"elementor-widget-container\">\n\t\t\t\t\t<ul class=\"elementor-icon-list-items\">\n\t\t\t\t\t\t\t<li class=\"elementor-icon-list-item\">\n\t\t\t\t\t\t\t\t\t\t\t<a href=\"https:\/\/www.samedinnovazioni.it\/wp-content\/uploads\/2021\/04\/pagina-macchina-HEKTOR-Copertinatrice-totalmente-automatica.pdf\">\n\n\t\t\t\t\t\t\t\t\t\t\t\t<span class=\"elementor-icon-list-icon\">\n\t\t\t\t\t\t\t<i aria-hidden=\"true\" class=\"fas fa-file-pdf\"><\/i>\t\t\t\t\t\t<\/span>\n\t\t\t\t\t\t\t\t\t\t<span class=\"elementor-icon-list-text\">Caract\u00e9ristiques<\/span>\n\t\t\t\t\t\t\t\t\t\t\t<\/a>\n\t\t\t\t\t\t\t\t\t<\/li>\n\t\t\t\t\t\t<\/ul>\n\t\t\t\t<\/div>\n\t\t\t\t<\/div>\n\t\t\t\t<div class=\"elementor-element elementor-element-f7c26da elementor-widget elementor-widget-heading\" data-id=\"f7c26da\" data-element_type=\"widget\" data-widget_type=\"heading.default\">\n\t\t\t\t<div class=\"elementor-widget-container\">\n\t\t\t<h3 class=\"elementor-heading-title elementor-size-default\">A' Ajouter<\/h3>\t\t<\/div>\n\t\t\t\t<\/div>\n\t\t\t\t<div class=\"elementor-element elementor-element-2801592 elementor-widget elementor-widget-text-editor\" data-id=\"2801592\" data-element_type=\"widget\" data-widget_type=\"text-editor.default\">\n\t\t\t\t<div class=\"elementor-widget-container\">\n\t\t\t\t\t\t\t<ul><li><span style=\"background-color: transparent; color: var( --e-global-color-text );\">Possibilit\u00e9 de fournir la machine pour alimenter mono piece ou 3 morceau cartons separ\u00e9s.<\/span><\/li><li>Extra format: 700&#215;1100 mm ou 700&#215;1400 mm.<\/li><li>Pompe colle additionel avec bac \u00e0 colle pour travaux de calandrage (colle \u00e0 froid).<\/li><\/ul>\t\t\t\t\t\t<\/div>\n\t\t\t\t<\/div>\n\t\t\t\t\t<\/div>\n\t\t<\/div>\n\t\t\t\t<div class=\"elementor-column elementor-col-50 elementor-top-column elementor-element elementor-element-2e4d333\" data-id=\"2e4d333\" data-element_type=\"column\" data-settings=\"{&quot;motion_fx_motion_fx_scrolling&quot;:&quot;yes&quot;,&quot;motion_fx_translateY_effect&quot;:&quot;yes&quot;,&quot;motion_fx_translateY_direction&quot;:&quot;negative&quot;,&quot;motion_fx_translateY_speed&quot;:{&quot;unit&quot;:&quot;px&quot;,&quot;size&quot;:2.5,&quot;sizes&quot;:[]},&quot;motion_fx_translateY_affectedRange&quot;:{&quot;unit&quot;:&quot;%&quot;,&quot;size&quot;:&quot;&quot;,&quot;sizes&quot;:{&quot;start&quot;:45,&quot;end&quot;:100}},&quot;motion_fx_devices&quot;:[&quot;desktop&quot;]}\">\n\t\t\t<div class=\"elementor-widget-wrap elementor-element-populated\">\n\t\t\t\t\t\t\t\t<div class=\"elementor-element elementor-element-bf749c3 elementor-widget elementor-widget-image\" data-id=\"bf749c3\" data-element_type=\"widget\" data-widget_type=\"image.default\">\n\t\t\t\t<div class=\"elementor-widget-container\">\n\t\t\t\t\t\t\t\t\t\t\t\t\t\t\t<img width=\"768\" height=\"672\" src=\"https:\/\/www.samedinnovazioni.it\/wp-content\/uploads\/2021\/04\/samed-innovazioni-macchina-photofast-hektor-768x672.jpg\" class=\"attachment-medium_large size-medium_large wp-image-2326\" alt=\"\" srcset=\"https:\/\/www.samedinnovazioni.it\/wp-content\/uploads\/2021\/04\/samed-innovazioni-macchina-photofast-hektor-768x672.jpg 768w, https:\/\/www.samedinnovazioni.it\/wp-content\/uploads\/2021\/04\/samed-innovazioni-macchina-photofast-hektor-700x613.jpg 700w, https:\/\/www.samedinnovazioni.it\/wp-content\/uploads\/2021\/04\/samed-innovazioni-macchina-photofast-hektor.jpg 800w\" sizes=\"(max-width: 768px) 100vw, 768px\" \/>\t\t\t\t\t\t\t\t\t\t\t\t\t\t\t<\/div>\n\t\t\t\t<\/div>\n\t\t\t\t\t<\/div>\n\t\t<\/div>\n\t\t\t\t\t\t\t<\/div>\n\t\t<\/section>\n\t\t\t\t<section class=\"elementor-section elementor-top-section elementor-element elementor-element-b9939f4 elementor-section-boxed elementor-section-height-default elementor-section-height-default\" data-id=\"b9939f4\" data-element_type=\"section\">\n\t\t\t\t\t\t<div class=\"elementor-container elementor-column-gap-default\">\n\t\t\t\t\t<div class=\"elementor-column elementor-col-100 elementor-top-column elementor-element elementor-element-9e4c386\" data-id=\"9e4c386\" data-element_type=\"column\">\n\t\t\t<div class=\"elementor-widget-wrap elementor-element-populated\">\n\t\t\t\t\t\t\t\t<div class=\"elementor-element elementor-element-fdb3dac elementor-widget elementor-widget-video\" data-id=\"fdb3dac\" data-element_type=\"widget\" data-settings=\"{&quot;youtube_url&quot;:&quot;https:\\\/\\\/www.youtube.com\\\/watch?v=fEyYG8ORGpw&quot;,&quot;lazy_load&quot;:&quot;yes&quot;,&quot;modestbranding&quot;:&quot;yes&quot;,&quot;video_type&quot;:&quot;youtube&quot;,&quot;controls&quot;:&quot;yes&quot;}\" data-widget_type=\"video.default\">\n\t\t\t\t<div class=\"elementor-widget-container\">\n\t\t\t\t\t<div class=\"elementor-wrapper elementor-open-inline\">\n\t\t\t<div class=\"elementor-video\"><\/div>\t\t<\/div>\n\t\t\t\t<\/div>\n\t\t\t\t<\/div>\n\t\t\t\t\t<\/div>\n\t\t<\/div>\n\t\t\t\t\t\t\t<\/div>\n\t\t<\/section>\n\t\t\t\t<section class=\"elementor-section elementor-top-section elementor-element elementor-element-3e2dc9b elementor-section-boxed elementor-section-height-default elementor-section-height-default\" data-id=\"3e2dc9b\" data-element_type=\"section\" data-settings=\"{&quot;background_background&quot;:&quot;classic&quot;}\">\n\t\t\t\t\t\t<div class=\"elementor-container elementor-column-gap-default\">\n\t\t\t\t\t<div class=\"elementor-column elementor-col-100 elementor-top-column elementor-element elementor-element-a849b71\" data-id=\"a849b71\" data-element_type=\"column\">\n\t\t\t<div class=\"elementor-widget-wrap elementor-element-populated\">\n\t\t\t\t\t\t\t\t<div class=\"elementor-element elementor-element-41ff7d2 elementor-widget elementor-widget-heading\" data-id=\"41ff7d2\" data-element_type=\"widget\" data-widget_type=\"heading.default\">\n\t\t\t\t<div class=\"elementor-widget-container\">\n\t\t\t<h3 class=\"elementor-heading-title elementor-size-default\">Souhaitez-vous plus d'informations sur ce produit?<\/h3>\t\t<\/div>\n\t\t\t\t<\/div>\n\t\t\t\t<div class=\"elementor-element elementor-element-0dd5450 elementor-align-center elementor-widget elementor-widget-button\" data-id=\"0dd5450\" data-element_type=\"widget\" data-widget_type=\"button.default\">\n\t\t\t\t<div class=\"elementor-widget-container\">\n\t\t\t\t\t<div class=\"elementor-button-wrapper\">\n\t\t\t<a href=\"https:\/\/www.samedinnovazioni.it\/fr\/contactez-nous\/\" class=\"elementor-button-link elementor-button elementor-size-sm\" role=\"button\">\n\t\t\t\t\t\t<span class=\"elementor-button-content-wrapper\">\n\t\t\t\t\t\t<span class=\"elementor-button-text\">NOUS CONTACTER<\/span>\n\t\t<\/span>\n\t\t\t\t\t<\/a>\n\t\t<\/div>\n\t\t\t\t<\/div>\n\t\t\t\t<\/div>\n\t\t\t\t\t<\/div>\n\t\t<\/div>\n\t\t\t\t\t\t\t<\/div>\n\t\t<\/section>\n\t\t\t\t\t\t\t<\/div>\n\t\t","protected":false},"excerpt":{"rendered":"<p>TOUS LES PRODUITS COUVERTURES Couverturi\u00e8re totalement automatique, id\u00e9ale pour les grand formats, peut \u00eatre \u00e9quip\u00e9e pour produire des travaux comprenant\u00a0 jusqu\u2019\u00e0 3 pieces cartons, changement de format informatis\u00e9. Groupe encolleur extractible pour un acc\u00e8s facile et un nettoyage rapide. Possibilite de travailler des formats jusqu\u2019\u00e0 1500&#215;700 mm avec alimentation NON stop des cartons. Machine pr\u00e9vue [&hellip;]<\/p>\n","protected":false},"author":2,"featured_media":0,"parent":0,"menu_order":0,"comment_status":"closed","ping_status":"closed","template":"elementor_header_footer","meta":[],"yoast_head":"<!-- This site is optimized with the Yoast SEO plugin v19.13 - https:\/\/yoast.com\/wordpress\/plugins\/seo\/ -->\n<title>Hektor - Couverturi\u00e8re Automatique | Samed innovazioni<\/title>\n<meta name=\"description\" content=\"Caissier totalement automatique, intuitif et flexible. Compact et hautement productif pour les tirages moyens et les grands formats.\" \/>\n<meta name=\"robots\" content=\"index, follow, max-snippet:-1, max-image-preview:large, max-video-preview:-1\" \/>\n<link rel=\"canonical\" href=\"https:\/\/www.samedinnovazioni.it\/fr\/hektor-couverturiere-totalement-automatique\/\" \/>\n<meta property=\"og:locale\" content=\"fr_FR\" \/>\n<meta property=\"og:type\" content=\"article\" \/>\n<meta property=\"og:title\" content=\"Hektor - Couverturi\u00e8re Automatique | Samed innovazioni\" \/>\n<meta property=\"og:description\" content=\"Caissier totalement automatique, intuitif et flexible. Compact et hautement productif pour les tirages moyens et les grands formats.\" \/>\n<meta property=\"og:url\" content=\"https:\/\/www.samedinnovazioni.it\/fr\/hektor-couverturiere-totalement-automatique\/\" \/>\n<meta property=\"og:site_name\" content=\"Samed innovazioni\" \/>\n<meta property=\"article:modified_time\" content=\"2021-05-19T16:23:30+00:00\" \/>\n<meta property=\"og:image\" content=\"https:\/\/www.samedinnovazioni.it\/wp-content\/uploads\/2021\/04\/samed-innovazioni-macchina-photofast-hektor-768x672.jpg\" \/>\n<meta name=\"twitter:card\" content=\"summary_large_image\" \/>\n<meta name=\"twitter:label1\" content=\"Dur\u00e9e de lecture estim\u00e9e\" \/>\n\t<meta name=\"twitter:data1\" content=\"1 minute\" \/>\n<script type=\"application\/ld+json\" class=\"yoast-schema-graph\">{\"@context\":\"https:\/\/schema.org\",\"@graph\":[{\"@type\":\"WebPage\",\"@id\":\"https:\/\/www.samedinnovazioni.it\/fr\/hektor-couverturiere-totalement-automatique\/\",\"url\":\"https:\/\/www.samedinnovazioni.it\/fr\/hektor-couverturiere-totalement-automatique\/\",\"name\":\"Hektor - Couverturi\u00e8re Automatique | Samed innovazioni\",\"isPartOf\":{\"@id\":\"https:\/\/www.samedinnovazioni.it\/#website\"},\"datePublished\":\"2021-04-12T08:48:26+00:00\",\"dateModified\":\"2021-05-19T16:23:30+00:00\",\"description\":\"Caissier totalement automatique, intuitif et flexible. Compact et hautement productif pour les tirages moyens et les grands formats.\",\"breadcrumb\":{\"@id\":\"https:\/\/www.samedinnovazioni.it\/fr\/hektor-couverturiere-totalement-automatique\/#breadcrumb\"},\"inLanguage\":\"fr-FR\",\"potentialAction\":[{\"@type\":\"ReadAction\",\"target\":[\"https:\/\/www.samedinnovazioni.it\/fr\/hektor-couverturiere-totalement-automatique\/\"]}]},{\"@type\":\"BreadcrumbList\",\"@id\":\"https:\/\/www.samedinnovazioni.it\/fr\/hektor-couverturiere-totalement-automatique\/#breadcrumb\",\"itemListElement\":[{\"@type\":\"ListItem\",\"position\":1,\"name\":\"Home\",\"item\":\"https:\/\/www.samedinnovazioni.it\/fr\/\"},{\"@type\":\"ListItem\",\"position\":2,\"name\":\"Hektor\"}]},{\"@type\":\"WebSite\",\"@id\":\"https:\/\/www.samedinnovazioni.it\/#website\",\"url\":\"https:\/\/www.samedinnovazioni.it\/\",\"name\":\"Samed innovazioni\",\"description\":\"Copertinatrici, Macchine per cartotecnica, legatoria e fotolibro\",\"publisher\":{\"@id\":\"https:\/\/www.samedinnovazioni.it\/#organization\"},\"potentialAction\":[{\"@type\":\"SearchAction\",\"target\":{\"@type\":\"EntryPoint\",\"urlTemplate\":\"https:\/\/www.samedinnovazioni.it\/?s={search_term_string}\"},\"query-input\":\"required name=search_term_string\"}],\"inLanguage\":\"fr-FR\"},{\"@type\":\"Organization\",\"@id\":\"https:\/\/www.samedinnovazioni.it\/#organization\",\"name\":\"Samed Innovazioni\",\"url\":\"https:\/\/www.samedinnovazioni.it\/\",\"logo\":{\"@type\":\"ImageObject\",\"inLanguage\":\"fr-FR\",\"@id\":\"https:\/\/www.samedinnovazioni.it\/#\/schema\/logo\/image\/\",\"url\":\"https:\/\/www.samedinnovazioni.it\/wp-content\/uploads\/2021\/05\/samed-innovazioni.png\",\"contentUrl\":\"https:\/\/www.samedinnovazioni.it\/wp-content\/uploads\/2021\/05\/samed-innovazioni.png\",\"width\":282,\"height\":67,\"caption\":\"Samed Innovazioni\"},\"image\":{\"@id\":\"https:\/\/www.samedinnovazioni.it\/#\/schema\/logo\/image\/\"}}]}<\/script>\n<!-- \/ Yoast SEO plugin. -->","yoast_head_json":{"title":"Hektor - Couverturi\u00e8re Automatique | Samed innovazioni","description":"Caissier totalement automatique, intuitif et flexible. Compact et hautement productif pour les tirages moyens et les grands formats.","robots":{"index":"index","follow":"follow","max-snippet":"max-snippet:-1","max-image-preview":"max-image-preview:large","max-video-preview":"max-video-preview:-1"},"canonical":"https:\/\/www.samedinnovazioni.it\/fr\/hektor-couverturiere-totalement-automatique\/","og_locale":"fr_FR","og_type":"article","og_title":"Hektor - Couverturi\u00e8re Automatique | Samed innovazioni","og_description":"Caissier totalement automatique, intuitif et flexible. Compact et hautement productif pour les tirages moyens et les grands formats.","og_url":"https:\/\/www.samedinnovazioni.it\/fr\/hektor-couverturiere-totalement-automatique\/","og_site_name":"Samed innovazioni","article_modified_time":"2021-05-19T16:23:30+00:00","og_image":[{"url":"https:\/\/www.samedinnovazioni.it\/wp-content\/uploads\/2021\/04\/samed-innovazioni-macchina-photofast-hektor-768x672.jpg"}],"twitter_card":"summary_large_image","twitter_misc":{"Dur\u00e9e de lecture estim\u00e9e":"1 minute"},"schema":{"@context":"https:\/\/schema.org","@graph":[{"@type":"WebPage","@id":"https:\/\/www.samedinnovazioni.it\/fr\/hektor-couverturiere-totalement-automatique\/","url":"https:\/\/www.samedinnovazioni.it\/fr\/hektor-couverturiere-totalement-automatique\/","name":"Hektor - Couverturi\u00e8re Automatique | Samed innovazioni","isPartOf":{"@id":"https:\/\/www.samedinnovazioni.it\/#website"},"datePublished":"2021-04-12T08:48:26+00:00","dateModified":"2021-05-19T16:23:30+00:00","description":"Caissier totalement automatique, intuitif et flexible. Compact et hautement productif pour les tirages moyens et les grands formats.","breadcrumb":{"@id":"https:\/\/www.samedinnovazioni.it\/fr\/hektor-couverturiere-totalement-automatique\/#breadcrumb"},"inLanguage":"fr-FR","potentialAction":[{"@type":"ReadAction","target":["https:\/\/www.samedinnovazioni.it\/fr\/hektor-couverturiere-totalement-automatique\/"]}]},{"@type":"BreadcrumbList","@id":"https:\/\/www.samedinnovazioni.it\/fr\/hektor-couverturiere-totalement-automatique\/#breadcrumb","itemListElement":[{"@type":"ListItem","position":1,"name":"Home","item":"https:\/\/www.samedinnovazioni.it\/fr\/"},{"@type":"ListItem","position":2,"name":"Hektor"}]},{"@type":"WebSite","@id":"https:\/\/www.samedinnovazioni.it\/#website","url":"https:\/\/www.samedinnovazioni.it\/","name":"Samed innovazioni","description":"Copertinatrici, Macchine per cartotecnica, legatoria e fotolibro","publisher":{"@id":"https:\/\/www.samedinnovazioni.it\/#organization"},"potentialAction":[{"@type":"SearchAction","target":{"@type":"EntryPoint","urlTemplate":"https:\/\/www.samedinnovazioni.it\/?s={search_term_string}"},"query-input":"required name=search_term_string"}],"inLanguage":"fr-FR"},{"@type":"Organization","@id":"https:\/\/www.samedinnovazioni.it\/#organization","name":"Samed Innovazioni","url":"https:\/\/www.samedinnovazioni.it\/","logo":{"@type":"ImageObject","inLanguage":"fr-FR","@id":"https:\/\/www.samedinnovazioni.it\/#\/schema\/logo\/image\/","url":"https:\/\/www.samedinnovazioni.it\/wp-content\/uploads\/2021\/05\/samed-innovazioni.png","contentUrl":"https:\/\/www.samedinnovazioni.it\/wp-content\/uploads\/2021\/05\/samed-innovazioni.png","width":282,"height":67,"caption":"Samed Innovazioni"},"image":{"@id":"https:\/\/www.samedinnovazioni.it\/#\/schema\/logo\/image\/"}}]}},"_links":{"self":[{"href":"https:\/\/www.samedinnovazioni.it\/fr\/wp-json\/wp\/v2\/pages\/3274"}],"collection":[{"href":"https:\/\/www.samedinnovazioni.it\/fr\/wp-json\/wp\/v2\/pages"}],"about":[{"href":"https:\/\/www.samedinnovazioni.it\/fr\/wp-json\/wp\/v2\/types\/page"}],"author":[{"embeddable":true,"href":"https:\/\/www.samedinnovazioni.it\/fr\/wp-json\/wp\/v2\/users\/2"}],"replies":[{"embeddable":true,"href":"https:\/\/www.samedinnovazioni.it\/fr\/wp-json\/wp\/v2\/comments?post=3274"}],"version-history":[{"count":25,"href":"https:\/\/www.samedinnovazioni.it\/fr\/wp-json\/wp\/v2\/pages\/3274\/revisions"}],"predecessor-version":[{"id":5411,"href":"https:\/\/www.samedinnovazioni.it\/fr\/wp-json\/wp\/v2\/pages\/3274\/revisions\/5411"}],"wp:attachment":[{"href":"https:\/\/www.samedinnovazioni.it\/fr\/wp-json\/wp\/v2\/media?parent=3274"}],"curies":[{"name":"wp","href":"https:\/\/api.w.org\/{rel}","templated":true}]}}