{"id":2940,"date":"2021-03-25T11:08:48","date_gmt":"2021-03-25T10:08:48","guid":{"rendered":"https:\/\/www.samedinnovazioni.it\/azienda\/"},"modified":"2021-04-21T11:31:08","modified_gmt":"2021-04-21T09:31:08","slug":"societe","status":"publish","type":"page","link":"https:\/\/www.samedinnovazioni.it\/fr\/societe\/","title":{"rendered":"Soci\u00e9t\u00e9"},"content":{"rendered":"\t\t<div data-elementor-type=\"wp-page\" data-elementor-id=\"2940\" class=\"elementor elementor-2940 elementor-1918\" data-elementor-post-type=\"page\">\n\t\t\t\t\t\t<section class=\"elementor-section elementor-top-section elementor-element elementor-element-83ae600 elementor-section-height-min-height elementor-section-boxed elementor-section-height-default elementor-section-items-middle\" data-id=\"83ae600\" data-element_type=\"section\" data-e-type=\"section\" data-settings=\"{&quot;background_background&quot;:&quot;classic&quot;,&quot;shape_divider_bottom&quot;:&quot;tilt&quot;}\">\n\t\t\t\t\t<div class=\"elementor-shape elementor-shape-bottom\" aria-hidden=\"true\" data-negative=\"false\">\n\t\t\t<svg xmlns=\"http:\/\/www.w3.org\/2000\/svg\" viewBox=\"0 0 1000 100\" preserveAspectRatio=\"none\">\n\t<path class=\"elementor-shape-fill\" d=\"M0,6V0h1000v100L0,6z\"\/>\n<\/svg>\t\t<\/div>\n\t\t\t\t\t<div class=\"elementor-container elementor-column-gap-default\">\n\t\t\t\t\t<div class=\"elementor-column elementor-col-100 elementor-top-column elementor-element elementor-element-5f4afcf\" data-id=\"5f4afcf\" data-element_type=\"column\" data-e-type=\"column\">\n\t\t\t<div class=\"elementor-widget-wrap elementor-element-populated\">\n\t\t\t\t\t\t\t<\/div>\n\t\t<\/div>\n\t\t\t\t\t<\/div>\n\t\t<\/section>\n\t\t\t\t<section class=\"elementor-section elementor-top-section elementor-element elementor-element-40743bd0 elementor-section-boxed elementor-section-height-default elementor-section-height-default\" data-id=\"40743bd0\" data-element_type=\"section\" data-e-type=\"section\">\n\t\t\t\t\t\t<div class=\"elementor-container elementor-column-gap-default\">\n\t\t\t\t\t<div class=\"elementor-column elementor-col-50 elementor-top-column elementor-element elementor-element-6b5c8348\" data-id=\"6b5c8348\" data-element_type=\"column\" data-e-type=\"column\">\n\t\t\t<div class=\"elementor-widget-wrap elementor-element-populated\">\n\t\t\t\t\t\t<div class=\"elementor-element elementor-element-4df36fd5 elementor-widget elementor-widget-text-editor\" data-id=\"4df36fd5\" data-element_type=\"widget\" data-e-type=\"widget\" data-widget_type=\"text-editor.default\">\n\t\t\t\t<div class=\"elementor-widget-container\">\n\t\t\t\t\t\t\t\t\t<p><span style=\"color: var( --e-global-color-text );\"><strong>Samed Innovazioni<\/strong> a \u00e9t\u00e9 cr\u00e9\u00e9e il y a 15 ans \u00e0 Prato (Italie), o\u00f9 se situe actuellement le si\u00e8ge social, les bureaux d\u2019\u00e9tudes et les ateliers de construction et de mise au point des machines. Ces <strong>Machines sont fabriqu\u00e9es sur brevet<\/strong> et d\u00e9di\u00e9es entre autre, aux <strong>secteurs de la reliure, de l\u2019emballage et de la pap\u00e8terie<\/strong>.<\/span><\/p><p>Samed Innovazioni est toujours \u00e0 la recherche de <strong>solutions innovantes et souples d\u2019utilisation<\/strong>.<\/p><p>Samed Innovazioni est capable de <strong>satisfaire \u00e0 la demande de tous les clients avec la production de machines<\/strong> con\u00e7ues pour des petites et moyennes s\u00e9ries.<\/p><p><strong>Simple et compact<\/strong> ont toujours \u00e9t\u00e9 les deux principes caract\u00e9risant la philosophie des machines Samed Innovazioni pouvant r\u00e9aliser des lignes semi automatiques ou enti\u00e8rement automatiques.<\/p><p>Les machines Samed Innovazioni peuvent aussi bien r\u00e9aliser <strong>des couvertures de livres traditionels ou livres photos<\/strong>, et <strong>des coffrets de luxe<\/strong>, tout cela avec des formes sp\u00e9ciales comme des bords avec un profil en S, ou des fen\u00eatres de taille et formes diff\u00e9rentes, sans avoir recours \u00e0 la moindre modification m\u00e9canique ou \u00e0 un outil sp\u00e9cial.<\/p><p><span style=\"color: #0000ff;\"><strong>LA SOLUTION SAMED: SIMPLICITE DANS L\u2019INNOVATION!<\/strong><\/span><\/p>\t\t\t\t\t\t\t\t<\/div>\n\t\t\t\t<\/div>\n\t\t\t\t\t<\/div>\n\t\t<\/div>\n\t\t\t\t<div class=\"elementor-column elementor-col-50 elementor-top-column elementor-element elementor-element-a85b95d\" data-id=\"a85b95d\" data-element_type=\"column\" data-e-type=\"column\" data-settings=\"{&quot;motion_fx_motion_fx_scrolling&quot;:&quot;yes&quot;,&quot;motion_fx_translateY_effect&quot;:&quot;yes&quot;,&quot;motion_fx_translateY_direction&quot;:&quot;negative&quot;,&quot;motion_fx_devices&quot;:[&quot;desktop&quot;],&quot;motion_fx_translateY_affectedRange&quot;:{&quot;unit&quot;:&quot;%&quot;,&quot;size&quot;:&quot;&quot;,&quot;sizes&quot;:{&quot;start&quot;:45,&quot;end&quot;:100}},&quot;motion_fx_translateY_speed&quot;:{&quot;unit&quot;:&quot;px&quot;,&quot;size&quot;:4,&quot;sizes&quot;:[]}}\">\n\t\t\t<div class=\"elementor-widget-wrap elementor-element-populated\">\n\t\t\t\t\t\t<div class=\"elementor-element elementor-element-111fef2 elementor-widget elementor-widget-image\" data-id=\"111fef2\" data-element_type=\"widget\" data-e-type=\"widget\" data-widget_type=\"image.default\">\n\t\t\t\t<div class=\"elementor-widget-container\">\n\t\t\t\t\t\t\t\t\t\t\t\t\t\t\t<img fetchpriority=\"high\" decoding=\"async\" width=\"600\" height=\"600\" src=\"https:\/\/www.samedinnovazioni.it\/wp-content\/uploads\/2021\/03\/samed-innovazioni-prato-cartotecnica-legatoria.jpg\" class=\"attachment-medium_large size-medium_large wp-image-1986\" alt=\"\" srcset=\"https:\/\/www.samedinnovazioni.it\/wp-content\/uploads\/2021\/03\/samed-innovazioni-prato-cartotecnica-legatoria.jpg 600w, https:\/\/www.samedinnovazioni.it\/wp-content\/uploads\/2021\/03\/samed-innovazioni-prato-cartotecnica-legatoria-150x150.jpg 150w\" sizes=\"(max-width: 600px) 100vw, 600px\" \/>\t\t\t\t\t\t\t\t\t\t\t\t\t\t\t<\/div>\n\t\t\t\t<\/div>\n\t\t\t\t<div class=\"elementor-element elementor-element-ff83909 elementor-widget elementor-widget-image\" data-id=\"ff83909\" data-element_type=\"widget\" data-e-type=\"widget\" data-widget_type=\"image.default\">\n\t\t\t\t<div class=\"elementor-widget-container\">\n\t\t\t\t\t\t\t\t\t\t\t\t\t\t\t<img decoding=\"async\" width=\"600\" height=\"600\" src=\"https:\/\/www.samedinnovazioni.it\/wp-content\/uploads\/2021\/03\/samed-prato-cartotecnica-legatoria.jpg\" class=\"attachment-medium_large size-medium_large wp-image-1990\" alt=\"\" srcset=\"https:\/\/www.samedinnovazioni.it\/wp-content\/uploads\/2021\/03\/samed-prato-cartotecnica-legatoria.jpg 600w, https:\/\/www.samedinnovazioni.it\/wp-content\/uploads\/2021\/03\/samed-prato-cartotecnica-legatoria-150x150.jpg 150w\" sizes=\"(max-width: 600px) 100vw, 600px\" \/>\t\t\t\t\t\t\t\t\t\t\t\t\t\t\t<\/div>\n\t\t\t\t<\/div>\n\t\t\t\t\t<\/div>\n\t\t<\/div>\n\t\t\t\t\t<\/div>\n\t\t<\/section>\n\t\t\t\t<\/div>\n\t\t","protected":false},"excerpt":{"rendered":"<p>Samed Innovazioni a \u00e9t\u00e9 cr\u00e9\u00e9e il y a 15 ans \u00e0 Prato (Italie), o\u00f9 se situe actuellement le si\u00e8ge social, les bureaux d\u2019\u00e9tudes et les ateliers de construction et de mise au point des machines. Ces Machines sont fabriqu\u00e9es sur brevet et d\u00e9di\u00e9es entre autre, aux secteurs de la reliure, de l\u2019emballage et de la [&hellip;]<\/p>\n","protected":false},"author":2,"featured_media":0,"parent":0,"menu_order":0,"comment_status":"closed","ping_status":"closed","template":"elementor_header_footer","meta":{"footnotes":""},"class_list":["post-2940","page","type-page","status-publish","hentry"],"yoast_head":"<!-- This site is optimized with the Yoast SEO plugin v27.5 - https:\/\/yoast.com\/product\/yoast-seo-wordpress\/ -->\n<title>Soci\u00e9t\u00e9 | Samed innovazioni<\/title>\n<meta name=\"description\" content=\"Samed, dans le secteur du papier et de la reliure, con\u00e7oit et fabrique des machines de qualit\u00e9 made in Italy pour satisfaire tous les besoins.\" \/>\n<meta name=\"robots\" content=\"index, follow, max-snippet:-1, max-image-preview:large, max-video-preview:-1\" \/>\n<link rel=\"canonical\" href=\"https:\/\/www.samedinnovazioni.it\/fr\/societe\/\" \/>\n<meta property=\"og:locale\" content=\"fr_FR\" \/>\n<meta property=\"og:type\" content=\"article\" \/>\n<meta property=\"og:title\" content=\"Soci\u00e9t\u00e9 | Samed innovazioni\" \/>\n<meta property=\"og:description\" content=\"Samed, dans le secteur du papier et de la reliure, con\u00e7oit et fabrique des machines de qualit\u00e9 made in Italy pour satisfaire tous les besoins.\" \/>\n<meta property=\"og:url\" content=\"https:\/\/www.samedinnovazioni.it\/fr\/societe\/\" \/>\n<meta property=\"og:site_name\" content=\"Samed innovazioni\" \/>\n<meta property=\"article:modified_time\" content=\"2021-04-21T09:31:08+00:00\" \/>\n<meta property=\"og:image\" content=\"https:\/\/www.samedinnovazioni.it\/wp-content\/uploads\/2021\/03\/samed-innovazioni-prato-cartotecnica-legatoria.jpg\" \/>\n<meta name=\"twitter:card\" content=\"summary_large_image\" \/>\n<meta name=\"twitter:label1\" content=\"Dur\u00e9e de lecture estim\u00e9e\" \/>\n\t<meta name=\"twitter:data1\" content=\"2 minutes\" \/>\n<script type=\"application\/ld+json\" class=\"yoast-schema-graph\">{\"@context\":\"https:\\\/\\\/schema.org\",\"@graph\":[{\"@type\":\"WebPage\",\"@id\":\"https:\\\/\\\/www.samedinnovazioni.it\\\/fr\\\/societe\\\/\",\"url\":\"https:\\\/\\\/www.samedinnovazioni.it\\\/fr\\\/societe\\\/\",\"name\":\"Soci\u00e9t\u00e9 | Samed innovazioni\",\"isPartOf\":{\"@id\":\"https:\\\/\\\/www.samedinnovazioni.it\\\/#website\"},\"primaryImageOfPage\":{\"@id\":\"https:\\\/\\\/www.samedinnovazioni.it\\\/fr\\\/societe\\\/#primaryimage\"},\"image\":{\"@id\":\"https:\\\/\\\/www.samedinnovazioni.it\\\/fr\\\/societe\\\/#primaryimage\"},\"thumbnailUrl\":\"https:\\\/\\\/www.samedinnovazioni.it\\\/wp-content\\\/uploads\\\/2021\\\/03\\\/samed-innovazioni-prato-cartotecnica-legatoria.jpg\",\"datePublished\":\"2021-03-25T10:08:48+00:00\",\"dateModified\":\"2021-04-21T09:31:08+00:00\",\"description\":\"Samed, dans le secteur du papier et de la reliure, con\u00e7oit et fabrique des machines de qualit\u00e9 made in Italy pour satisfaire tous les besoins.\",\"breadcrumb\":{\"@id\":\"https:\\\/\\\/www.samedinnovazioni.it\\\/fr\\\/societe\\\/#breadcrumb\"},\"inLanguage\":\"fr-FR\",\"potentialAction\":[{\"@type\":\"ReadAction\",\"target\":[\"https:\\\/\\\/www.samedinnovazioni.it\\\/fr\\\/societe\\\/\"]}]},{\"@type\":\"ImageObject\",\"inLanguage\":\"fr-FR\",\"@id\":\"https:\\\/\\\/www.samedinnovazioni.it\\\/fr\\\/societe\\\/#primaryimage\",\"url\":\"https:\\\/\\\/www.samedinnovazioni.it\\\/wp-content\\\/uploads\\\/2021\\\/03\\\/samed-innovazioni-prato-cartotecnica-legatoria.jpg\",\"contentUrl\":\"https:\\\/\\\/www.samedinnovazioni.it\\\/wp-content\\\/uploads\\\/2021\\\/03\\\/samed-innovazioni-prato-cartotecnica-legatoria.jpg\"},{\"@type\":\"BreadcrumbList\",\"@id\":\"https:\\\/\\\/www.samedinnovazioni.it\\\/fr\\\/societe\\\/#breadcrumb\",\"itemListElement\":[{\"@type\":\"ListItem\",\"position\":1,\"name\":\"Home\",\"item\":\"https:\\\/\\\/www.samedinnovazioni.it\\\/fr\\\/\"},{\"@type\":\"ListItem\",\"position\":2,\"name\":\"Soci\u00e9t\u00e9\"}]},{\"@type\":\"WebSite\",\"@id\":\"https:\\\/\\\/www.samedinnovazioni.it\\\/#website\",\"url\":\"https:\\\/\\\/www.samedinnovazioni.it\\\/\",\"name\":\"Samed innovazioni\",\"description\":\"Copertinatrici, Macchine per cartotecnica, legatoria e fotolibro\",\"publisher\":{\"@id\":\"https:\\\/\\\/www.samedinnovazioni.it\\\/#organization\"},\"potentialAction\":[{\"@type\":\"SearchAction\",\"target\":{\"@type\":\"EntryPoint\",\"urlTemplate\":\"https:\\\/\\\/www.samedinnovazioni.it\\\/?s={search_term_string}\"},\"query-input\":{\"@type\":\"PropertyValueSpecification\",\"valueRequired\":true,\"valueName\":\"search_term_string\"}}],\"inLanguage\":\"fr-FR\"},{\"@type\":\"Organization\",\"@id\":\"https:\\\/\\\/www.samedinnovazioni.it\\\/#organization\",\"name\":\"Samed Innovazioni\",\"url\":\"https:\\\/\\\/www.samedinnovazioni.it\\\/\",\"logo\":{\"@type\":\"ImageObject\",\"inLanguage\":\"fr-FR\",\"@id\":\"https:\\\/\\\/www.samedinnovazioni.it\\\/#\\\/schema\\\/logo\\\/image\\\/\",\"url\":\"https:\\\/\\\/www.samedinnovazioni.it\\\/wp-content\\\/uploads\\\/2021\\\/05\\\/samed-innovazioni.png\",\"contentUrl\":\"https:\\\/\\\/www.samedinnovazioni.it\\\/wp-content\\\/uploads\\\/2021\\\/05\\\/samed-innovazioni.png\",\"width\":282,\"height\":67,\"caption\":\"Samed Innovazioni\"},\"image\":{\"@id\":\"https:\\\/\\\/www.samedinnovazioni.it\\\/#\\\/schema\\\/logo\\\/image\\\/\"}}]}<\/script>\n<!-- \/ Yoast SEO plugin. -->","yoast_head_json":{"title":"Soci\u00e9t\u00e9 | Samed innovazioni","description":"Samed, dans le secteur du papier et de la reliure, con\u00e7oit et fabrique des machines de qualit\u00e9 made in Italy pour satisfaire tous les besoins.","robots":{"index":"index","follow":"follow","max-snippet":"max-snippet:-1","max-image-preview":"max-image-preview:large","max-video-preview":"max-video-preview:-1"},"canonical":"https:\/\/www.samedinnovazioni.it\/fr\/societe\/","og_locale":"fr_FR","og_type":"article","og_title":"Soci\u00e9t\u00e9 | Samed innovazioni","og_description":"Samed, dans le secteur du papier et de la reliure, con\u00e7oit et fabrique des machines de qualit\u00e9 made in Italy pour satisfaire tous les besoins.","og_url":"https:\/\/www.samedinnovazioni.it\/fr\/societe\/","og_site_name":"Samed innovazioni","article_modified_time":"2021-04-21T09:31:08+00:00","og_image":[{"url":"https:\/\/www.samedinnovazioni.it\/wp-content\/uploads\/2021\/03\/samed-innovazioni-prato-cartotecnica-legatoria.jpg","type":"","width":"","height":""}],"twitter_card":"summary_large_image","twitter_misc":{"Dur\u00e9e de lecture estim\u00e9e":"2 minutes"},"schema":{"@context":"https:\/\/schema.org","@graph":[{"@type":"WebPage","@id":"https:\/\/www.samedinnovazioni.it\/fr\/societe\/","url":"https:\/\/www.samedinnovazioni.it\/fr\/societe\/","name":"Soci\u00e9t\u00e9 | Samed innovazioni","isPartOf":{"@id":"https:\/\/www.samedinnovazioni.it\/#website"},"primaryImageOfPage":{"@id":"https:\/\/www.samedinnovazioni.it\/fr\/societe\/#primaryimage"},"image":{"@id":"https:\/\/www.samedinnovazioni.it\/fr\/societe\/#primaryimage"},"thumbnailUrl":"https:\/\/www.samedinnovazioni.it\/wp-content\/uploads\/2021\/03\/samed-innovazioni-prato-cartotecnica-legatoria.jpg","datePublished":"2021-03-25T10:08:48+00:00","dateModified":"2021-04-21T09:31:08+00:00","description":"Samed, dans le secteur du papier et de la reliure, con\u00e7oit et fabrique des machines de qualit\u00e9 made in Italy pour satisfaire tous les besoins.","breadcrumb":{"@id":"https:\/\/www.samedinnovazioni.it\/fr\/societe\/#breadcrumb"},"inLanguage":"fr-FR","potentialAction":[{"@type":"ReadAction","target":["https:\/\/www.samedinnovazioni.it\/fr\/societe\/"]}]},{"@type":"ImageObject","inLanguage":"fr-FR","@id":"https:\/\/www.samedinnovazioni.it\/fr\/societe\/#primaryimage","url":"https:\/\/www.samedinnovazioni.it\/wp-content\/uploads\/2021\/03\/samed-innovazioni-prato-cartotecnica-legatoria.jpg","contentUrl":"https:\/\/www.samedinnovazioni.it\/wp-content\/uploads\/2021\/03\/samed-innovazioni-prato-cartotecnica-legatoria.jpg"},{"@type":"BreadcrumbList","@id":"https:\/\/www.samedinnovazioni.it\/fr\/societe\/#breadcrumb","itemListElement":[{"@type":"ListItem","position":1,"name":"Home","item":"https:\/\/www.samedinnovazioni.it\/fr\/"},{"@type":"ListItem","position":2,"name":"Soci\u00e9t\u00e9"}]},{"@type":"WebSite","@id":"https:\/\/www.samedinnovazioni.it\/#website","url":"https:\/\/www.samedinnovazioni.it\/","name":"Samed innovazioni","description":"Copertinatrici, Macchine per cartotecnica, legatoria e fotolibro","publisher":{"@id":"https:\/\/www.samedinnovazioni.it\/#organization"},"potentialAction":[{"@type":"SearchAction","target":{"@type":"EntryPoint","urlTemplate":"https:\/\/www.samedinnovazioni.it\/?s={search_term_string}"},"query-input":{"@type":"PropertyValueSpecification","valueRequired":true,"valueName":"search_term_string"}}],"inLanguage":"fr-FR"},{"@type":"Organization","@id":"https:\/\/www.samedinnovazioni.it\/#organization","name":"Samed Innovazioni","url":"https:\/\/www.samedinnovazioni.it\/","logo":{"@type":"ImageObject","inLanguage":"fr-FR","@id":"https:\/\/www.samedinnovazioni.it\/#\/schema\/logo\/image\/","url":"https:\/\/www.samedinnovazioni.it\/wp-content\/uploads\/2021\/05\/samed-innovazioni.png","contentUrl":"https:\/\/www.samedinnovazioni.it\/wp-content\/uploads\/2021\/05\/samed-innovazioni.png","width":282,"height":67,"caption":"Samed Innovazioni"},"image":{"@id":"https:\/\/www.samedinnovazioni.it\/#\/schema\/logo\/image\/"}}]}},"_links":{"self":[{"href":"https:\/\/www.samedinnovazioni.it\/fr\/wp-json\/wp\/v2\/pages\/2940","targetHints":{"allow":["GET"]}}],"collection":[{"href":"https:\/\/www.samedinnovazioni.it\/fr\/wp-json\/wp\/v2\/pages"}],"about":[{"href":"https:\/\/www.samedinnovazioni.it\/fr\/wp-json\/wp\/v2\/types\/page"}],"author":[{"embeddable":true,"href":"https:\/\/www.samedinnovazioni.it\/fr\/wp-json\/wp\/v2\/users\/2"}],"replies":[{"embeddable":true,"href":"https:\/\/www.samedinnovazioni.it\/fr\/wp-json\/wp\/v2\/comments?post=2940"}],"version-history":[{"count":7,"href":"https:\/\/www.samedinnovazioni.it\/fr\/wp-json\/wp\/v2\/pages\/2940\/revisions"}],"predecessor-version":[{"id":2979,"href":"https:\/\/www.samedinnovazioni.it\/fr\/wp-json\/wp\/v2\/pages\/2940\/revisions\/2979"}],"wp:attachment":[{"href":"https:\/\/www.samedinnovazioni.it\/fr\/wp-json\/wp\/v2\/media?parent=2940"}],"curies":[{"name":"wp","href":"https:\/\/api.w.org\/{rel}","templated":true}]}}