{"id":3546,"date":"2021-04-12T11:45:22","date_gmt":"2021-04-12T09:45:22","guid":{"rendered":"https:\/\/www.samedinnovazioni.it\/photofold\/"},"modified":"2021-11-22T13:51:38","modified_gmt":"2021-11-22T12:51:38","slug":"photofold","status":"publish","type":"page","link":"https:\/\/www.samedinnovazioni.it\/es\/photofold\/","title":{"rendered":"Photofold"},"content":{"rendered":"\t\t<div data-elementor-type=\"wp-page\" data-elementor-id=\"3546\" class=\"elementor elementor-3546 elementor-2606\">\n\t\t\t\t\t\t\t\t\t<section class=\"elementor-section elementor-top-section elementor-element elementor-element-25d65e4 elementor-section-height-min-height elementor-section-boxed elementor-section-height-default elementor-section-items-middle\" data-id=\"25d65e4\" data-element_type=\"section\" data-settings=\"{&quot;background_background&quot;:&quot;classic&quot;,&quot;shape_divider_bottom&quot;:&quot;tilt&quot;}\">\n\t\t\t\t\t<div class=\"elementor-shape elementor-shape-bottom\" data-negative=\"false\">\n\t\t\t<svg xmlns=\"http:\/\/www.w3.org\/2000\/svg\" viewBox=\"0 0 1000 100\" preserveAspectRatio=\"none\">\n\t<path class=\"elementor-shape-fill\" d=\"M0,6V0h1000v100L0,6z\"\/>\n<\/svg>\t\t<\/div>\n\t\t\t\t\t<div class=\"elementor-container elementor-column-gap-default\">\n\t\t\t\t\t<div class=\"elementor-column elementor-col-100 elementor-top-column elementor-element elementor-element-6632314\" data-id=\"6632314\" data-element_type=\"column\">\n\t\t\t<div class=\"elementor-widget-wrap elementor-element-populated\">\n\t\t\t\t\t\t\t\t<div class=\"elementor-element elementor-element-e845341 elementor-icon-list--layout-inline elementor-list-item-link-full_width elementor-widget elementor-widget-icon-list\" data-id=\"e845341\" data-element_type=\"widget\" data-widget_type=\"icon-list.default\">\n\t\t\t\t<div class=\"elementor-widget-container\">\n\t\t\t\t\t<ul class=\"elementor-icon-list-items elementor-inline-items\">\n\t\t\t\t\t\t\t<li class=\"elementor-icon-list-item elementor-inline-item\">\n\t\t\t\t\t\t\t\t\t\t\t<a href=\"https:\/\/www.samedinnovazioni.it\/es\/productos\/\">\n\n\t\t\t\t\t\t\t\t\t\t\t<span class=\"elementor-icon-list-text\">TODOS LOS PRODUCTOS<\/span>\n\t\t\t\t\t\t\t\t\t\t\t<\/a>\n\t\t\t\t\t\t\t\t\t<\/li>\n\t\t\t\t\t\t\t\t<li class=\"elementor-icon-list-item elementor-inline-item\">\n\t\t\t\t\t\t\t\t\t\t\t<a href=\"https:\/\/www.samedinnovazioni.it\/es\/productos\/pegado-plegado-prensa-para-libros-de-fotos\/\">\n\n\t\t\t\t\t\t\t\t\t\t\t\t<span class=\"elementor-icon-list-icon\">\n\t\t\t\t\t\t\t<i aria-hidden=\"true\" class=\"fas fa-angle-double-right\"><\/i>\t\t\t\t\t\t<\/span>\n\t\t\t\t\t\t\t\t\t\t<span class=\"elementor-icon-list-text\">MAQUINARIA PARA LIBROS DE FOTOS<\/span>\n\t\t\t\t\t\t\t\t\t\t\t<\/a>\n\t\t\t\t\t\t\t\t\t<\/li>\n\t\t\t\t\t\t<\/ul>\n\t\t\t\t<\/div>\n\t\t\t\t<\/div>\n\t\t\t\t<div class=\"elementor-element elementor-element-e4a303c elementor-widget elementor-widget-heading\" data-id=\"e4a303c\" data-element_type=\"widget\" data-widget_type=\"heading.default\">\n\t\t\t\t<div class=\"elementor-widget-container\">\n\t\t\t<h2 class=\"elementor-heading-title elementor-size-default\"><!-- L\u00ednea autom\u00e1tica para Libros Fotogr\u00e1ficos --><\/h2>\t\t<\/div>\n\t\t\t\t<\/div>\n\t\t\t\t\t<\/div>\n\t\t<\/div>\n\t\t\t\t\t\t\t<\/div>\n\t\t<\/section>\n\t\t\t\t<section class=\"elementor-section elementor-top-section elementor-element elementor-element-d5b1ef1 elementor-section-boxed elementor-section-height-default elementor-section-height-default\" data-id=\"d5b1ef1\" data-element_type=\"section\">\n\t\t\t\t\t\t<div class=\"elementor-container elementor-column-gap-default\">\n\t\t\t\t\t<div class=\"elementor-column elementor-col-50 elementor-top-column elementor-element elementor-element-466b54b\" data-id=\"466b54b\" data-element_type=\"column\">\n\t\t\t<div class=\"elementor-widget-wrap elementor-element-populated\">\n\t\t\t\t\t\t\t\t<div class=\"elementor-element elementor-element-ea8b879 elementor-widget elementor-widget-text-editor\" data-id=\"ea8b879\" data-element_type=\"widget\" data-widget_type=\"text-editor.default\">\n\t\t\t\t<div class=\"elementor-widget-container\">\n\t\t\t\t\t\t\t<p><strong>L\u00cdNEA AUTOM\u00c1TICA PARA LIBROS FOTOGR\u00c1FICOS<\/strong><\/p><p>Nuestra <strong>encoladora autom\u00e1tica mod. <a href=\"https:\/\/www.samedinnovazioni.it\/es\/photofast-hot-melt\/\">PHOTOFAST Hot Melt<\/a> se completar\u00e1 con su m\u00e1quina plegadora autom\u00e1tica de fotos Mod. \u201cPHOTOFOLD\u201d hermana, para formar una l\u00ednea autom\u00e1tica para la producci\u00f3n del \u00e1lbum de fotos<\/strong>.<\/p><p>Esta nueva combinaci\u00f3n garantiza una l\u00ednea de trabajo <strong>m\u00e1s productiva y lineal, eliminando las operaciones manuales<\/strong>.<\/p><p>Desde la unidad PHOTOFOLD, las fotos salen ya arrugadas, dobladas y prensadas y pasan por la encoladora en caliente Photofast para la creaci\u00f3n de un libro.<\/p><p>Completa (velocidad hasta 25 ciclos\/minuto). <strong>El cambio de formato, muy r\u00e1pido e intuitivo y sin el uso de piezas mec\u00e1nicas para reemplazar<\/strong>, hace que esta nueva l\u00ednea con sus particularidades sea \u00fanica en su g\u00e9nero.<\/p><p>Norte. 04 operaciones realizadas con <strong>un solo operador<\/strong> (hendido, plegado, prensado y encolado).<\/p>\t\t\t\t\t\t<\/div>\n\t\t\t\t<\/div>\n\t\t\t\t<div class=\"elementor-element elementor-element-3001047 elementor-widget-divider--view-line elementor-widget elementor-widget-divider\" data-id=\"3001047\" data-element_type=\"widget\" data-widget_type=\"divider.default\">\n\t\t\t\t<div class=\"elementor-widget-container\">\n\t\t\t\t\t<div class=\"elementor-divider\">\n\t\t\t<span class=\"elementor-divider-separator\">\n\t\t\t\t\t\t<\/span>\n\t\t<\/div>\n\t\t\t\t<\/div>\n\t\t\t\t<\/div>\n\t\t\t\t<div class=\"elementor-element elementor-element-34ddcf3 elementor-icon-list--layout-traditional elementor-list-item-link-full_width elementor-widget elementor-widget-icon-list\" data-id=\"34ddcf3\" data-element_type=\"widget\" data-widget_type=\"icon-list.default\">\n\t\t\t\t<div class=\"elementor-widget-container\">\n\t\t\t\t\t<ul class=\"elementor-icon-list-items\">\n\t\t\t\t\t\t\t<li class=\"elementor-icon-list-item\">\n\t\t\t\t\t\t\t\t\t\t\t<a href=\"https:\/\/www.samedinnovazioni.it\/wp-content\/uploads\/2021\/04\/foto-linea-x-photolibri-descrizione-modificato.pdf\">\n\n\t\t\t\t\t\t\t\t\t\t\t\t<span class=\"elementor-icon-list-icon\">\n\t\t\t\t\t\t\t<i aria-hidden=\"true\" class=\"fas fa-file-pdf\"><\/i>\t\t\t\t\t\t<\/span>\n\t\t\t\t\t\t\t\t\t\t<span class=\"elementor-icon-list-text\">Caracter\u00edsticas\n<\/span>\n\t\t\t\t\t\t\t\t\t\t\t<\/a>\n\t\t\t\t\t\t\t\t\t<\/li>\n\t\t\t\t\t\t<\/ul>\n\t\t\t\t<\/div>\n\t\t\t\t<\/div>\n\t\t\t\t<div class=\"elementor-element elementor-element-043ecf5 elementor-widget elementor-widget-heading\" data-id=\"043ecf5\" data-element_type=\"widget\" data-widget_type=\"heading.default\">\n\t\t\t\t<div class=\"elementor-widget-container\">\n\t\t\t<h3 class=\"elementor-heading-title elementor-size-default\">Caracter\u00edsticas T\u00e9cnicas<\/h3>\t\t<\/div>\n\t\t\t\t<\/div>\n\t\t\t\t<div class=\"elementor-element elementor-element-66b9496 elementor-widget elementor-widget-text-editor\" data-id=\"66b9496\" data-element_type=\"widget\" data-widget_type=\"text-editor.default\">\n\t\t\t\t<div class=\"elementor-widget-container\">\n\t\t\t\t\t\t\t<ul><li>Formato m\u00ednimo: Alto 152,4 mm &#8211; Ancho 180 mm (abierto 152,4 mm x 360 mm)<\/li><li>Formato m\u00e1ximo: Alto 480 mm &#8211; Ancho 400 mm (abierto 480 mm 800 mm)<\/li><li>Peso de las fotos: Min: 250 gr- Max: 350 gr.<\/li><li>Peso del soporte de cart\u00f3n: Min: 250 gr Max: 350 gr.<\/li><li>Velocidad: hasta 25 ciclos \/ minuto<\/li><li>Dimensiones totales: Cm 350 x 150 x 180 H (largo \/ ancho \/ alto)<\/li><li>Peso: FOTOFOLD unidad Peso Bruto Kg 300 Peso Neto Kg 200<\/li><li>Unidad PHOTOFAST con fusor de cola Peso bruto kg 1050 Peso neto kg 935<\/li><li>Fuente de alimentaci\u00f3n: 400 Voltios 3 Fases + Tierra + Neutro 50\/60 Hz<\/li><li>Absorci\u00f3n: 8,5 Kw<\/li><li>Aire comprimido: aprox. 200 Nl \/ h 6 BAR<\/li><\/ul><p>\u00a0<\/p><p>Alimentador doble separado para fotos pre-plegadas y cartulina de respaldo.<\/p><p>Apertura del \u00e1lbum de fotos en perfecta planitud para obtener el efecto \u00abP\u00e1ginas panor\u00e1micas\u00bb.<\/p><p>Uso de pegamento termofusible con revestimiento de rodillo.<\/p><p>L\u00ednea predispuesta con conexi\u00f3n para extracci\u00f3n de vapor.<\/p><p><strong>Creaci\u00f3n de libros profesionales incluso en grandes formatos<\/strong>.<\/p>\t\t\t\t\t\t<\/div>\n\t\t\t\t<\/div>\n\t\t\t\t\t<\/div>\n\t\t<\/div>\n\t\t\t\t<div class=\"elementor-column elementor-col-50 elementor-top-column elementor-element elementor-element-b532b78\" data-id=\"b532b78\" data-element_type=\"column\" data-settings=\"{&quot;motion_fx_motion_fx_scrolling&quot;:&quot;yes&quot;,&quot;motion_fx_translateY_effect&quot;:&quot;yes&quot;,&quot;motion_fx_translateY_direction&quot;:&quot;negative&quot;,&quot;motion_fx_translateY_speed&quot;:{&quot;unit&quot;:&quot;px&quot;,&quot;size&quot;:7.4000000000000003552713678800500929355621337890625,&quot;sizes&quot;:[]},&quot;motion_fx_translateY_affectedRange&quot;:{&quot;unit&quot;:&quot;%&quot;,&quot;size&quot;:&quot;&quot;,&quot;sizes&quot;:{&quot;start&quot;:45,&quot;end&quot;:100}},&quot;motion_fx_devices&quot;:[&quot;desktop&quot;]}\">\n\t\t\t<div class=\"elementor-widget-wrap elementor-element-populated\">\n\t\t\t\t\t\t\t\t<div class=\"elementor-element elementor-element-16aa0cc elementor-widget elementor-widget-image\" data-id=\"16aa0cc\" data-element_type=\"widget\" data-widget_type=\"image.default\">\n\t\t\t\t<div class=\"elementor-widget-container\">\n\t\t\t\t\t\t\t\t\t\t\t\t\t\t\t<img width=\"768\" height=\"455\" src=\"https:\/\/www.samedinnovazioni.it\/wp-content\/uploads\/2021\/11\/SAM-Foto-linea-automatica-per-fotolibri-768x455.png\" class=\"attachment-medium_large size-medium_large wp-image-6256\" alt=\"\" srcset=\"https:\/\/www.samedinnovazioni.it\/wp-content\/uploads\/2021\/11\/SAM-Foto-linea-automatica-per-fotolibri-768x455.png 768w, https:\/\/www.samedinnovazioni.it\/wp-content\/uploads\/2021\/11\/SAM-Foto-linea-automatica-per-fotolibri-700x414.png 700w, https:\/\/www.samedinnovazioni.it\/wp-content\/uploads\/2021\/11\/SAM-Foto-linea-automatica-per-fotolibri-1200x710.png 1200w, https:\/\/www.samedinnovazioni.it\/wp-content\/uploads\/2021\/11\/SAM-Foto-linea-automatica-per-fotolibri.png 1306w\" sizes=\"(max-width: 768px) 100vw, 768px\" \/>\t\t\t\t\t\t\t\t\t\t\t\t\t\t\t<\/div>\n\t\t\t\t<\/div>\n\t\t\t\t\t<\/div>\n\t\t<\/div>\n\t\t\t\t\t\t\t<\/div>\n\t\t<\/section>\n\t\t\t\t<section class=\"elementor-section elementor-top-section elementor-element elementor-element-f911148 elementor-section-boxed elementor-section-height-default elementor-section-height-default\" data-id=\"f911148\" data-element_type=\"section\">\n\t\t\t\t\t\t<div class=\"elementor-container elementor-column-gap-default\">\n\t\t\t\t\t<div class=\"elementor-column elementor-col-100 elementor-top-column elementor-element elementor-element-d2c8a7f\" data-id=\"d2c8a7f\" data-element_type=\"column\">\n\t\t\t<div class=\"elementor-widget-wrap elementor-element-populated\">\n\t\t\t\t\t\t\t\t<div class=\"elementor-element elementor-element-18e401f elementor-widget elementor-widget-video\" data-id=\"18e401f\" data-element_type=\"widget\" data-settings=\"{&quot;youtube_url&quot;:&quot;https:\\\/\\\/youtu.be\\\/6T2ppNPCdbM&quot;,&quot;lazy_load&quot;:&quot;yes&quot;,&quot;modestbranding&quot;:&quot;yes&quot;,&quot;video_type&quot;:&quot;youtube&quot;,&quot;controls&quot;:&quot;yes&quot;}\" data-widget_type=\"video.default\">\n\t\t\t\t<div class=\"elementor-widget-container\">\n\t\t\t\t\t<div class=\"elementor-wrapper elementor-open-inline\">\n\t\t\t<div class=\"elementor-video\"><\/div>\t\t<\/div>\n\t\t\t\t<\/div>\n\t\t\t\t<\/div>\n\t\t\t\t\t<\/div>\n\t\t<\/div>\n\t\t\t\t\t\t\t<\/div>\n\t\t<\/section>\n\t\t\t\t<section class=\"elementor-section elementor-top-section elementor-element elementor-element-2ff9f93 elementor-section-boxed elementor-section-height-default elementor-section-height-default\" data-id=\"2ff9f93\" data-element_type=\"section\" data-settings=\"{&quot;background_background&quot;:&quot;classic&quot;}\">\n\t\t\t\t\t\t<div class=\"elementor-container elementor-column-gap-default\">\n\t\t\t\t\t<div class=\"elementor-column elementor-col-100 elementor-top-column elementor-element elementor-element-4fb59c1\" data-id=\"4fb59c1\" data-element_type=\"column\">\n\t\t\t<div class=\"elementor-widget-wrap elementor-element-populated\">\n\t\t\t\t\t\t\t\t<div class=\"elementor-element elementor-element-7e1ee23 elementor-widget elementor-widget-heading\" data-id=\"7e1ee23\" data-element_type=\"widget\" data-widget_type=\"heading.default\">\n\t\t\t\t<div class=\"elementor-widget-container\">\n\t\t\t<h3 class=\"elementor-heading-title elementor-size-default\">\u00bfQuieres m\u00e1s informaci\u00f3n sobre este producto?<\/h3>\t\t<\/div>\n\t\t\t\t<\/div>\n\t\t\t\t<div class=\"elementor-element elementor-element-90b0914 elementor-align-center elementor-widget elementor-widget-button\" data-id=\"90b0914\" data-element_type=\"widget\" data-widget_type=\"button.default\">\n\t\t\t\t<div class=\"elementor-widget-container\">\n\t\t\t\t\t<div class=\"elementor-button-wrapper\">\n\t\t\t<a href=\"https:\/\/www.samedinnovazioni.it\/es\/contactos\/\" class=\"elementor-button-link elementor-button elementor-size-sm\" role=\"button\">\n\t\t\t\t\t\t<span class=\"elementor-button-content-wrapper\">\n\t\t\t\t\t\t<span class=\"elementor-button-text\">CONT\u00c1CTENOS<\/span>\n\t\t<\/span>\n\t\t\t\t\t<\/a>\n\t\t<\/div>\n\t\t\t\t<\/div>\n\t\t\t\t<\/div>\n\t\t\t\t\t<\/div>\n\t\t<\/div>\n\t\t\t\t\t\t\t<\/div>\n\t\t<\/section>\n\t\t\t\t\t\t\t<\/div>\n\t\t","protected":false},"excerpt":{"rendered":"<p>TODOS LOS PRODUCTOS MAQUINARIA PARA LIBROS DE FOTOS L\u00cdNEA AUTOM\u00c1TICA PARA LIBROS FOTOGR\u00c1FICOS Nuestra encoladora autom\u00e1tica mod. PHOTOFAST Hot Melt se completar\u00e1 con su m\u00e1quina plegadora autom\u00e1tica de fotos Mod. \u201cPHOTOFOLD\u201d hermana, para formar una l\u00ednea autom\u00e1tica para la producci\u00f3n del \u00e1lbum de fotos. Esta nueva combinaci\u00f3n garantiza una l\u00ednea de trabajo m\u00e1s productiva y [&hellip;]<\/p>\n","protected":false},"author":2,"featured_media":0,"parent":0,"menu_order":0,"comment_status":"closed","ping_status":"closed","template":"elementor_header_footer","meta":[],"yoast_head":"<!-- This site is optimized with the Yoast SEO plugin v19.13 - https:\/\/yoast.com\/wordpress\/plugins\/seo\/ -->\n<title>Photofold - Linea Automatica para Libros de Fotos| Samed innovazioni<\/title>\n<meta name=\"description\" content=\"L\u00ednea autom\u00e1tica de fotolibros formada por la encoladora en caliente Photofast y la carpeta de fotos \u201cPHOTOFOLD\u201d. Sin operaciones manuales.\" \/>\n<meta name=\"robots\" content=\"index, follow, max-snippet:-1, max-image-preview:large, max-video-preview:-1\" \/>\n<link rel=\"canonical\" href=\"https:\/\/www.samedinnovazioni.it\/es\/photofold\/\" \/>\n<meta property=\"og:locale\" content=\"es_ES\" \/>\n<meta property=\"og:type\" content=\"article\" \/>\n<meta property=\"og:title\" content=\"Photofold - Linea Automatica para Libros de Fotos| Samed innovazioni\" \/>\n<meta property=\"og:description\" content=\"L\u00ednea autom\u00e1tica de fotolibros formada por la encoladora en caliente Photofast y la carpeta de fotos \u201cPHOTOFOLD\u201d. Sin operaciones manuales.\" \/>\n<meta property=\"og:url\" content=\"https:\/\/www.samedinnovazioni.it\/es\/photofold\/\" \/>\n<meta property=\"og:site_name\" content=\"Samed innovazioni\" \/>\n<meta property=\"article:modified_time\" content=\"2021-11-22T12:51:38+00:00\" \/>\n<meta property=\"og:image\" content=\"https:\/\/www.samedinnovazioni.it\/wp-content\/uploads\/2021\/11\/SAM-Foto-linea-automatica-per-fotolibri-768x455.png\" \/>\n<meta name=\"twitter:card\" content=\"summary_large_image\" \/>\n<meta name=\"twitter:label1\" content=\"Tiempo de lectura\" \/>\n\t<meta name=\"twitter:data1\" content=\"2 minutos\" \/>\n<script type=\"application\/ld+json\" class=\"yoast-schema-graph\">{\"@context\":\"https:\/\/schema.org\",\"@graph\":[{\"@type\":\"WebPage\",\"@id\":\"https:\/\/www.samedinnovazioni.it\/es\/photofold\/\",\"url\":\"https:\/\/www.samedinnovazioni.it\/es\/photofold\/\",\"name\":\"Photofold - Linea Automatica para Libros de Fotos| Samed innovazioni\",\"isPartOf\":{\"@id\":\"https:\/\/www.samedinnovazioni.it\/#website\"},\"datePublished\":\"2021-04-12T09:45:22+00:00\",\"dateModified\":\"2021-11-22T12:51:38+00:00\",\"description\":\"L\u00ednea autom\u00e1tica de fotolibros formada por la encoladora en caliente Photofast y la carpeta de fotos \u201cPHOTOFOLD\u201d. Sin operaciones manuales.\",\"breadcrumb\":{\"@id\":\"https:\/\/www.samedinnovazioni.it\/es\/photofold\/#breadcrumb\"},\"inLanguage\":\"es\",\"potentialAction\":[{\"@type\":\"ReadAction\",\"target\":[\"https:\/\/www.samedinnovazioni.it\/es\/photofold\/\"]}]},{\"@type\":\"BreadcrumbList\",\"@id\":\"https:\/\/www.samedinnovazioni.it\/es\/photofold\/#breadcrumb\",\"itemListElement\":[{\"@type\":\"ListItem\",\"position\":1,\"name\":\"Home\",\"item\":\"https:\/\/www.samedinnovazioni.it\/es\/\"},{\"@type\":\"ListItem\",\"position\":2,\"name\":\"Photofold\"}]},{\"@type\":\"WebSite\",\"@id\":\"https:\/\/www.samedinnovazioni.it\/#website\",\"url\":\"https:\/\/www.samedinnovazioni.it\/\",\"name\":\"Samed innovazioni\",\"description\":\"Copertinatrici, Macchine per cartotecnica, legatoria e fotolibro\",\"publisher\":{\"@id\":\"https:\/\/www.samedinnovazioni.it\/#organization\"},\"potentialAction\":[{\"@type\":\"SearchAction\",\"target\":{\"@type\":\"EntryPoint\",\"urlTemplate\":\"https:\/\/www.samedinnovazioni.it\/?s={search_term_string}\"},\"query-input\":\"required name=search_term_string\"}],\"inLanguage\":\"es\"},{\"@type\":\"Organization\",\"@id\":\"https:\/\/www.samedinnovazioni.it\/#organization\",\"name\":\"Samed Innovazioni\",\"url\":\"https:\/\/www.samedinnovazioni.it\/\",\"logo\":{\"@type\":\"ImageObject\",\"inLanguage\":\"es\",\"@id\":\"https:\/\/www.samedinnovazioni.it\/#\/schema\/logo\/image\/\",\"url\":\"https:\/\/www.samedinnovazioni.it\/wp-content\/uploads\/2021\/05\/samed-innovazioni.png\",\"contentUrl\":\"https:\/\/www.samedinnovazioni.it\/wp-content\/uploads\/2021\/05\/samed-innovazioni.png\",\"width\":282,\"height\":67,\"caption\":\"Samed Innovazioni\"},\"image\":{\"@id\":\"https:\/\/www.samedinnovazioni.it\/#\/schema\/logo\/image\/\"}}]}<\/script>\n<!-- \/ Yoast SEO plugin. -->","yoast_head_json":{"title":"Photofold - Linea Automatica para Libros de Fotos| Samed innovazioni","description":"L\u00ednea autom\u00e1tica de fotolibros formada por la encoladora en caliente Photofast y la carpeta de fotos \u201cPHOTOFOLD\u201d. Sin operaciones manuales.","robots":{"index":"index","follow":"follow","max-snippet":"max-snippet:-1","max-image-preview":"max-image-preview:large","max-video-preview":"max-video-preview:-1"},"canonical":"https:\/\/www.samedinnovazioni.it\/es\/photofold\/","og_locale":"es_ES","og_type":"article","og_title":"Photofold - Linea Automatica para Libros de Fotos| Samed innovazioni","og_description":"L\u00ednea autom\u00e1tica de fotolibros formada por la encoladora en caliente Photofast y la carpeta de fotos \u201cPHOTOFOLD\u201d. Sin operaciones manuales.","og_url":"https:\/\/www.samedinnovazioni.it\/es\/photofold\/","og_site_name":"Samed innovazioni","article_modified_time":"2021-11-22T12:51:38+00:00","og_image":[{"url":"https:\/\/www.samedinnovazioni.it\/wp-content\/uploads\/2021\/11\/SAM-Foto-linea-automatica-per-fotolibri-768x455.png"}],"twitter_card":"summary_large_image","twitter_misc":{"Tiempo de lectura":"2 minutos"},"schema":{"@context":"https:\/\/schema.org","@graph":[{"@type":"WebPage","@id":"https:\/\/www.samedinnovazioni.it\/es\/photofold\/","url":"https:\/\/www.samedinnovazioni.it\/es\/photofold\/","name":"Photofold - Linea Automatica para Libros de Fotos| Samed innovazioni","isPartOf":{"@id":"https:\/\/www.samedinnovazioni.it\/#website"},"datePublished":"2021-04-12T09:45:22+00:00","dateModified":"2021-11-22T12:51:38+00:00","description":"L\u00ednea autom\u00e1tica de fotolibros formada por la encoladora en caliente Photofast y la carpeta de fotos \u201cPHOTOFOLD\u201d. Sin operaciones manuales.","breadcrumb":{"@id":"https:\/\/www.samedinnovazioni.it\/es\/photofold\/#breadcrumb"},"inLanguage":"es","potentialAction":[{"@type":"ReadAction","target":["https:\/\/www.samedinnovazioni.it\/es\/photofold\/"]}]},{"@type":"BreadcrumbList","@id":"https:\/\/www.samedinnovazioni.it\/es\/photofold\/#breadcrumb","itemListElement":[{"@type":"ListItem","position":1,"name":"Home","item":"https:\/\/www.samedinnovazioni.it\/es\/"},{"@type":"ListItem","position":2,"name":"Photofold"}]},{"@type":"WebSite","@id":"https:\/\/www.samedinnovazioni.it\/#website","url":"https:\/\/www.samedinnovazioni.it\/","name":"Samed innovazioni","description":"Copertinatrici, Macchine per cartotecnica, legatoria e fotolibro","publisher":{"@id":"https:\/\/www.samedinnovazioni.it\/#organization"},"potentialAction":[{"@type":"SearchAction","target":{"@type":"EntryPoint","urlTemplate":"https:\/\/www.samedinnovazioni.it\/?s={search_term_string}"},"query-input":"required name=search_term_string"}],"inLanguage":"es"},{"@type":"Organization","@id":"https:\/\/www.samedinnovazioni.it\/#organization","name":"Samed Innovazioni","url":"https:\/\/www.samedinnovazioni.it\/","logo":{"@type":"ImageObject","inLanguage":"es","@id":"https:\/\/www.samedinnovazioni.it\/#\/schema\/logo\/image\/","url":"https:\/\/www.samedinnovazioni.it\/wp-content\/uploads\/2021\/05\/samed-innovazioni.png","contentUrl":"https:\/\/www.samedinnovazioni.it\/wp-content\/uploads\/2021\/05\/samed-innovazioni.png","width":282,"height":67,"caption":"Samed Innovazioni"},"image":{"@id":"https:\/\/www.samedinnovazioni.it\/#\/schema\/logo\/image\/"}}]}},"_links":{"self":[{"href":"https:\/\/www.samedinnovazioni.it\/es\/wp-json\/wp\/v2\/pages\/3546"}],"collection":[{"href":"https:\/\/www.samedinnovazioni.it\/es\/wp-json\/wp\/v2\/pages"}],"about":[{"href":"https:\/\/www.samedinnovazioni.it\/es\/wp-json\/wp\/v2\/types\/page"}],"author":[{"embeddable":true,"href":"https:\/\/www.samedinnovazioni.it\/es\/wp-json\/wp\/v2\/users\/2"}],"replies":[{"embeddable":true,"href":"https:\/\/www.samedinnovazioni.it\/es\/wp-json\/wp\/v2\/comments?post=3546"}],"version-history":[{"count":32,"href":"https:\/\/www.samedinnovazioni.it\/es\/wp-json\/wp\/v2\/pages\/3546\/revisions"}],"predecessor-version":[{"id":6435,"href":"https:\/\/www.samedinnovazioni.it\/es\/wp-json\/wp\/v2\/pages\/3546\/revisions\/6435"}],"wp:attachment":[{"href":"https:\/\/www.samedinnovazioni.it\/es\/wp-json\/wp\/v2\/media?parent=3546"}],"curies":[{"name":"wp","href":"https:\/\/api.w.org\/{rel}","templated":true}]}}