{"id":3494,"date":"2021-04-12T11:33:12","date_gmt":"2021-04-12T09:33:12","guid":{"rendered":"https:\/\/www.samedinnovazioni.it\/photofast-hm-light\/"},"modified":"2021-11-22T13:20:48","modified_gmt":"2021-11-22T12:20:48","slug":"photofast-hm-light","status":"publish","type":"page","link":"https:\/\/www.samedinnovazioni.it\/es\/photofast-hm-light\/","title":{"rendered":"Photofast Hot Melt Light"},"content":{"rendered":"\t\t<div data-elementor-type=\"wp-page\" data-elementor-id=\"3494\" class=\"elementor elementor-3494 elementor-2596\">\n\t\t\t\t\t\t\t\t\t<section class=\"elementor-section elementor-top-section elementor-element elementor-element-91ff0f4 elementor-section-height-min-height elementor-section-boxed elementor-section-height-default elementor-section-items-middle\" data-id=\"91ff0f4\" data-element_type=\"section\" data-settings=\"{&quot;background_background&quot;:&quot;classic&quot;,&quot;shape_divider_bottom&quot;:&quot;tilt&quot;}\">\n\t\t\t\t\t<div class=\"elementor-shape elementor-shape-bottom\" data-negative=\"false\">\n\t\t\t<svg xmlns=\"http:\/\/www.w3.org\/2000\/svg\" viewBox=\"0 0 1000 100\" preserveAspectRatio=\"none\">\n\t<path class=\"elementor-shape-fill\" d=\"M0,6V0h1000v100L0,6z\"\/>\n<\/svg>\t\t<\/div>\n\t\t\t\t\t<div class=\"elementor-container elementor-column-gap-default\">\n\t\t\t\t\t<div class=\"elementor-column elementor-col-100 elementor-top-column elementor-element elementor-element-59dd9b7\" data-id=\"59dd9b7\" data-element_type=\"column\">\n\t\t\t<div class=\"elementor-widget-wrap elementor-element-populated\">\n\t\t\t\t\t\t\t\t<div class=\"elementor-element elementor-element-71648d2 elementor-icon-list--layout-inline elementor-list-item-link-full_width elementor-widget elementor-widget-icon-list\" data-id=\"71648d2\" data-element_type=\"widget\" data-widget_type=\"icon-list.default\">\n\t\t\t\t<div class=\"elementor-widget-container\">\n\t\t\t\t\t<ul class=\"elementor-icon-list-items elementor-inline-items\">\n\t\t\t\t\t\t\t<li class=\"elementor-icon-list-item elementor-inline-item\">\n\t\t\t\t\t\t\t\t\t\t\t<a href=\"https:\/\/www.samedinnovazioni.it\/es\/productos\/\">\n\n\t\t\t\t\t\t\t\t\t\t\t<span class=\"elementor-icon-list-text\">TODOS LOS PRODUCTOS<\/span>\n\t\t\t\t\t\t\t\t\t\t\t<\/a>\n\t\t\t\t\t\t\t\t\t<\/li>\n\t\t\t\t\t\t\t\t<li class=\"elementor-icon-list-item elementor-inline-item\">\n\t\t\t\t\t\t\t\t\t\t\t<a href=\"https:\/\/www.samedinnovazioni.it\/es\/productos\/pegado-plegado-prensa-para-libros-de-fotos\/\">\n\n\t\t\t\t\t\t\t\t\t\t\t\t<span class=\"elementor-icon-list-icon\">\n\t\t\t\t\t\t\t<i aria-hidden=\"true\" class=\"fas fa-angle-double-right\"><\/i>\t\t\t\t\t\t<\/span>\n\t\t\t\t\t\t\t\t\t\t<span class=\"elementor-icon-list-text\">MAQUINARIA PARA LIBROS DE FOTOS<\/span>\n\t\t\t\t\t\t\t\t\t\t\t<\/a>\n\t\t\t\t\t\t\t\t\t<\/li>\n\t\t\t\t\t\t<\/ul>\n\t\t\t\t<\/div>\n\t\t\t\t<\/div>\n\t\t\t\t<div class=\"elementor-element elementor-element-407e338 elementor-widget elementor-widget-heading\" data-id=\"407e338\" data-element_type=\"widget\" data-widget_type=\"heading.default\">\n\t\t\t\t<div class=\"elementor-widget-container\">\n\t\t\t<h2 class=\"elementor-heading-title elementor-size-default\"><!-- Encoladora Semiautom\u00e1tica --><\/h2>\t\t<\/div>\n\t\t\t\t<\/div>\n\t\t\t\t\t<\/div>\n\t\t<\/div>\n\t\t\t\t\t\t\t<\/div>\n\t\t<\/section>\n\t\t\t\t<section class=\"elementor-section elementor-top-section elementor-element elementor-element-8ecdd21 elementor-section-boxed elementor-section-height-default elementor-section-height-default\" data-id=\"8ecdd21\" data-element_type=\"section\">\n\t\t\t\t\t\t<div class=\"elementor-container elementor-column-gap-default\">\n\t\t\t\t\t<div class=\"elementor-column elementor-col-50 elementor-top-column elementor-element elementor-element-2e0fa4b\" data-id=\"2e0fa4b\" data-element_type=\"column\">\n\t\t\t<div class=\"elementor-widget-wrap elementor-element-populated\">\n\t\t\t\t\t\t\t\t<div class=\"elementor-element elementor-element-f1da0b4 elementor-widget elementor-widget-text-editor\" data-id=\"f1da0b4\" data-element_type=\"widget\" data-widget_type=\"text-editor.default\">\n\t\t\t\t<div class=\"elementor-widget-container\">\n\t\t\t\t\t\t\t<p><strong>Photofast Hot Melt Light Semiautom\u00e1tico.<\/strong><\/p><p>Ante la gran demanda de nuestros clientes y el deseo de crear una m\u00e1quina que permitiera una <strong>reducci\u00f3n significativa de los costes de producci\u00f3n de los \u00e1lbumes de fotos<\/strong>, nace nuestro nuevo PHOTOFAST LIGHT semiautom\u00e1tico.<\/p><p>Es una encoladora de bloques fotogr\u00e1ficos formados por fotograf\u00edas pre-plegadas y cartulina intermedia. Una nueva m\u00e1quina, <strong>amparada por una patente propia<\/strong>, que no requiere el uso de cart\u00f3n preadhesivo y permite a las empresas ahorrar significativamente en cart\u00f3n.<\/p><p>La maquinaria, de tama\u00f1o <strong>compacto y r\u00e1pido en tiempos de producci\u00f3n<\/strong>, prev\u00e9 la <strong>intervenci\u00f3n manual de un operario<\/strong> en la alimentaci\u00f3n de fotograf\u00edas y fichas en las gu\u00edas adecuadas, permite <strong>intervenir r\u00e1pidamente en caso de anomal\u00edas sin tener que retirar piezas mec\u00e1nicas<\/strong> y tambi\u00e9n puede ser gestionada por una estaci\u00f3n sentada frente a la m\u00e1quina.<\/p><p>Las fotos y las cartas descienden por gravedad y se encuentran con un rodillo que aplica cola HOT MELT y finalmente una prensa completa el bloque.<\/p><p>El bloque terminado requiere una ligera presi\u00f3n durante un tiempo m\u00e1ximo de 5 min. dependiendo de la cantidad de fotos.<\/p><p><strong>Es ideal para todos aquellos que tienen una necesidad de producci\u00f3n a partir de 5-6 \u00e1lbumes de fotos por d\u00eda<\/strong>.<\/p><p>El uso de la m\u00e1quina <strong>no requiere personal altamente especializado<\/strong> ya que es muy sencillo.<\/p>\t\t\t\t\t\t<\/div>\n\t\t\t\t<\/div>\n\t\t\t\t<div class=\"elementor-element elementor-element-84607c8 elementor-widget elementor-widget-heading\" data-id=\"84607c8\" data-element_type=\"widget\" data-widget_type=\"heading.default\">\n\t\t\t\t<div class=\"elementor-widget-container\">\n\t\t\t<h3 class=\"elementor-heading-title elementor-size-default\">Por que Elegirlo<\/h3>\t\t<\/div>\n\t\t\t\t<\/div>\n\t\t\t\t<div class=\"elementor-element elementor-element-93fa39a elementor-widget elementor-widget-text-editor\" data-id=\"93fa39a\" data-element_type=\"widget\" data-widget_type=\"text-editor.default\">\n\t\t\t\t<div class=\"elementor-widget-container\">\n\t\t\t\t\t\t\t<ul><li>m\u00e1quina <strong>f\u00e1cil de usar, intuitiva<\/strong> y <strong>no requiere personal especializado<\/strong>.<\/li><li>en caso de anomal\u00edas, <strong>permite al operador intervenir r\u00e1pidamente y sin necesidad de retirar piezas mec\u00e1nicas<\/strong>.<\/li><li>panel de operador <strong>f\u00e1cil e intuitivo<\/strong> con la posibilidad de configurar ciclos especiales.<\/li><li><strong>no requiere formaci\u00f3n inicial<\/strong> por parte de alguno de nuestros t\u00e9cnicos (la informaci\u00f3n adjunta es suficiente para su uso).<\/li><li><strong>compacto<\/strong>: ocupa solo 1,4 metros cuadrados.<\/li><li>sistema de encolado de un solo rodillo de nuestra concepci\u00f3n con calentamiento de cola el\u00e9ctrico.<\/li><li>capacidad para hacer bloques de m\u00e1s de 100 fotos.<\/li><li>capacidad para ejecutar varios bloques a la vez sin tener que quitar los libros uno por uno.<\/li><li><strong>cambio de formato<\/strong> realizado <strong>en muy poco tiempo<\/strong> (menos de 2 minutos).<\/li><li>Pegamento termofusible HENKE ampliamente probado y recomendado (cuesta unos 6,50 \u20ac\/Kg).<\/li><li>La cantidad de pegamento necesaria por metro cuadrado es de aproximadamente 30 g (para hacer un libro que consta de 25 fotos y 25 cartones del formato de 30 x 40 cm (cerrado), se necesitan 180 g de pegamento y se pueden hacer 5,5 libros).<\/li><li>cada libro se produce en un tiempo de 3,5 min.<\/li><li><strong>ideal para quienes tienen una producci\u00f3n m\u00ednima de 5-6 libros por d\u00eda<\/strong>.<\/li><\/ul>\t\t\t\t\t\t<\/div>\n\t\t\t\t<\/div>\n\t\t\t\t<div class=\"elementor-element elementor-element-8551dfc elementor-widget elementor-widget-heading\" data-id=\"8551dfc\" data-element_type=\"widget\" data-widget_type=\"heading.default\">\n\t\t\t\t<div class=\"elementor-widget-container\">\n\t\t\t<h3 class=\"elementor-heading-title elementor-size-default\">Caracter\u00edsticas T\u00e9cnicas:<\/h3>\t\t<\/div>\n\t\t\t\t<\/div>\n\t\t\t\t<div class=\"elementor-element elementor-element-0792344 elementor-widget elementor-widget-text-editor\" data-id=\"0792344\" data-element_type=\"widget\" data-widget_type=\"text-editor.default\">\n\t\t\t\t<div class=\"elementor-widget-container\">\n\t\t\t\t\t\t\t<ul><li>formato m\u00e1ximo: 480&#215;800 (foto abierta).<\/li><li>tama\u00f1o m\u00ednimo: 150&#215;300 (foto abierta).<\/li><li>peso de la foto: 250 gsm\/350 gsm.<\/li><li>grosor del cart\u00f3n: 250\/350 g\/ m2 (posibilidad de poner m\u00e1s cart\u00f3n entre fotos y fotos).<\/li><li>posibilidad de alimentaci\u00f3n tambi\u00e9n con soportes de 1,5mm en PVC.<\/li><li>posibilidad de fabricar productos pegados espalda con espalda, separados autom\u00e1ticamente y removibles en lotes de varias cantidades.<\/li><li>velocidad: 15-20\/min. seg\u00fan el operador.<\/li><li>fuente de alimentaci\u00f3n: 380 V 3ph + N + T.<\/li><li>potencia: 4,5 KW 16 A.<\/li><li>presi\u00f3n de aire: 6 Bar 200 litros\/h.<\/li><li>capacidad del dep\u00f3sito de cola: 3,5 kg f\u00e1cilmente rellenables por el operador con se\u00f1al de nivel m\u00ednimo\/m\u00e1ximo.<\/li><li>tipo de pegamento recomendado: termofusible.<\/li><li>temperatura de funcionamiento: 125 grados.<\/li><li>dimensiones: 1,2 x 1,2 m2, altura 1,4 m (optimizado para peque\u00f1os talleres).<\/li><li>peso: 300 kg.<\/li><li>puesto del operador: sentado o de pie.<\/li><\/ul>\t\t\t\t\t\t<\/div>\n\t\t\t\t<\/div>\n\t\t\t\t\t<\/div>\n\t\t<\/div>\n\t\t\t\t<div class=\"elementor-column elementor-col-50 elementor-top-column elementor-element elementor-element-8b4b700\" data-id=\"8b4b700\" data-element_type=\"column\" data-settings=\"{&quot;motion_fx_motion_fx_scrolling&quot;:&quot;yes&quot;,&quot;motion_fx_translateY_effect&quot;:&quot;yes&quot;,&quot;motion_fx_translateY_direction&quot;:&quot;negative&quot;,&quot;motion_fx_translateY_speed&quot;:{&quot;unit&quot;:&quot;px&quot;,&quot;size&quot;:7.4000000000000003552713678800500929355621337890625,&quot;sizes&quot;:[]},&quot;motion_fx_translateY_affectedRange&quot;:{&quot;unit&quot;:&quot;%&quot;,&quot;size&quot;:&quot;&quot;,&quot;sizes&quot;:{&quot;start&quot;:45,&quot;end&quot;:100}},&quot;motion_fx_devices&quot;:[&quot;desktop&quot;]}\">\n\t\t\t<div class=\"elementor-widget-wrap elementor-element-populated\">\n\t\t\t\t\t\t\t\t<div class=\"elementor-element elementor-element-28da140 elementor-widget elementor-widget-image\" data-id=\"28da140\" data-element_type=\"widget\" data-widget_type=\"image.default\">\n\t\t\t\t<div class=\"elementor-widget-container\">\n\t\t\t\t\t\t\t\t\t\t\t\t\t\t\t<img width=\"768\" height=\"768\" src=\"https:\/\/www.samedinnovazioni.it\/wp-content\/uploads\/2021\/04\/photofast-hot-melt-light-1024x1024-1-768x768.jpg\" class=\"attachment-medium_large size-medium_large wp-image-2601\" alt=\"\" srcset=\"https:\/\/www.samedinnovazioni.it\/wp-content\/uploads\/2021\/04\/photofast-hot-melt-light-1024x1024-1-768x768.jpg 768w, https:\/\/www.samedinnovazioni.it\/wp-content\/uploads\/2021\/04\/photofast-hot-melt-light-1024x1024-1-700x700.jpg 700w, https:\/\/www.samedinnovazioni.it\/wp-content\/uploads\/2021\/04\/photofast-hot-melt-light-1024x1024-1-150x150.jpg 150w, https:\/\/www.samedinnovazioni.it\/wp-content\/uploads\/2021\/04\/photofast-hot-melt-light-1024x1024-1.jpg 1024w\" sizes=\"(max-width: 768px) 100vw, 768px\" \/>\t\t\t\t\t\t\t\t\t\t\t\t\t\t\t<\/div>\n\t\t\t\t<\/div>\n\t\t\t\t\t<\/div>\n\t\t<\/div>\n\t\t\t\t\t\t\t<\/div>\n\t\t<\/section>\n\t\t\t\t<section class=\"elementor-section elementor-top-section elementor-element elementor-element-18fa5b0 elementor-section-boxed elementor-section-height-default elementor-section-height-default\" data-id=\"18fa5b0\" data-element_type=\"section\">\n\t\t\t\t\t\t<div class=\"elementor-container elementor-column-gap-default\">\n\t\t\t\t\t<div class=\"elementor-column elementor-col-100 elementor-top-column elementor-element elementor-element-b31a980\" data-id=\"b31a980\" data-element_type=\"column\">\n\t\t\t<div class=\"elementor-widget-wrap elementor-element-populated\">\n\t\t\t\t\t\t\t\t<div class=\"elementor-element elementor-element-1cde9c6 elementor-widget elementor-widget-video\" data-id=\"1cde9c6\" data-element_type=\"widget\" data-settings=\"{&quot;youtube_url&quot;:&quot;https:\\\/\\\/youtu.be\\\/SX4Dem_B3-U&quot;,&quot;lazy_load&quot;:&quot;yes&quot;,&quot;video_type&quot;:&quot;youtube&quot;}\" data-widget_type=\"video.default\">\n\t\t\t\t<div class=\"elementor-widget-container\">\n\t\t\t\t\t<div class=\"elementor-wrapper elementor-open-inline\">\n\t\t\t<div class=\"elementor-video\"><\/div>\t\t<\/div>\n\t\t\t\t<\/div>\n\t\t\t\t<\/div>\n\t\t\t\t\t<\/div>\n\t\t<\/div>\n\t\t\t\t\t\t\t<\/div>\n\t\t<\/section>\n\t\t\t\t<section class=\"elementor-section elementor-top-section elementor-element elementor-element-8af3525 elementor-section-boxed elementor-section-height-default elementor-section-height-default\" data-id=\"8af3525\" data-element_type=\"section\" data-settings=\"{&quot;background_background&quot;:&quot;classic&quot;}\">\n\t\t\t\t\t\t<div class=\"elementor-container elementor-column-gap-default\">\n\t\t\t\t\t<div class=\"elementor-column elementor-col-100 elementor-top-column elementor-element elementor-element-0b11322\" data-id=\"0b11322\" data-element_type=\"column\">\n\t\t\t<div class=\"elementor-widget-wrap elementor-element-populated\">\n\t\t\t\t\t\t\t\t<div class=\"elementor-element elementor-element-11401d2 elementor-widget elementor-widget-heading\" data-id=\"11401d2\" data-element_type=\"widget\" data-widget_type=\"heading.default\">\n\t\t\t\t<div class=\"elementor-widget-container\">\n\t\t\t<h3 class=\"elementor-heading-title elementor-size-default\">\u00bfQuieres m\u00e1s informaci\u00f3n sobre este producto?<\/h3>\t\t<\/div>\n\t\t\t\t<\/div>\n\t\t\t\t<div class=\"elementor-element elementor-element-585e988 elementor-align-center elementor-widget elementor-widget-button\" data-id=\"585e988\" data-element_type=\"widget\" data-widget_type=\"button.default\">\n\t\t\t\t<div class=\"elementor-widget-container\">\n\t\t\t\t\t<div class=\"elementor-button-wrapper\">\n\t\t\t<a href=\"https:\/\/www.samedinnovazioni.it\/es\/contactos\/\" class=\"elementor-button-link elementor-button elementor-size-sm\" role=\"button\">\n\t\t\t\t\t\t<span class=\"elementor-button-content-wrapper\">\n\t\t\t\t\t\t<span class=\"elementor-button-text\">CONT\u00c1CTENOS<\/span>\n\t\t<\/span>\n\t\t\t\t\t<\/a>\n\t\t<\/div>\n\t\t\t\t<\/div>\n\t\t\t\t<\/div>\n\t\t\t\t\t<\/div>\n\t\t<\/div>\n\t\t\t\t\t\t\t<\/div>\n\t\t<\/section>\n\t\t\t\t\t\t\t<\/div>\n\t\t","protected":false},"excerpt":{"rendered":"<p>TODOS LOS PRODUCTOS MAQUINARIA PARA LIBROS DE FOTOS Photofast Hot Melt Light Semiautom\u00e1tico. Ante la gran demanda de nuestros clientes y el deseo de crear una m\u00e1quina que permitiera una reducci\u00f3n significativa de los costes de producci\u00f3n de los \u00e1lbumes de fotos, nace nuestro nuevo PHOTOFAST LIGHT semiautom\u00e1tico. Es una encoladora de bloques fotogr\u00e1ficos formados [&hellip;]<\/p>\n","protected":false},"author":2,"featured_media":0,"parent":0,"menu_order":0,"comment_status":"closed","ping_status":"closed","template":"elementor_header_footer","meta":[],"yoast_head":"<!-- This site is optimized with the Yoast SEO plugin v19.13 - https:\/\/yoast.com\/wordpress\/plugins\/seo\/ -->\n<title>Photofast Hot Melt Light - Encoladora semiautom\u00e1tica | Samed innovazioni<\/title>\n<meta name=\"description\" content=\"Encoladora semiautom\u00e1tica para \u00e1lbumes de fotos. Compacto y r\u00e1pido en tiempos de producci\u00f3n, permite una considerable reducci\u00f3n de costes.\" \/>\n<meta name=\"robots\" content=\"index, follow, max-snippet:-1, max-image-preview:large, max-video-preview:-1\" \/>\n<link rel=\"canonical\" href=\"https:\/\/www.samedinnovazioni.it\/es\/photofast-hm-light\/\" \/>\n<meta property=\"og:locale\" content=\"es_ES\" \/>\n<meta property=\"og:type\" content=\"article\" \/>\n<meta property=\"og:title\" content=\"Photofast Hot Melt Light - Encoladora semiautom\u00e1tica | Samed innovazioni\" \/>\n<meta property=\"og:description\" content=\"Encoladora semiautom\u00e1tica para \u00e1lbumes de fotos. Compacto y r\u00e1pido en tiempos de producci\u00f3n, permite una considerable reducci\u00f3n de costes.\" \/>\n<meta property=\"og:url\" content=\"https:\/\/www.samedinnovazioni.it\/es\/photofast-hm-light\/\" \/>\n<meta property=\"og:site_name\" content=\"Samed innovazioni\" \/>\n<meta property=\"article:modified_time\" content=\"2021-11-22T12:20:48+00:00\" \/>\n<meta property=\"og:image\" content=\"https:\/\/www.samedinnovazioni.it\/wp-content\/uploads\/2021\/04\/photofast-hot-melt-light-1024x1024-1-768x768.jpg\" \/>\n<meta name=\"twitter:card\" content=\"summary_large_image\" \/>\n<meta name=\"twitter:label1\" content=\"Tiempo de lectura\" \/>\n\t<meta name=\"twitter:data1\" content=\"3 minutos\" \/>\n<script type=\"application\/ld+json\" class=\"yoast-schema-graph\">{\"@context\":\"https:\/\/schema.org\",\"@graph\":[{\"@type\":\"WebPage\",\"@id\":\"https:\/\/www.samedinnovazioni.it\/es\/photofast-hm-light\/\",\"url\":\"https:\/\/www.samedinnovazioni.it\/es\/photofast-hm-light\/\",\"name\":\"Photofast Hot Melt Light - Encoladora semiautom\u00e1tica | Samed innovazioni\",\"isPartOf\":{\"@id\":\"https:\/\/www.samedinnovazioni.it\/#website\"},\"datePublished\":\"2021-04-12T09:33:12+00:00\",\"dateModified\":\"2021-11-22T12:20:48+00:00\",\"description\":\"Encoladora semiautom\u00e1tica para \u00e1lbumes de fotos. Compacto y r\u00e1pido en tiempos de producci\u00f3n, permite una considerable reducci\u00f3n de costes.\",\"breadcrumb\":{\"@id\":\"https:\/\/www.samedinnovazioni.it\/es\/photofast-hm-light\/#breadcrumb\"},\"inLanguage\":\"es\",\"potentialAction\":[{\"@type\":\"ReadAction\",\"target\":[\"https:\/\/www.samedinnovazioni.it\/es\/photofast-hm-light\/\"]}]},{\"@type\":\"BreadcrumbList\",\"@id\":\"https:\/\/www.samedinnovazioni.it\/es\/photofast-hm-light\/#breadcrumb\",\"itemListElement\":[{\"@type\":\"ListItem\",\"position\":1,\"name\":\"Home\",\"item\":\"https:\/\/www.samedinnovazioni.it\/es\/\"},{\"@type\":\"ListItem\",\"position\":2,\"name\":\"Photofast Hot Melt Light\"}]},{\"@type\":\"WebSite\",\"@id\":\"https:\/\/www.samedinnovazioni.it\/#website\",\"url\":\"https:\/\/www.samedinnovazioni.it\/\",\"name\":\"Samed innovazioni\",\"description\":\"Copertinatrici, Macchine per cartotecnica, legatoria e fotolibro\",\"publisher\":{\"@id\":\"https:\/\/www.samedinnovazioni.it\/#organization\"},\"potentialAction\":[{\"@type\":\"SearchAction\",\"target\":{\"@type\":\"EntryPoint\",\"urlTemplate\":\"https:\/\/www.samedinnovazioni.it\/?s={search_term_string}\"},\"query-input\":\"required name=search_term_string\"}],\"inLanguage\":\"es\"},{\"@type\":\"Organization\",\"@id\":\"https:\/\/www.samedinnovazioni.it\/#organization\",\"name\":\"Samed Innovazioni\",\"url\":\"https:\/\/www.samedinnovazioni.it\/\",\"logo\":{\"@type\":\"ImageObject\",\"inLanguage\":\"es\",\"@id\":\"https:\/\/www.samedinnovazioni.it\/#\/schema\/logo\/image\/\",\"url\":\"https:\/\/www.samedinnovazioni.it\/wp-content\/uploads\/2021\/05\/samed-innovazioni.png\",\"contentUrl\":\"https:\/\/www.samedinnovazioni.it\/wp-content\/uploads\/2021\/05\/samed-innovazioni.png\",\"width\":282,\"height\":67,\"caption\":\"Samed Innovazioni\"},\"image\":{\"@id\":\"https:\/\/www.samedinnovazioni.it\/#\/schema\/logo\/image\/\"}}]}<\/script>\n<!-- \/ Yoast SEO plugin. -->","yoast_head_json":{"title":"Photofast Hot Melt Light - Encoladora semiautom\u00e1tica | Samed innovazioni","description":"Encoladora semiautom\u00e1tica para \u00e1lbumes de fotos. Compacto y r\u00e1pido en tiempos de producci\u00f3n, permite una considerable reducci\u00f3n de costes.","robots":{"index":"index","follow":"follow","max-snippet":"max-snippet:-1","max-image-preview":"max-image-preview:large","max-video-preview":"max-video-preview:-1"},"canonical":"https:\/\/www.samedinnovazioni.it\/es\/photofast-hm-light\/","og_locale":"es_ES","og_type":"article","og_title":"Photofast Hot Melt Light - Encoladora semiautom\u00e1tica | Samed innovazioni","og_description":"Encoladora semiautom\u00e1tica para \u00e1lbumes de fotos. Compacto y r\u00e1pido en tiempos de producci\u00f3n, permite una considerable reducci\u00f3n de costes.","og_url":"https:\/\/www.samedinnovazioni.it\/es\/photofast-hm-light\/","og_site_name":"Samed innovazioni","article_modified_time":"2021-11-22T12:20:48+00:00","og_image":[{"url":"https:\/\/www.samedinnovazioni.it\/wp-content\/uploads\/2021\/04\/photofast-hot-melt-light-1024x1024-1-768x768.jpg"}],"twitter_card":"summary_large_image","twitter_misc":{"Tiempo de lectura":"3 minutos"},"schema":{"@context":"https:\/\/schema.org","@graph":[{"@type":"WebPage","@id":"https:\/\/www.samedinnovazioni.it\/es\/photofast-hm-light\/","url":"https:\/\/www.samedinnovazioni.it\/es\/photofast-hm-light\/","name":"Photofast Hot Melt Light - Encoladora semiautom\u00e1tica | Samed innovazioni","isPartOf":{"@id":"https:\/\/www.samedinnovazioni.it\/#website"},"datePublished":"2021-04-12T09:33:12+00:00","dateModified":"2021-11-22T12:20:48+00:00","description":"Encoladora semiautom\u00e1tica para \u00e1lbumes de fotos. Compacto y r\u00e1pido en tiempos de producci\u00f3n, permite una considerable reducci\u00f3n de costes.","breadcrumb":{"@id":"https:\/\/www.samedinnovazioni.it\/es\/photofast-hm-light\/#breadcrumb"},"inLanguage":"es","potentialAction":[{"@type":"ReadAction","target":["https:\/\/www.samedinnovazioni.it\/es\/photofast-hm-light\/"]}]},{"@type":"BreadcrumbList","@id":"https:\/\/www.samedinnovazioni.it\/es\/photofast-hm-light\/#breadcrumb","itemListElement":[{"@type":"ListItem","position":1,"name":"Home","item":"https:\/\/www.samedinnovazioni.it\/es\/"},{"@type":"ListItem","position":2,"name":"Photofast Hot Melt Light"}]},{"@type":"WebSite","@id":"https:\/\/www.samedinnovazioni.it\/#website","url":"https:\/\/www.samedinnovazioni.it\/","name":"Samed innovazioni","description":"Copertinatrici, Macchine per cartotecnica, legatoria e fotolibro","publisher":{"@id":"https:\/\/www.samedinnovazioni.it\/#organization"},"potentialAction":[{"@type":"SearchAction","target":{"@type":"EntryPoint","urlTemplate":"https:\/\/www.samedinnovazioni.it\/?s={search_term_string}"},"query-input":"required name=search_term_string"}],"inLanguage":"es"},{"@type":"Organization","@id":"https:\/\/www.samedinnovazioni.it\/#organization","name":"Samed Innovazioni","url":"https:\/\/www.samedinnovazioni.it\/","logo":{"@type":"ImageObject","inLanguage":"es","@id":"https:\/\/www.samedinnovazioni.it\/#\/schema\/logo\/image\/","url":"https:\/\/www.samedinnovazioni.it\/wp-content\/uploads\/2021\/05\/samed-innovazioni.png","contentUrl":"https:\/\/www.samedinnovazioni.it\/wp-content\/uploads\/2021\/05\/samed-innovazioni.png","width":282,"height":67,"caption":"Samed Innovazioni"},"image":{"@id":"https:\/\/www.samedinnovazioni.it\/#\/schema\/logo\/image\/"}}]}},"_links":{"self":[{"href":"https:\/\/www.samedinnovazioni.it\/es\/wp-json\/wp\/v2\/pages\/3494"}],"collection":[{"href":"https:\/\/www.samedinnovazioni.it\/es\/wp-json\/wp\/v2\/pages"}],"about":[{"href":"https:\/\/www.samedinnovazioni.it\/es\/wp-json\/wp\/v2\/types\/page"}],"author":[{"embeddable":true,"href":"https:\/\/www.samedinnovazioni.it\/es\/wp-json\/wp\/v2\/users\/2"}],"replies":[{"embeddable":true,"href":"https:\/\/www.samedinnovazioni.it\/es\/wp-json\/wp\/v2\/comments?post=3494"}],"version-history":[{"count":28,"href":"https:\/\/www.samedinnovazioni.it\/es\/wp-json\/wp\/v2\/pages\/3494\/revisions"}],"predecessor-version":[{"id":6377,"href":"https:\/\/www.samedinnovazioni.it\/es\/wp-json\/wp\/v2\/pages\/3494\/revisions\/6377"}],"wp:attachment":[{"href":"https:\/\/www.samedinnovazioni.it\/es\/wp-json\/wp\/v2\/media?parent=3494"}],"curies":[{"name":"wp","href":"https:\/\/api.w.org\/{rel}","templated":true}]}}