{"id":3239,"date":"2021-04-12T10:42:01","date_gmt":"2021-04-12T08:42:01","guid":{"rendered":"https:\/\/www.samedinnovazioni.it\/darix-evolution-turbo\/"},"modified":"2021-11-22T13:34:40","modified_gmt":"2021-11-22T12:34:40","slug":"darix-evolution-turbo","status":"publish","type":"page","link":"https:\/\/www.samedinnovazioni.it\/es\/darix-evolution-turbo\/","title":{"rendered":"Darix Evolution Turbo"},"content":{"rendered":"\t\t<div data-elementor-type=\"wp-page\" data-elementor-id=\"3239\" class=\"elementor elementor-3239 elementor-2513\" data-elementor-post-type=\"page\">\n\t\t\t\t\t\t<section class=\"elementor-section elementor-top-section elementor-element elementor-element-9e0ca71 elementor-section-height-min-height elementor-section-boxed elementor-section-height-default elementor-section-items-middle\" data-id=\"9e0ca71\" data-element_type=\"section\" data-e-type=\"section\" data-settings=\"{&quot;background_background&quot;:&quot;classic&quot;,&quot;shape_divider_bottom&quot;:&quot;tilt&quot;}\">\n\t\t\t\t\t<div class=\"elementor-shape elementor-shape-bottom\" aria-hidden=\"true\" data-negative=\"false\">\n\t\t\t<svg xmlns=\"http:\/\/www.w3.org\/2000\/svg\" viewBox=\"0 0 1000 100\" preserveAspectRatio=\"none\">\n\t<path class=\"elementor-shape-fill\" d=\"M0,6V0h1000v100L0,6z\"\/>\n<\/svg>\t\t<\/div>\n\t\t\t\t\t<div class=\"elementor-container elementor-column-gap-default\">\n\t\t\t\t\t<div class=\"elementor-column elementor-col-100 elementor-top-column elementor-element elementor-element-6c05fd0\" data-id=\"6c05fd0\" data-element_type=\"column\" data-e-type=\"column\">\n\t\t\t<div class=\"elementor-widget-wrap elementor-element-populated\">\n\t\t\t\t\t\t<div class=\"elementor-element elementor-element-db7bb29 elementor-icon-list--layout-inline elementor-list-item-link-full_width elementor-widget elementor-widget-icon-list\" data-id=\"db7bb29\" data-element_type=\"widget\" data-e-type=\"widget\" data-widget_type=\"icon-list.default\">\n\t\t\t\t<div class=\"elementor-widget-container\">\n\t\t\t\t\t\t\t<ul class=\"elementor-icon-list-items elementor-inline-items\">\n\t\t\t\t\t\t\t<li class=\"elementor-icon-list-item elementor-inline-item\">\n\t\t\t\t\t\t\t\t\t\t\t<a href=\"https:\/\/www.samedinnovazioni.it\/es\/productos\/\">\n\n\t\t\t\t\t\t\t\t\t\t\t<span class=\"elementor-icon-list-text\">TODOS LOS PRODUCTOS<\/span>\n\t\t\t\t\t\t\t\t\t\t\t<\/a>\n\t\t\t\t\t\t\t\t\t<\/li>\n\t\t\t\t\t\t\t\t<li class=\"elementor-icon-list-item elementor-inline-item\">\n\t\t\t\t\t\t\t\t\t\t\t<a href=\"https:\/\/www.samedinnovazioni.it\/es\/productos\/cubridores\/\">\n\n\t\t\t\t\t\t\t\t\t\t\t\t<span class=\"elementor-icon-list-icon\">\n\t\t\t\t\t\t\t<i aria-hidden=\"true\" class=\"fas fa-angle-double-right\"><\/i>\t\t\t\t\t\t<\/span>\n\t\t\t\t\t\t\t\t\t\t<span class=\"elementor-icon-list-text\">CUBRIDORES<\/span>\n\t\t\t\t\t\t\t\t\t\t\t<\/a>\n\t\t\t\t\t\t\t\t\t<\/li>\n\t\t\t\t\t\t<\/ul>\n\t\t\t\t\t\t<\/div>\n\t\t\t\t<\/div>\n\t\t\t\t<div class=\"elementor-element elementor-element-dc5ea3e elementor-widget elementor-widget-heading\" data-id=\"dc5ea3e\" data-element_type=\"widget\" data-e-type=\"widget\" data-widget_type=\"heading.default\">\n\t\t\t\t<div class=\"elementor-widget-container\">\n\t\t\t\t\t<h2 class=\"elementor-heading-title elementor-size-default\"><!-- Copertinatrice automatica --><\/h2>\t\t\t\t<\/div>\n\t\t\t\t<\/div>\n\t\t\t\t\t<\/div>\n\t\t<\/div>\n\t\t\t\t\t<\/div>\n\t\t<\/section>\n\t\t\t\t<section class=\"elementor-section elementor-top-section elementor-element elementor-element-67ffeae elementor-reverse-mobile elementor-section-boxed elementor-section-height-default elementor-section-height-default\" data-id=\"67ffeae\" data-element_type=\"section\" data-e-type=\"section\">\n\t\t\t\t\t\t<div class=\"elementor-container elementor-column-gap-default\">\n\t\t\t\t\t<div class=\"elementor-column elementor-col-50 elementor-top-column elementor-element elementor-element-50efaac\" data-id=\"50efaac\" data-element_type=\"column\" data-e-type=\"column\">\n\t\t\t<div class=\"elementor-widget-wrap elementor-element-populated\">\n\t\t\t\t\t\t<div class=\"elementor-element elementor-element-737acae elementor-widget elementor-widget-text-editor\" data-id=\"737acae\" data-element_type=\"widget\" data-e-type=\"widget\" data-widget_type=\"text-editor.default\">\n\t\t\t\t<div class=\"elementor-widget-container\">\n\t\t\t\t\t\t\t\t\t<p><strong>M\u00e1quina de tapas autom\u00e1tica adaptada a la producci\u00f3n de tiradas medias<\/strong>, posibilidad de usar de una a cinco piezas de cart\u00f3n para producci\u00f3n de cajas para articulos de lujo, tapas y productos monopieza con guarda, ventana, perfiles especiales sin ajustes mecanicos.<\/p><p><strong>Posibilidad de trabajar en linea con la encoladora \u201c<a href=\"https:\/\/www.samedinnovazioni.it\/es\/pendix\/\">PENDIX<\/a>\u201d<\/strong> para un completo proceso de producci\u00f3n aplicando la guarda en un solo ciclo.<\/p><p><strong>Soluci\u00f3n compacta y eficiente, altamente intuitiva y flexible<\/strong>.<\/p><p>Formato m\u00ednimo (cubierta abierta) L: 190 mm H: 160 mm.<\/p><p>Formato m\u00e1ximo (cubierta abierta) 460 x 900 mm.<\/p><p>Espesor m\u00ednino del cart\u00f3n 1,5 mm.<\/p><p>Capacidad del recipiente de la cola animal caliente 5 kg (cola vin\u00edlica solo para la flyleaf).<\/p>\t\t\t\t\t\t\t\t<\/div>\n\t\t\t\t<\/div>\n\t\t\t\t<div class=\"elementor-element elementor-element-847b5b6 elementor-widget-divider--view-line elementor-widget elementor-widget-divider\" data-id=\"847b5b6\" data-element_type=\"widget\" data-e-type=\"widget\" data-widget_type=\"divider.default\">\n\t\t\t\t<div class=\"elementor-widget-container\">\n\t\t\t\t\t\t\t<div class=\"elementor-divider\">\n\t\t\t<span class=\"elementor-divider-separator\">\n\t\t\t\t\t\t<\/span>\n\t\t<\/div>\n\t\t\t\t\t\t<\/div>\n\t\t\t\t<\/div>\n\t\t\t\t<div class=\"elementor-element elementor-element-a0c739a elementor-icon-list--layout-traditional elementor-list-item-link-full_width elementor-widget elementor-widget-icon-list\" data-id=\"a0c739a\" data-element_type=\"widget\" data-e-type=\"widget\" data-widget_type=\"icon-list.default\">\n\t\t\t\t<div class=\"elementor-widget-container\">\n\t\t\t\t\t\t\t<ul class=\"elementor-icon-list-items\">\n\t\t\t\t\t\t\t<li class=\"elementor-icon-list-item\">\n\t\t\t\t\t\t\t\t\t\t\t<a href=\"https:\/\/www.samedinnovazioni.it\/wp-content\/uploads\/2021\/04\/pagina-DARIX-EVOLUTION-Turbo.pdf\">\n\n\t\t\t\t\t\t\t\t\t\t\t\t<span class=\"elementor-icon-list-icon\">\n\t\t\t\t\t\t\t<i aria-hidden=\"true\" class=\"fas fa-file-pdf\"><\/i>\t\t\t\t\t\t<\/span>\n\t\t\t\t\t\t\t\t\t\t<span class=\"elementor-icon-list-text\">Caracter\u00edsticas<\/span>\n\t\t\t\t\t\t\t\t\t\t\t<\/a>\n\t\t\t\t\t\t\t\t\t<\/li>\n\t\t\t\t\t\t<\/ul>\n\t\t\t\t\t\t<\/div>\n\t\t\t\t<\/div>\n\t\t\t\t<div class=\"elementor-element elementor-element-e21236c elementor-widget elementor-widget-heading\" data-id=\"e21236c\" data-element_type=\"widget\" data-e-type=\"widget\" data-widget_type=\"heading.default\">\n\t\t\t\t<div class=\"elementor-widget-container\">\n\t\t\t\t\t<h3 class=\"elementor-heading-title elementor-size-default\">Opciones Adicionales<\/h3>\t\t\t\t<\/div>\n\t\t\t\t<\/div>\n\t\t\t\t<div class=\"elementor-element elementor-element-78acba8 elementor-widget elementor-widget-text-editor\" data-id=\"78acba8\" data-element_type=\"widget\" data-e-type=\"widget\" data-widget_type=\"text-editor.default\">\n\t\t\t\t<div class=\"elementor-widget-container\">\n\t\t\t\t\t\t\t\t\t<ul><li>M\u00e1quna extra formato: 700&#215;900 mm.<\/li><li>Plantilla para cargar hasta 5 piezas de cart\u00f3n.<\/li><\/ul>\t\t\t\t\t\t\t\t<\/div>\n\t\t\t\t<\/div>\n\t\t\t\t\t<\/div>\n\t\t<\/div>\n\t\t\t\t<div class=\"elementor-column elementor-col-50 elementor-top-column elementor-element elementor-element-31838d5\" data-id=\"31838d5\" data-element_type=\"column\" data-e-type=\"column\" data-settings=\"{&quot;motion_fx_motion_fx_scrolling&quot;:&quot;yes&quot;,&quot;motion_fx_translateY_effect&quot;:&quot;yes&quot;,&quot;motion_fx_translateY_direction&quot;:&quot;negative&quot;,&quot;motion_fx_translateY_speed&quot;:{&quot;unit&quot;:&quot;px&quot;,&quot;size&quot;:2.5,&quot;sizes&quot;:[]},&quot;motion_fx_translateY_affectedRange&quot;:{&quot;unit&quot;:&quot;%&quot;,&quot;size&quot;:&quot;&quot;,&quot;sizes&quot;:{&quot;start&quot;:45,&quot;end&quot;:100}},&quot;motion_fx_devices&quot;:[&quot;desktop&quot;]}\">\n\t\t\t<div class=\"elementor-widget-wrap elementor-element-populated\">\n\t\t\t\t\t\t<div class=\"elementor-element elementor-element-f517be1 elementor-widget elementor-widget-image\" data-id=\"f517be1\" data-element_type=\"widget\" data-e-type=\"widget\" data-widget_type=\"image.default\">\n\t\t\t\t<div class=\"elementor-widget-container\">\n\t\t\t\t\t\t\t\t\t\t\t\t\t\t\t<img fetchpriority=\"high\" decoding=\"async\" width=\"768\" height=\"402\" src=\"https:\/\/www.samedinnovazioni.it\/wp-content\/uploads\/2021\/04\/darix-evolution-turbo-768x402.png\" class=\"attachment-medium_large size-medium_large wp-image-2378\" alt=\"\" srcset=\"https:\/\/www.samedinnovazioni.it\/wp-content\/uploads\/2021\/04\/darix-evolution-turbo-768x402.png 768w, https:\/\/www.samedinnovazioni.it\/wp-content\/uploads\/2021\/04\/darix-evolution-turbo-700x367.png 700w, https:\/\/www.samedinnovazioni.it\/wp-content\/uploads\/2021\/04\/darix-evolution-turbo-1200x629.png 1200w, https:\/\/www.samedinnovazioni.it\/wp-content\/uploads\/2021\/04\/darix-evolution-turbo.png 1296w\" sizes=\"(max-width: 768px) 100vw, 768px\" \/>\t\t\t\t\t\t\t\t\t\t\t\t\t\t\t<\/div>\n\t\t\t\t<\/div>\n\t\t\t\t\t<\/div>\n\t\t<\/div>\n\t\t\t\t\t<\/div>\n\t\t<\/section>\n\t\t\t\t<section class=\"elementor-section elementor-top-section elementor-element elementor-element-b0e3a5d elementor-section-boxed elementor-section-height-default elementor-section-height-default\" data-id=\"b0e3a5d\" data-element_type=\"section\" data-e-type=\"section\">\n\t\t\t\t\t\t<div class=\"elementor-container elementor-column-gap-default\">\n\t\t\t\t\t<div class=\"elementor-column elementor-col-100 elementor-top-column elementor-element elementor-element-b0befe4\" data-id=\"b0befe4\" data-element_type=\"column\" data-e-type=\"column\">\n\t\t\t<div class=\"elementor-widget-wrap elementor-element-populated\">\n\t\t\t\t\t\t<div class=\"elementor-element elementor-element-57662e5 elementor-widget elementor-widget-video\" data-id=\"57662e5\" data-element_type=\"widget\" data-e-type=\"widget\" data-settings=\"{&quot;youtube_url&quot;:&quot;https:\\\/\\\/youtu.be\\\/kKVBbaWkiT0&quot;,&quot;lazy_load&quot;:&quot;yes&quot;,&quot;video_type&quot;:&quot;youtube&quot;,&quot;controls&quot;:&quot;yes&quot;}\" data-widget_type=\"video.default\">\n\t\t\t\t<div class=\"elementor-widget-container\">\n\t\t\t\t\t\t\t<div class=\"elementor-wrapper elementor-open-inline\">\n\t\t\t<div class=\"elementor-video\"><\/div>\t\t<\/div>\n\t\t\t\t\t\t<\/div>\n\t\t\t\t<\/div>\n\t\t\t\t\t<\/div>\n\t\t<\/div>\n\t\t\t\t\t<\/div>\n\t\t<\/section>\n\t\t\t\t<section class=\"elementor-section elementor-top-section elementor-element elementor-element-0d9752a elementor-section-boxed elementor-section-height-default elementor-section-height-default\" data-id=\"0d9752a\" data-element_type=\"section\" data-e-type=\"section\" data-settings=\"{&quot;background_background&quot;:&quot;classic&quot;}\">\n\t\t\t\t\t\t<div class=\"elementor-container elementor-column-gap-default\">\n\t\t\t\t\t<div class=\"elementor-column elementor-col-100 elementor-top-column elementor-element elementor-element-370e73d\" data-id=\"370e73d\" data-element_type=\"column\" data-e-type=\"column\">\n\t\t\t<div class=\"elementor-widget-wrap elementor-element-populated\">\n\t\t\t\t\t\t<div class=\"elementor-element elementor-element-d62efa8 elementor-widget elementor-widget-heading\" data-id=\"d62efa8\" data-element_type=\"widget\" data-e-type=\"widget\" data-widget_type=\"heading.default\">\n\t\t\t\t<div class=\"elementor-widget-container\">\n\t\t\t\t\t<h3 class=\"elementor-heading-title elementor-size-default\">\u00bfQuieres m\u00e1s informaci\u00f3n sobre este producto? <\/h3>\t\t\t\t<\/div>\n\t\t\t\t<\/div>\n\t\t\t\t<div class=\"elementor-element elementor-element-addfed2 elementor-align-center elementor-widget elementor-widget-button\" data-id=\"addfed2\" data-element_type=\"widget\" data-e-type=\"widget\" data-widget_type=\"button.default\">\n\t\t\t\t<div class=\"elementor-widget-container\">\n\t\t\t\t\t\t\t\t\t<div class=\"elementor-button-wrapper\">\n\t\t\t\t\t<a class=\"elementor-button elementor-button-link elementor-size-sm\" href=\"https:\/\/www.samedinnovazioni.it\/es\/contactos\/\">\n\t\t\t\t\t\t<span class=\"elementor-button-content-wrapper\">\n\t\t\t\t\t\t\t\t\t<span class=\"elementor-button-text\">CONT\u00c1CTENOS<\/span>\n\t\t\t\t\t<\/span>\n\t\t\t\t\t<\/a>\n\t\t\t\t<\/div>\n\t\t\t\t\t\t\t\t<\/div>\n\t\t\t\t<\/div>\n\t\t\t\t\t<\/div>\n\t\t<\/div>\n\t\t\t\t\t<\/div>\n\t\t<\/section>\n\t\t\t\t<\/div>\n\t\t","protected":false},"excerpt":{"rendered":"<p>TODOS LOS PRODUCTOS CUBRIDORES M\u00e1quina de tapas autom\u00e1tica adaptada a la producci\u00f3n de tiradas medias, posibilidad de usar de una a cinco piezas de cart\u00f3n para producci\u00f3n de cajas para articulos de lujo, tapas y productos monopieza con guarda, ventana, perfiles especiales sin ajustes mecanicos. Posibilidad de trabajar en linea con la encoladora \u201cPENDIX\u201d para [&hellip;]<\/p>\n","protected":false},"author":2,"featured_media":0,"parent":0,"menu_order":0,"comment_status":"closed","ping_status":"closed","template":"elementor_header_footer","meta":{"footnotes":""},"class_list":["post-3239","page","type-page","status-publish","hentry"],"yoast_head":"<!-- This site is optimized with the Yoast SEO plugin v27.5 - https:\/\/yoast.com\/product\/yoast-seo-wordpress\/ -->\n<title>Darix Evolution Turbo - Encuadernadora Automatica | Samed innovazioni<\/title>\n<meta name=\"description\" content=\"Encuadernadora totalmente autom\u00e1tica, compacto, eficiente, intuitivo y flexible. Cambio de formato a trav\u00e9s de la computadora.\" \/>\n<meta name=\"robots\" content=\"index, follow, max-snippet:-1, max-image-preview:large, max-video-preview:-1\" \/>\n<link rel=\"canonical\" href=\"https:\/\/www.samedinnovazioni.it\/es\/darix-evolution-turbo\/\" \/>\n<meta property=\"og:locale\" content=\"es_ES\" \/>\n<meta property=\"og:type\" content=\"article\" \/>\n<meta property=\"og:title\" content=\"Darix Evolution Turbo - Encuadernadora Automatica | Samed innovazioni\" \/>\n<meta property=\"og:description\" content=\"Encuadernadora totalmente autom\u00e1tica, compacto, eficiente, intuitivo y flexible. Cambio de formato a trav\u00e9s de la computadora.\" \/>\n<meta property=\"og:url\" content=\"https:\/\/www.samedinnovazioni.it\/es\/darix-evolution-turbo\/\" \/>\n<meta property=\"og:site_name\" content=\"Samed innovazioni\" \/>\n<meta property=\"article:modified_time\" content=\"2021-11-22T12:34:40+00:00\" \/>\n<meta property=\"og:image\" content=\"https:\/\/www.samedinnovazioni.it\/wp-content\/uploads\/2021\/04\/darix-evolution-turbo-768x402.png\" \/>\n<meta name=\"twitter:card\" content=\"summary_large_image\" \/>\n<meta name=\"twitter:label1\" content=\"Tiempo de lectura\" \/>\n\t<meta name=\"twitter:data1\" content=\"1 minuto\" \/>\n<script type=\"application\/ld+json\" class=\"yoast-schema-graph\">{\"@context\":\"https:\\\/\\\/schema.org\",\"@graph\":[{\"@type\":\"WebPage\",\"@id\":\"https:\\\/\\\/www.samedinnovazioni.it\\\/es\\\/darix-evolution-turbo\\\/\",\"url\":\"https:\\\/\\\/www.samedinnovazioni.it\\\/es\\\/darix-evolution-turbo\\\/\",\"name\":\"Darix Evolution Turbo - Encuadernadora Automatica | Samed innovazioni\",\"isPartOf\":{\"@id\":\"https:\\\/\\\/www.samedinnovazioni.it\\\/#website\"},\"primaryImageOfPage\":{\"@id\":\"https:\\\/\\\/www.samedinnovazioni.it\\\/es\\\/darix-evolution-turbo\\\/#primaryimage\"},\"image\":{\"@id\":\"https:\\\/\\\/www.samedinnovazioni.it\\\/es\\\/darix-evolution-turbo\\\/#primaryimage\"},\"thumbnailUrl\":\"https:\\\/\\\/www.samedinnovazioni.it\\\/wp-content\\\/uploads\\\/2021\\\/04\\\/darix-evolution-turbo-768x402.png\",\"datePublished\":\"2021-04-12T08:42:01+00:00\",\"dateModified\":\"2021-11-22T12:34:40+00:00\",\"description\":\"Encuadernadora totalmente autom\u00e1tica, compacto, eficiente, intuitivo y flexible. Cambio de formato a trav\u00e9s de la computadora.\",\"breadcrumb\":{\"@id\":\"https:\\\/\\\/www.samedinnovazioni.it\\\/es\\\/darix-evolution-turbo\\\/#breadcrumb\"},\"inLanguage\":\"es\",\"potentialAction\":[{\"@type\":\"ReadAction\",\"target\":[\"https:\\\/\\\/www.samedinnovazioni.it\\\/es\\\/darix-evolution-turbo\\\/\"]}]},{\"@type\":\"ImageObject\",\"inLanguage\":\"es\",\"@id\":\"https:\\\/\\\/www.samedinnovazioni.it\\\/es\\\/darix-evolution-turbo\\\/#primaryimage\",\"url\":\"https:\\\/\\\/www.samedinnovazioni.it\\\/wp-content\\\/uploads\\\/2021\\\/04\\\/darix-evolution-turbo-768x402.png\",\"contentUrl\":\"https:\\\/\\\/www.samedinnovazioni.it\\\/wp-content\\\/uploads\\\/2021\\\/04\\\/darix-evolution-turbo-768x402.png\"},{\"@type\":\"BreadcrumbList\",\"@id\":\"https:\\\/\\\/www.samedinnovazioni.it\\\/es\\\/darix-evolution-turbo\\\/#breadcrumb\",\"itemListElement\":[{\"@type\":\"ListItem\",\"position\":1,\"name\":\"Home\",\"item\":\"https:\\\/\\\/www.samedinnovazioni.it\\\/es\\\/\"},{\"@type\":\"ListItem\",\"position\":2,\"name\":\"Darix Evolution Turbo\"}]},{\"@type\":\"WebSite\",\"@id\":\"https:\\\/\\\/www.samedinnovazioni.it\\\/#website\",\"url\":\"https:\\\/\\\/www.samedinnovazioni.it\\\/\",\"name\":\"Samed innovazioni\",\"description\":\"Copertinatrici, Macchine per cartotecnica, legatoria e fotolibro\",\"publisher\":{\"@id\":\"https:\\\/\\\/www.samedinnovazioni.it\\\/#organization\"},\"potentialAction\":[{\"@type\":\"SearchAction\",\"target\":{\"@type\":\"EntryPoint\",\"urlTemplate\":\"https:\\\/\\\/www.samedinnovazioni.it\\\/?s={search_term_string}\"},\"query-input\":{\"@type\":\"PropertyValueSpecification\",\"valueRequired\":true,\"valueName\":\"search_term_string\"}}],\"inLanguage\":\"es\"},{\"@type\":\"Organization\",\"@id\":\"https:\\\/\\\/www.samedinnovazioni.it\\\/#organization\",\"name\":\"Samed Innovazioni\",\"url\":\"https:\\\/\\\/www.samedinnovazioni.it\\\/\",\"logo\":{\"@type\":\"ImageObject\",\"inLanguage\":\"es\",\"@id\":\"https:\\\/\\\/www.samedinnovazioni.it\\\/#\\\/schema\\\/logo\\\/image\\\/\",\"url\":\"https:\\\/\\\/www.samedinnovazioni.it\\\/wp-content\\\/uploads\\\/2021\\\/05\\\/samed-innovazioni.png\",\"contentUrl\":\"https:\\\/\\\/www.samedinnovazioni.it\\\/wp-content\\\/uploads\\\/2021\\\/05\\\/samed-innovazioni.png\",\"width\":282,\"height\":67,\"caption\":\"Samed Innovazioni\"},\"image\":{\"@id\":\"https:\\\/\\\/www.samedinnovazioni.it\\\/#\\\/schema\\\/logo\\\/image\\\/\"}}]}<\/script>\n<!-- \/ Yoast SEO plugin. -->","yoast_head_json":{"title":"Darix Evolution Turbo - Encuadernadora Automatica | Samed innovazioni","description":"Encuadernadora totalmente autom\u00e1tica, compacto, eficiente, intuitivo y flexible. Cambio de formato a trav\u00e9s de la computadora.","robots":{"index":"index","follow":"follow","max-snippet":"max-snippet:-1","max-image-preview":"max-image-preview:large","max-video-preview":"max-video-preview:-1"},"canonical":"https:\/\/www.samedinnovazioni.it\/es\/darix-evolution-turbo\/","og_locale":"es_ES","og_type":"article","og_title":"Darix Evolution Turbo - Encuadernadora Automatica | Samed innovazioni","og_description":"Encuadernadora totalmente autom\u00e1tica, compacto, eficiente, intuitivo y flexible. Cambio de formato a trav\u00e9s de la computadora.","og_url":"https:\/\/www.samedinnovazioni.it\/es\/darix-evolution-turbo\/","og_site_name":"Samed innovazioni","article_modified_time":"2021-11-22T12:34:40+00:00","og_image":[{"url":"https:\/\/www.samedinnovazioni.it\/wp-content\/uploads\/2021\/04\/darix-evolution-turbo-768x402.png","type":"","width":"","height":""}],"twitter_card":"summary_large_image","twitter_misc":{"Tiempo de lectura":"1 minuto"},"schema":{"@context":"https:\/\/schema.org","@graph":[{"@type":"WebPage","@id":"https:\/\/www.samedinnovazioni.it\/es\/darix-evolution-turbo\/","url":"https:\/\/www.samedinnovazioni.it\/es\/darix-evolution-turbo\/","name":"Darix Evolution Turbo - Encuadernadora Automatica | Samed innovazioni","isPartOf":{"@id":"https:\/\/www.samedinnovazioni.it\/#website"},"primaryImageOfPage":{"@id":"https:\/\/www.samedinnovazioni.it\/es\/darix-evolution-turbo\/#primaryimage"},"image":{"@id":"https:\/\/www.samedinnovazioni.it\/es\/darix-evolution-turbo\/#primaryimage"},"thumbnailUrl":"https:\/\/www.samedinnovazioni.it\/wp-content\/uploads\/2021\/04\/darix-evolution-turbo-768x402.png","datePublished":"2021-04-12T08:42:01+00:00","dateModified":"2021-11-22T12:34:40+00:00","description":"Encuadernadora totalmente autom\u00e1tica, compacto, eficiente, intuitivo y flexible. Cambio de formato a trav\u00e9s de la computadora.","breadcrumb":{"@id":"https:\/\/www.samedinnovazioni.it\/es\/darix-evolution-turbo\/#breadcrumb"},"inLanguage":"es","potentialAction":[{"@type":"ReadAction","target":["https:\/\/www.samedinnovazioni.it\/es\/darix-evolution-turbo\/"]}]},{"@type":"ImageObject","inLanguage":"es","@id":"https:\/\/www.samedinnovazioni.it\/es\/darix-evolution-turbo\/#primaryimage","url":"https:\/\/www.samedinnovazioni.it\/wp-content\/uploads\/2021\/04\/darix-evolution-turbo-768x402.png","contentUrl":"https:\/\/www.samedinnovazioni.it\/wp-content\/uploads\/2021\/04\/darix-evolution-turbo-768x402.png"},{"@type":"BreadcrumbList","@id":"https:\/\/www.samedinnovazioni.it\/es\/darix-evolution-turbo\/#breadcrumb","itemListElement":[{"@type":"ListItem","position":1,"name":"Home","item":"https:\/\/www.samedinnovazioni.it\/es\/"},{"@type":"ListItem","position":2,"name":"Darix Evolution Turbo"}]},{"@type":"WebSite","@id":"https:\/\/www.samedinnovazioni.it\/#website","url":"https:\/\/www.samedinnovazioni.it\/","name":"Samed innovazioni","description":"Copertinatrici, Macchine per cartotecnica, legatoria e fotolibro","publisher":{"@id":"https:\/\/www.samedinnovazioni.it\/#organization"},"potentialAction":[{"@type":"SearchAction","target":{"@type":"EntryPoint","urlTemplate":"https:\/\/www.samedinnovazioni.it\/?s={search_term_string}"},"query-input":{"@type":"PropertyValueSpecification","valueRequired":true,"valueName":"search_term_string"}}],"inLanguage":"es"},{"@type":"Organization","@id":"https:\/\/www.samedinnovazioni.it\/#organization","name":"Samed Innovazioni","url":"https:\/\/www.samedinnovazioni.it\/","logo":{"@type":"ImageObject","inLanguage":"es","@id":"https:\/\/www.samedinnovazioni.it\/#\/schema\/logo\/image\/","url":"https:\/\/www.samedinnovazioni.it\/wp-content\/uploads\/2021\/05\/samed-innovazioni.png","contentUrl":"https:\/\/www.samedinnovazioni.it\/wp-content\/uploads\/2021\/05\/samed-innovazioni.png","width":282,"height":67,"caption":"Samed Innovazioni"},"image":{"@id":"https:\/\/www.samedinnovazioni.it\/#\/schema\/logo\/image\/"}}]}},"_links":{"self":[{"href":"https:\/\/www.samedinnovazioni.it\/es\/wp-json\/wp\/v2\/pages\/3239","targetHints":{"allow":["GET"]}}],"collection":[{"href":"https:\/\/www.samedinnovazioni.it\/es\/wp-json\/wp\/v2\/pages"}],"about":[{"href":"https:\/\/www.samedinnovazioni.it\/es\/wp-json\/wp\/v2\/types\/page"}],"author":[{"embeddable":true,"href":"https:\/\/www.samedinnovazioni.it\/es\/wp-json\/wp\/v2\/users\/2"}],"replies":[{"embeddable":true,"href":"https:\/\/www.samedinnovazioni.it\/es\/wp-json\/wp\/v2\/comments?post=3239"}],"version-history":[{"count":25,"href":"https:\/\/www.samedinnovazioni.it\/es\/wp-json\/wp\/v2\/pages\/3239\/revisions"}],"predecessor-version":[{"id":6414,"href":"https:\/\/www.samedinnovazioni.it\/es\/wp-json\/wp\/v2\/pages\/3239\/revisions\/6414"}],"wp:attachment":[{"href":"https:\/\/www.samedinnovazioni.it\/es\/wp-json\/wp\/v2\/media?parent=3239"}],"curies":[{"name":"wp","href":"https:\/\/api.w.org\/{rel}","templated":true}]}}