{"id":3136,"date":"2021-04-12T10:15:04","date_gmt":"2021-04-12T08:15:04","guid":{"rendered":"https:\/\/www.samedinnovazioni.it\/darix-con-posizionatore-automatico\/"},"modified":"2021-05-19T18:26:59","modified_gmt":"2021-05-19T16:26:59","slug":"darix-con-posicionador-automatico","status":"publish","type":"page","link":"https:\/\/www.samedinnovazioni.it\/es\/darix-con-posicionador-automatico\/","title":{"rendered":"Darix con Posicionador Automatico de Cartones"},"content":{"rendered":"\t\t<div data-elementor-type=\"wp-page\" data-elementor-id=\"3136\" class=\"elementor elementor-3136 elementor-2462\">\n\t\t\t\t\t\t\t\t\t<section class=\"elementor-section elementor-top-section elementor-element elementor-element-1042877 elementor-section-height-min-height elementor-section-boxed elementor-section-height-default elementor-section-items-middle\" data-id=\"1042877\" data-element_type=\"section\" data-settings=\"{&quot;background_background&quot;:&quot;classic&quot;,&quot;shape_divider_bottom&quot;:&quot;tilt&quot;}\">\n\t\t\t\t\t<div class=\"elementor-shape elementor-shape-bottom\" data-negative=\"false\">\n\t\t\t<svg xmlns=\"http:\/\/www.w3.org\/2000\/svg\" viewBox=\"0 0 1000 100\" preserveAspectRatio=\"none\">\n\t<path class=\"elementor-shape-fill\" d=\"M0,6V0h1000v100L0,6z\"\/>\n<\/svg>\t\t<\/div>\n\t\t\t\t\t<div class=\"elementor-container elementor-column-gap-default\">\n\t\t\t\t\t<div class=\"elementor-column elementor-col-100 elementor-top-column elementor-element elementor-element-2252c81\" data-id=\"2252c81\" data-element_type=\"column\">\n\t\t\t<div class=\"elementor-widget-wrap elementor-element-populated\">\n\t\t\t\t\t\t\t\t<div class=\"elementor-element elementor-element-d55653e elementor-icon-list--layout-inline elementor-list-item-link-full_width elementor-widget elementor-widget-icon-list\" data-id=\"d55653e\" data-element_type=\"widget\" data-widget_type=\"icon-list.default\">\n\t\t\t\t<div class=\"elementor-widget-container\">\n\t\t\t\t\t<ul class=\"elementor-icon-list-items elementor-inline-items\">\n\t\t\t\t\t\t\t<li class=\"elementor-icon-list-item elementor-inline-item\">\n\t\t\t\t\t\t\t\t\t\t\t<a href=\"https:\/\/www.samedinnovazioni.it\/es\/productos\/\">\n\n\t\t\t\t\t\t\t\t\t\t\t<span class=\"elementor-icon-list-text\">TODOS LOS PRODUCTOS<\/span>\n\t\t\t\t\t\t\t\t\t\t\t<\/a>\n\t\t\t\t\t\t\t\t\t<\/li>\n\t\t\t\t\t\t\t\t<li class=\"elementor-icon-list-item elementor-inline-item\">\n\t\t\t\t\t\t\t\t\t\t\t<a href=\"https:\/\/www.samedinnovazioni.it\/es\/productos\/cubridores\/\">\n\n\t\t\t\t\t\t\t\t\t\t\t\t<span class=\"elementor-icon-list-icon\">\n\t\t\t\t\t\t\t<i aria-hidden=\"true\" class=\"fas fa-angle-double-right\"><\/i>\t\t\t\t\t\t<\/span>\n\t\t\t\t\t\t\t\t\t\t<span class=\"elementor-icon-list-text\">CUBRIDORES<\/span>\n\t\t\t\t\t\t\t\t\t\t\t<\/a>\n\t\t\t\t\t\t\t\t\t<\/li>\n\t\t\t\t\t\t<\/ul>\n\t\t\t\t<\/div>\n\t\t\t\t<\/div>\n\t\t\t\t<div class=\"elementor-element elementor-element-8c7d514 elementor-widget elementor-widget-heading\" data-id=\"8c7d514\" data-element_type=\"widget\" data-widget_type=\"heading.default\">\n\t\t\t\t<div class=\"elementor-widget-container\">\n\t\t\t<h2 class=\"elementor-heading-title elementor-size-default\"><!-- Encuadernadora Semiautom\u00e1tica --><\/h2>\t\t<\/div>\n\t\t\t\t<\/div>\n\t\t\t\t\t<\/div>\n\t\t<\/div>\n\t\t\t\t\t\t\t<\/div>\n\t\t<\/section>\n\t\t\t\t<section class=\"elementor-section elementor-top-section elementor-element elementor-element-aa79fcd elementor-section-boxed elementor-section-height-default elementor-section-height-default\" data-id=\"aa79fcd\" data-element_type=\"section\">\n\t\t\t\t\t\t<div class=\"elementor-container elementor-column-gap-default\">\n\t\t\t\t\t<div class=\"elementor-column elementor-col-50 elementor-top-column elementor-element elementor-element-9095405\" data-id=\"9095405\" data-element_type=\"column\">\n\t\t\t<div class=\"elementor-widget-wrap elementor-element-populated\">\n\t\t\t\t\t\t\t\t<div class=\"elementor-element elementor-element-704544f elementor-widget elementor-widget-text-editor\" data-id=\"704544f\" data-element_type=\"widget\" data-widget_type=\"text-editor.default\">\n\t\t\t\t<div class=\"elementor-widget-container\">\n\t\t\t\t\t\t\t<p><span style=\"color: var( --e-global-color-text );\">Encuadernadora<strong> con posicionador automatico de cartones<\/strong>.<\/span><\/p><p><strong>Simple m\u00e1quina de tapas semiautom\u00e1tica\u00a0<\/strong> con posicionador de cart\u00f3n usable por <strong>un solo operario<\/strong>.<\/p><p>Posibilidad de producir: tapas de libro, cajas para articulos lujosos,calendarios de oficina, expositores rigidos con perfiles particulares y ventanas sin ninguna intervenci\u00f3n mec\u00e1nica.<\/p><p><strong>Cambio formato r\u00e1pido e intutivo<\/strong>.<\/p><ul><li>Formato m\u00ednimo (cubierta abierta): 105&#215;170 mm \u2013 60&#215;180 mm\u00a0 con dispositivo para peque\u00f1os formatos.<\/li><li>Formato m\u00e1ximo (cubierta abierta): 460&#215;1000 mm.<\/li><li>Espesor minino del cart\u00f3n: 1,5 mm<\/li><li>Anchura del lomo min: 10 mm.<\/li><li>Producci\u00f3n de hasta 250 unidades (seg\u00fan el formato y habilidad del operador).<\/li><\/ul>\t\t\t\t\t\t<\/div>\n\t\t\t\t<\/div>\n\t\t\t\t<div class=\"elementor-element elementor-element-ab6e7f0 elementor-widget-divider--view-line elementor-widget elementor-widget-divider\" data-id=\"ab6e7f0\" data-element_type=\"widget\" data-widget_type=\"divider.default\">\n\t\t\t\t<div class=\"elementor-widget-container\">\n\t\t\t\t\t<div class=\"elementor-divider\">\n\t\t\t<span class=\"elementor-divider-separator\">\n\t\t\t\t\t\t<\/span>\n\t\t<\/div>\n\t\t\t\t<\/div>\n\t\t\t\t<\/div>\n\t\t\t\t<div class=\"elementor-element elementor-element-b86fcee elementor-icon-list--layout-traditional elementor-list-item-link-full_width elementor-widget elementor-widget-icon-list\" data-id=\"b86fcee\" data-element_type=\"widget\" data-widget_type=\"icon-list.default\">\n\t\t\t\t<div class=\"elementor-widget-container\">\n\t\t\t\t\t<ul class=\"elementor-icon-list-items\">\n\t\t\t\t\t\t\t<li class=\"elementor-icon-list-item\">\n\t\t\t\t\t\t\t\t\t\t\t<a href=\"https:\/\/www.samedinnovazioni.it\/wp-content\/uploads\/2021\/04\/pagina-darix-DARIX-con-posizionatore-automatico-cartoni.pdf\">\n\n\t\t\t\t\t\t\t\t\t\t\t\t<span class=\"elementor-icon-list-icon\">\n\t\t\t\t\t\t\t<i aria-hidden=\"true\" class=\"fas fa-file-pdf\"><\/i>\t\t\t\t\t\t<\/span>\n\t\t\t\t\t\t\t\t\t\t<span class=\"elementor-icon-list-text\">Caracter\u00edsticas<\/span>\n\t\t\t\t\t\t\t\t\t\t\t<\/a>\n\t\t\t\t\t\t\t\t\t<\/li>\n\t\t\t\t\t\t<\/ul>\n\t\t\t\t<\/div>\n\t\t\t\t<\/div>\n\t\t\t\t<div class=\"elementor-element elementor-element-8643828 elementor-widget elementor-widget-heading\" data-id=\"8643828\" data-element_type=\"widget\" data-widget_type=\"heading.default\">\n\t\t\t\t<div class=\"elementor-widget-container\">\n\t\t\t<h3 class=\"elementor-heading-title elementor-size-default\">Opciones Adicionales<\/h3>\t\t<\/div>\n\t\t\t\t<\/div>\n\t\t\t\t<div class=\"elementor-element elementor-element-5e7ce3c elementor-widget elementor-widget-text-editor\" data-id=\"5e7ce3c\" data-element_type=\"widget\" data-widget_type=\"text-editor.default\">\n\t\t\t\t<div class=\"elementor-widget-container\">\n\t\t\t\t\t\t\t<ul><li>Dispositivo para peque\u00f1os formatos de 60&#215;180 mm.<\/li><li>Luz central de referencia.<\/li><li>Equipo para alimentar hasta 5 pcs cartones (en autom\u00e1tico).<\/li><li>Maquina Extra Formato: 700&#215;1000 mm.<\/li><li>Viscos\u00edmetro: Dispositivo para el control autom\u00e1tico de la viscosidad de la cola con programa computarizado. Dispositivo completo para mezclar la cola, sensor de nivel de la cola y alimentaci\u00f3n autom\u00e1tica de agua computarizada para mantener costante la viscosidad.<\/li><\/ul>\t\t\t\t\t\t<\/div>\n\t\t\t\t<\/div>\n\t\t\t\t\t<\/div>\n\t\t<\/div>\n\t\t\t\t<div class=\"elementor-column elementor-col-50 elementor-top-column elementor-element elementor-element-5458ca8\" data-id=\"5458ca8\" data-element_type=\"column\" data-settings=\"{&quot;motion_fx_motion_fx_scrolling&quot;:&quot;yes&quot;,&quot;motion_fx_translateY_effect&quot;:&quot;yes&quot;,&quot;motion_fx_translateY_direction&quot;:&quot;negative&quot;,&quot;motion_fx_translateY_speed&quot;:{&quot;unit&quot;:&quot;px&quot;,&quot;size&quot;:2.5,&quot;sizes&quot;:[]},&quot;motion_fx_translateY_affectedRange&quot;:{&quot;unit&quot;:&quot;%&quot;,&quot;size&quot;:&quot;&quot;,&quot;sizes&quot;:{&quot;start&quot;:45,&quot;end&quot;:100}},&quot;motion_fx_devices&quot;:[&quot;desktop&quot;]}\">\n\t\t\t<div class=\"elementor-widget-wrap elementor-element-populated\">\n\t\t\t\t\t\t\t\t<div class=\"elementor-element elementor-element-e78431c elementor-widget elementor-widget-image\" data-id=\"e78431c\" data-element_type=\"widget\" data-widget_type=\"image.default\">\n\t\t\t\t<div class=\"elementor-widget-container\">\n\t\t\t\t\t\t\t\t\t\t\t\t\t\t\t<img width=\"768\" height=\"654\" src=\"https:\/\/www.samedinnovazioni.it\/wp-content\/uploads\/2021\/04\/darix-turbo-posiz-cartoni-foto-esatta-2-768x654.png\" class=\"attachment-medium_large size-medium_large wp-image-2370\" alt=\"\" srcset=\"https:\/\/www.samedinnovazioni.it\/wp-content\/uploads\/2021\/04\/darix-turbo-posiz-cartoni-foto-esatta-2-768x654.png 768w, https:\/\/www.samedinnovazioni.it\/wp-content\/uploads\/2021\/04\/darix-turbo-posiz-cartoni-foto-esatta-2-700x596.png 700w, https:\/\/www.samedinnovazioni.it\/wp-content\/uploads\/2021\/04\/darix-turbo-posiz-cartoni-foto-esatta-2-1200x1022.png 1200w, https:\/\/www.samedinnovazioni.it\/wp-content\/uploads\/2021\/04\/darix-turbo-posiz-cartoni-foto-esatta-2.png 1296w\" sizes=\"(max-width: 768px) 100vw, 768px\" \/>\t\t\t\t\t\t\t\t\t\t\t\t\t\t\t<\/div>\n\t\t\t\t<\/div>\n\t\t\t\t\t<\/div>\n\t\t<\/div>\n\t\t\t\t\t\t\t<\/div>\n\t\t<\/section>\n\t\t\t\t<section class=\"elementor-section elementor-top-section elementor-element elementor-element-f1ecf46 elementor-section-boxed elementor-section-height-default elementor-section-height-default\" data-id=\"f1ecf46\" data-element_type=\"section\">\n\t\t\t\t\t\t<div class=\"elementor-container elementor-column-gap-default\">\n\t\t\t\t\t<div class=\"elementor-column elementor-col-50 elementor-top-column elementor-element elementor-element-4eaaf1e\" data-id=\"4eaaf1e\" data-element_type=\"column\">\n\t\t\t<div class=\"elementor-widget-wrap elementor-element-populated\">\n\t\t\t\t\t\t\t\t<div class=\"elementor-element elementor-element-0db98f4 elementor-widget elementor-widget-video\" data-id=\"0db98f4\" data-element_type=\"widget\" data-settings=\"{&quot;youtube_url&quot;:&quot;https:\\\/\\\/www.youtube.com\\\/watch?v=kQBY5-L3Y8k&quot;,&quot;lazy_load&quot;:&quot;yes&quot;,&quot;modestbranding&quot;:&quot;yes&quot;,&quot;video_type&quot;:&quot;youtube&quot;,&quot;controls&quot;:&quot;yes&quot;}\" data-widget_type=\"video.default\">\n\t\t\t\t<div class=\"elementor-widget-container\">\n\t\t\t\t\t<div class=\"elementor-wrapper elementor-open-inline\">\n\t\t\t<div class=\"elementor-video\"><\/div>\t\t<\/div>\n\t\t\t\t<\/div>\n\t\t\t\t<\/div>\n\t\t\t\t\t<\/div>\n\t\t<\/div>\n\t\t\t\t<div class=\"elementor-column elementor-col-50 elementor-top-column elementor-element elementor-element-fb07b3f\" data-id=\"fb07b3f\" data-element_type=\"column\">\n\t\t\t<div class=\"elementor-widget-wrap elementor-element-populated\">\n\t\t\t\t\t\t\t\t<div class=\"elementor-element elementor-element-755deae elementor-widget elementor-widget-video\" data-id=\"755deae\" data-element_type=\"widget\" data-settings=\"{&quot;youtube_url&quot;:&quot;https:\\\/\\\/www.youtube.com\\\/watch?v=kFnwb2cLlqk&quot;,&quot;lazy_load&quot;:&quot;yes&quot;,&quot;modestbranding&quot;:&quot;yes&quot;,&quot;video_type&quot;:&quot;youtube&quot;,&quot;controls&quot;:&quot;yes&quot;}\" data-widget_type=\"video.default\">\n\t\t\t\t<div class=\"elementor-widget-container\">\n\t\t\t\t\t<div class=\"elementor-wrapper elementor-open-inline\">\n\t\t\t<div class=\"elementor-video\"><\/div>\t\t<\/div>\n\t\t\t\t<\/div>\n\t\t\t\t<\/div>\n\t\t\t\t\t<\/div>\n\t\t<\/div>\n\t\t\t\t\t\t\t<\/div>\n\t\t<\/section>\n\t\t\t\t<section class=\"elementor-section elementor-top-section elementor-element elementor-element-a54d702 elementor-section-boxed elementor-section-height-default elementor-section-height-default\" data-id=\"a54d702\" data-element_type=\"section\" data-settings=\"{&quot;background_background&quot;:&quot;classic&quot;}\">\n\t\t\t\t\t\t<div class=\"elementor-container elementor-column-gap-default\">\n\t\t\t\t\t<div class=\"elementor-column elementor-col-100 elementor-top-column elementor-element elementor-element-2968e42\" data-id=\"2968e42\" data-element_type=\"column\">\n\t\t\t<div class=\"elementor-widget-wrap elementor-element-populated\">\n\t\t\t\t\t\t\t\t<div class=\"elementor-element elementor-element-b126de7 elementor-widget elementor-widget-heading\" data-id=\"b126de7\" data-element_type=\"widget\" data-widget_type=\"heading.default\">\n\t\t\t\t<div class=\"elementor-widget-container\">\n\t\t\t<h3 class=\"elementor-heading-title elementor-size-default\">\u00bfQuieres m\u00e1s informaci\u00f3n sobre este producto?<\/h3>\t\t<\/div>\n\t\t\t\t<\/div>\n\t\t\t\t<div class=\"elementor-element elementor-element-98bb606 elementor-align-center elementor-widget elementor-widget-button\" data-id=\"98bb606\" data-element_type=\"widget\" data-widget_type=\"button.default\">\n\t\t\t\t<div class=\"elementor-widget-container\">\n\t\t\t\t\t<div class=\"elementor-button-wrapper\">\n\t\t\t<a href=\"https:\/\/www.samedinnovazioni.it\/es\/contactos\/\" class=\"elementor-button-link elementor-button elementor-size-sm\" role=\"button\">\n\t\t\t\t\t\t<span class=\"elementor-button-content-wrapper\">\n\t\t\t\t\t\t<span class=\"elementor-button-text\">CONT\u00c1CTENOS<\/span>\n\t\t<\/span>\n\t\t\t\t\t<\/a>\n\t\t<\/div>\n\t\t\t\t<\/div>\n\t\t\t\t<\/div>\n\t\t\t\t\t<\/div>\n\t\t<\/div>\n\t\t\t\t\t\t\t<\/div>\n\t\t<\/section>\n\t\t\t\t\t\t\t<\/div>\n\t\t","protected":false},"excerpt":{"rendered":"<p>TODOS LOS PRODUCTOS CUBRIDORES Encuadernadora con posicionador automatico de cartones. Simple m\u00e1quina de tapas semiautom\u00e1tica\u00a0 con posicionador de cart\u00f3n usable por un solo operario. Posibilidad de producir: tapas de libro, cajas para articulos lujosos,calendarios de oficina, expositores rigidos con perfiles particulares y ventanas sin ninguna intervenci\u00f3n mec\u00e1nica. Cambio formato r\u00e1pido e intutivo. Formato m\u00ednimo (cubierta [&hellip;]<\/p>\n","protected":false},"author":2,"featured_media":0,"parent":0,"menu_order":0,"comment_status":"closed","ping_status":"closed","template":"elementor_header_footer","meta":[],"yoast_head":"<!-- This site is optimized with the Yoast SEO plugin v19.13 - https:\/\/yoast.com\/wordpress\/plugins\/seo\/ -->\n<title>Darix con Posicionador Automatico de Cartones | Samed innovazioni<\/title>\n<meta name=\"description\" content=\"Copertinatrice semiautomatica con metti-cartone, utilizzabile da un singolo operatore. Cambio formato rapido e intuitivo.\" \/>\n<meta name=\"robots\" content=\"index, follow, max-snippet:-1, max-image-preview:large, max-video-preview:-1\" \/>\n<link rel=\"canonical\" href=\"https:\/\/www.samedinnovazioni.it\/es\/darix-con-posicionador-automatico\/\" \/>\n<meta property=\"og:locale\" content=\"es_ES\" \/>\n<meta property=\"og:type\" content=\"article\" \/>\n<meta property=\"og:title\" content=\"Darix con Posicionador Automatico de Cartones | Samed innovazioni\" \/>\n<meta property=\"og:description\" content=\"Copertinatrice semiautomatica con metti-cartone, utilizzabile da un singolo operatore. Cambio formato rapido e intuitivo.\" \/>\n<meta property=\"og:url\" content=\"https:\/\/www.samedinnovazioni.it\/es\/darix-con-posicionador-automatico\/\" \/>\n<meta property=\"og:site_name\" content=\"Samed innovazioni\" \/>\n<meta property=\"article:modified_time\" content=\"2021-05-19T16:26:59+00:00\" \/>\n<meta property=\"og:image\" content=\"https:\/\/www.samedinnovazioni.it\/wp-content\/uploads\/2021\/04\/darix-turbo-posiz-cartoni-foto-esatta-2-768x654.png\" \/>\n<meta name=\"twitter:card\" content=\"summary_large_image\" \/>\n<meta name=\"twitter:label1\" content=\"Tiempo de lectura\" \/>\n\t<meta name=\"twitter:data1\" content=\"1 minuto\" \/>\n<script type=\"application\/ld+json\" class=\"yoast-schema-graph\">{\"@context\":\"https:\/\/schema.org\",\"@graph\":[{\"@type\":\"WebPage\",\"@id\":\"https:\/\/www.samedinnovazioni.it\/es\/darix-con-posicionador-automatico\/\",\"url\":\"https:\/\/www.samedinnovazioni.it\/es\/darix-con-posicionador-automatico\/\",\"name\":\"Darix con Posicionador Automatico de Cartones | Samed innovazioni\",\"isPartOf\":{\"@id\":\"https:\/\/www.samedinnovazioni.it\/#website\"},\"datePublished\":\"2021-04-12T08:15:04+00:00\",\"dateModified\":\"2021-05-19T16:26:59+00:00\",\"description\":\"Copertinatrice semiautomatica con metti-cartone, utilizzabile da un singolo operatore. Cambio formato rapido e intuitivo.\",\"breadcrumb\":{\"@id\":\"https:\/\/www.samedinnovazioni.it\/es\/darix-con-posicionador-automatico\/#breadcrumb\"},\"inLanguage\":\"es\",\"potentialAction\":[{\"@type\":\"ReadAction\",\"target\":[\"https:\/\/www.samedinnovazioni.it\/es\/darix-con-posicionador-automatico\/\"]}]},{\"@type\":\"BreadcrumbList\",\"@id\":\"https:\/\/www.samedinnovazioni.it\/es\/darix-con-posicionador-automatico\/#breadcrumb\",\"itemListElement\":[{\"@type\":\"ListItem\",\"position\":1,\"name\":\"Home\",\"item\":\"https:\/\/www.samedinnovazioni.it\/es\/\"},{\"@type\":\"ListItem\",\"position\":2,\"name\":\"Darix con Posicionador Automatico de Cartones\"}]},{\"@type\":\"WebSite\",\"@id\":\"https:\/\/www.samedinnovazioni.it\/#website\",\"url\":\"https:\/\/www.samedinnovazioni.it\/\",\"name\":\"Samed innovazioni\",\"description\":\"Copertinatrici, Macchine per cartotecnica, legatoria e fotolibro\",\"publisher\":{\"@id\":\"https:\/\/www.samedinnovazioni.it\/#organization\"},\"potentialAction\":[{\"@type\":\"SearchAction\",\"target\":{\"@type\":\"EntryPoint\",\"urlTemplate\":\"https:\/\/www.samedinnovazioni.it\/?s={search_term_string}\"},\"query-input\":\"required name=search_term_string\"}],\"inLanguage\":\"es\"},{\"@type\":\"Organization\",\"@id\":\"https:\/\/www.samedinnovazioni.it\/#organization\",\"name\":\"Samed Innovazioni\",\"url\":\"https:\/\/www.samedinnovazioni.it\/\",\"logo\":{\"@type\":\"ImageObject\",\"inLanguage\":\"es\",\"@id\":\"https:\/\/www.samedinnovazioni.it\/#\/schema\/logo\/image\/\",\"url\":\"https:\/\/www.samedinnovazioni.it\/wp-content\/uploads\/2021\/05\/samed-innovazioni.png\",\"contentUrl\":\"https:\/\/www.samedinnovazioni.it\/wp-content\/uploads\/2021\/05\/samed-innovazioni.png\",\"width\":282,\"height\":67,\"caption\":\"Samed Innovazioni\"},\"image\":{\"@id\":\"https:\/\/www.samedinnovazioni.it\/#\/schema\/logo\/image\/\"}}]}<\/script>\n<!-- \/ Yoast SEO plugin. -->","yoast_head_json":{"title":"Darix con Posicionador Automatico de Cartones | Samed innovazioni","description":"Copertinatrice semiautomatica con metti-cartone, utilizzabile da un singolo operatore. Cambio formato rapido e intuitivo.","robots":{"index":"index","follow":"follow","max-snippet":"max-snippet:-1","max-image-preview":"max-image-preview:large","max-video-preview":"max-video-preview:-1"},"canonical":"https:\/\/www.samedinnovazioni.it\/es\/darix-con-posicionador-automatico\/","og_locale":"es_ES","og_type":"article","og_title":"Darix con Posicionador Automatico de Cartones | Samed innovazioni","og_description":"Copertinatrice semiautomatica con metti-cartone, utilizzabile da un singolo operatore. Cambio formato rapido e intuitivo.","og_url":"https:\/\/www.samedinnovazioni.it\/es\/darix-con-posicionador-automatico\/","og_site_name":"Samed innovazioni","article_modified_time":"2021-05-19T16:26:59+00:00","og_image":[{"url":"https:\/\/www.samedinnovazioni.it\/wp-content\/uploads\/2021\/04\/darix-turbo-posiz-cartoni-foto-esatta-2-768x654.png"}],"twitter_card":"summary_large_image","twitter_misc":{"Tiempo de lectura":"1 minuto"},"schema":{"@context":"https:\/\/schema.org","@graph":[{"@type":"WebPage","@id":"https:\/\/www.samedinnovazioni.it\/es\/darix-con-posicionador-automatico\/","url":"https:\/\/www.samedinnovazioni.it\/es\/darix-con-posicionador-automatico\/","name":"Darix con Posicionador Automatico de Cartones | Samed innovazioni","isPartOf":{"@id":"https:\/\/www.samedinnovazioni.it\/#website"},"datePublished":"2021-04-12T08:15:04+00:00","dateModified":"2021-05-19T16:26:59+00:00","description":"Copertinatrice semiautomatica con metti-cartone, utilizzabile da un singolo operatore. Cambio formato rapido e intuitivo.","breadcrumb":{"@id":"https:\/\/www.samedinnovazioni.it\/es\/darix-con-posicionador-automatico\/#breadcrumb"},"inLanguage":"es","potentialAction":[{"@type":"ReadAction","target":["https:\/\/www.samedinnovazioni.it\/es\/darix-con-posicionador-automatico\/"]}]},{"@type":"BreadcrumbList","@id":"https:\/\/www.samedinnovazioni.it\/es\/darix-con-posicionador-automatico\/#breadcrumb","itemListElement":[{"@type":"ListItem","position":1,"name":"Home","item":"https:\/\/www.samedinnovazioni.it\/es\/"},{"@type":"ListItem","position":2,"name":"Darix con Posicionador Automatico de Cartones"}]},{"@type":"WebSite","@id":"https:\/\/www.samedinnovazioni.it\/#website","url":"https:\/\/www.samedinnovazioni.it\/","name":"Samed innovazioni","description":"Copertinatrici, Macchine per cartotecnica, legatoria e fotolibro","publisher":{"@id":"https:\/\/www.samedinnovazioni.it\/#organization"},"potentialAction":[{"@type":"SearchAction","target":{"@type":"EntryPoint","urlTemplate":"https:\/\/www.samedinnovazioni.it\/?s={search_term_string}"},"query-input":"required name=search_term_string"}],"inLanguage":"es"},{"@type":"Organization","@id":"https:\/\/www.samedinnovazioni.it\/#organization","name":"Samed Innovazioni","url":"https:\/\/www.samedinnovazioni.it\/","logo":{"@type":"ImageObject","inLanguage":"es","@id":"https:\/\/www.samedinnovazioni.it\/#\/schema\/logo\/image\/","url":"https:\/\/www.samedinnovazioni.it\/wp-content\/uploads\/2021\/05\/samed-innovazioni.png","contentUrl":"https:\/\/www.samedinnovazioni.it\/wp-content\/uploads\/2021\/05\/samed-innovazioni.png","width":282,"height":67,"caption":"Samed Innovazioni"},"image":{"@id":"https:\/\/www.samedinnovazioni.it\/#\/schema\/logo\/image\/"}}]}},"_links":{"self":[{"href":"https:\/\/www.samedinnovazioni.it\/es\/wp-json\/wp\/v2\/pages\/3136"}],"collection":[{"href":"https:\/\/www.samedinnovazioni.it\/es\/wp-json\/wp\/v2\/pages"}],"about":[{"href":"https:\/\/www.samedinnovazioni.it\/es\/wp-json\/wp\/v2\/types\/page"}],"author":[{"embeddable":true,"href":"https:\/\/www.samedinnovazioni.it\/es\/wp-json\/wp\/v2\/users\/2"}],"replies":[{"embeddable":true,"href":"https:\/\/www.samedinnovazioni.it\/es\/wp-json\/wp\/v2\/comments?post=3136"}],"version-history":[{"count":22,"href":"https:\/\/www.samedinnovazioni.it\/es\/wp-json\/wp\/v2\/pages\/3136\/revisions"}],"predecessor-version":[{"id":5444,"href":"https:\/\/www.samedinnovazioni.it\/es\/wp-json\/wp\/v2\/pages\/3136\/revisions\/5444"}],"wp:attachment":[{"href":"https:\/\/www.samedinnovazioni.it\/es\/wp-json\/wp\/v2\/media?parent=3136"}],"curies":[{"name":"wp","href":"https:\/\/api.w.org\/{rel}","templated":true}]}}