{"id":3055,"date":"2021-04-12T10:07:32","date_gmt":"2021-04-12T08:07:32","guid":{"rendered":"https:\/\/www.samedinnovazioni.it\/darix-s\/"},"modified":"2021-06-23T14:27:54","modified_gmt":"2021-06-23T12:27:54","slug":"darix-s","status":"publish","type":"page","link":"https:\/\/www.samedinnovazioni.it\/es\/darix-s\/","title":{"rendered":"Darix S"},"content":{"rendered":"\t\t<div data-elementor-type=\"wp-page\" data-elementor-id=\"3055\" class=\"elementor elementor-3055 elementor-2451\">\n\t\t\t\t\t\t\t\t\t<section class=\"elementor-section elementor-top-section elementor-element elementor-element-7fefdeb elementor-section-height-min-height elementor-section-boxed elementor-section-height-default elementor-section-items-middle\" data-id=\"7fefdeb\" data-element_type=\"section\" data-settings=\"{&quot;background_background&quot;:&quot;classic&quot;,&quot;shape_divider_bottom&quot;:&quot;tilt&quot;}\">\n\t\t\t\t\t<div class=\"elementor-shape elementor-shape-bottom\" data-negative=\"false\">\n\t\t\t<svg xmlns=\"http:\/\/www.w3.org\/2000\/svg\" viewBox=\"0 0 1000 100\" preserveAspectRatio=\"none\">\n\t<path class=\"elementor-shape-fill\" d=\"M0,6V0h1000v100L0,6z\"\/>\n<\/svg>\t\t<\/div>\n\t\t\t\t\t<div class=\"elementor-container elementor-column-gap-default\">\n\t\t\t\t\t<div class=\"elementor-column elementor-col-100 elementor-top-column elementor-element elementor-element-2e9019d\" data-id=\"2e9019d\" data-element_type=\"column\">\n\t\t\t<div class=\"elementor-widget-wrap elementor-element-populated\">\n\t\t\t\t\t\t\t\t<div class=\"elementor-element elementor-element-10fef04 elementor-icon-list--layout-inline elementor-list-item-link-full_width elementor-widget elementor-widget-icon-list\" data-id=\"10fef04\" data-element_type=\"widget\" data-widget_type=\"icon-list.default\">\n\t\t\t\t<div class=\"elementor-widget-container\">\n\t\t\t\t\t<ul class=\"elementor-icon-list-items elementor-inline-items\">\n\t\t\t\t\t\t\t<li class=\"elementor-icon-list-item elementor-inline-item\">\n\t\t\t\t\t\t\t\t\t\t\t<a href=\"https:\/\/www.samedinnovazioni.it\/es\/productos\/\">\n\n\t\t\t\t\t\t\t\t\t\t\t<span class=\"elementor-icon-list-text\">TODOS LOS PRODUCTOS<\/span>\n\t\t\t\t\t\t\t\t\t\t\t<\/a>\n\t\t\t\t\t\t\t\t\t<\/li>\n\t\t\t\t\t\t\t\t<li class=\"elementor-icon-list-item elementor-inline-item\">\n\t\t\t\t\t\t\t\t\t\t\t<a href=\"https:\/\/www.samedinnovazioni.it\/es\/productos\/cubridores\/\">\n\n\t\t\t\t\t\t\t\t\t\t\t\t<span class=\"elementor-icon-list-icon\">\n\t\t\t\t\t\t\t<i aria-hidden=\"true\" class=\"fas fa-angle-double-right\"><\/i>\t\t\t\t\t\t<\/span>\n\t\t\t\t\t\t\t\t\t\t<span class=\"elementor-icon-list-text\">CUBRIDORES<\/span>\n\t\t\t\t\t\t\t\t\t\t\t<\/a>\n\t\t\t\t\t\t\t\t\t<\/li>\n\t\t\t\t\t\t<\/ul>\n\t\t\t\t<\/div>\n\t\t\t\t<\/div>\n\t\t\t\t<div class=\"elementor-element elementor-element-db9f030 elementor-widget elementor-widget-heading\" data-id=\"db9f030\" data-element_type=\"widget\" data-widget_type=\"heading.default\">\n\t\t\t\t<div class=\"elementor-widget-container\">\n\t\t\t<h2 class=\"elementor-heading-title elementor-size-default\"><!-- Encuadernadora semi-autom\u00e1tica --><\/h2>\t\t<\/div>\n\t\t\t\t<\/div>\n\t\t\t\t\t<\/div>\n\t\t<\/div>\n\t\t\t\t\t\t\t<\/div>\n\t\t<\/section>\n\t\t\t\t<section class=\"elementor-section elementor-top-section elementor-element elementor-element-afcd3d3 elementor-reverse-mobile elementor-section-boxed elementor-section-height-default elementor-section-height-default\" data-id=\"afcd3d3\" data-element_type=\"section\">\n\t\t\t\t\t\t<div class=\"elementor-container elementor-column-gap-default\">\n\t\t\t\t\t<div class=\"elementor-column elementor-col-50 elementor-top-column elementor-element elementor-element-450e2b4\" data-id=\"450e2b4\" data-element_type=\"column\">\n\t\t\t<div class=\"elementor-widget-wrap elementor-element-populated\">\n\t\t\t\t\t\t\t\t<div class=\"elementor-element elementor-element-2f43f8d elementor-widget elementor-widget-text-editor\" data-id=\"2f43f8d\" data-element_type=\"widget\" data-widget_type=\"text-editor.default\">\n\t\t\t\t<div class=\"elementor-widget-container\">\n\t\t\t\t\t\t\t<p><span style=\"color: var( --e-global-color-text );\"><strong>La encuadernadora semi-autom\u00e1tica Darix S<\/strong> es una versi\u00f3n simplificada de nuestra <a href=\"https:\/\/www.samedinnovazioni.it\/es\/darix-standard\/\">est\u00e1ndar Darix<\/a>.<\/span><\/p><p>Creada principalmente para la fabricaci\u00f3n de<strong> portadas de libros y \u00e1lbumes de fotos tradicionales<\/strong>, es la m\u00e1quina ideal para <strong>tiradas peque\u00f1as que requieren cambios de formato frecuentes<\/strong> y que no necesitan producir una gran cantidad de libros y\/o \u00e1lbumes de fotos.<\/p><p>Es ideal para quienes se acercan a este trabajo por primera vez, para quienes acaban de comenzar y quieren ganar pr\u00e1ctica <strong>combinando el uso manual con la parte mec\u00e1nica<\/strong> de la m\u00e1quina.<\/p><p>Si luego necesita aumentar las cantidades producidas, ser\u00e1 f\u00e1cil cambiar a versiones m\u00e1s autom\u00e1ticas de nuestros modelos Darix.<\/p><p>Consta de una unidad de encolado de cola caliente, una mesa dotada de aspiraci\u00f3n que mantienen la hoja estacionaria, un sistema de referencia para posicionar las cajas y el lomo, un rodillo loco para realizar el encintado de los cantos y un sencillo sistema de corte de esquinas.\u00a0<\/p><p>Tambi\u00e9n se puede proporcionar para la inclusi\u00f3n de opciones, como un sistema autom\u00e1tico de control de viscosidad.<\/p><p>La m\u00e1quina fue dise\u00f1ada para ser <strong>f\u00e1cil de usar para el operador<\/strong>, asegurando una <strong>alta calidad de la producci\u00f3n<\/strong>.<\/p>\t\t\t\t\t\t<\/div>\n\t\t\t\t<\/div>\n\t\t\t\t<div class=\"elementor-element elementor-element-4f65d9e elementor-widget elementor-widget-heading\" data-id=\"4f65d9e\" data-element_type=\"widget\" data-widget_type=\"heading.default\">\n\t\t\t\t<div class=\"elementor-widget-container\">\n\t\t\t<h3 class=\"elementor-heading-title elementor-size-default\">Caracter\u00edsticas T\u00e9cnicas Encuadernadora de Cajas Semiautom\u00e1tica Darix S<\/h3>\t\t<\/div>\n\t\t\t\t<\/div>\n\t\t\t\t<div class=\"elementor-element elementor-element-4d176f5 elementor-widget elementor-widget-heading\" data-id=\"4d176f5\" data-element_type=\"widget\" data-widget_type=\"heading.default\">\n\t\t\t\t<div class=\"elementor-widget-container\">\n\t\t\t<h4 class=\"elementor-heading-title elementor-size-default\">(Modelo simplificado de nuestro est\u00e1ndar Darix):<\/h4>\t\t<\/div>\n\t\t\t\t<\/div>\n\t\t\t\t<div class=\"elementor-element elementor-element-e1c60b1 elementor-widget elementor-widget-text-editor\" data-id=\"e1c60b1\" data-element_type=\"widget\" data-widget_type=\"text-editor.default\">\n\t\t\t\t<div class=\"elementor-widget-container\">\n\t\t\t\t\t\t\t<ul><li>unidad de <strong>encolado termofusible<\/strong> (opcional: control de viscosidad)<\/li><li><strong>mesa de vac\u00edo<\/strong><\/li><li><strong>luz central<\/strong> para referencia de impresi\u00f3n<\/li><li>sistema de <strong>posicionamiento manual<\/strong> 2 cartones y lomo<\/li><li>sistema de rebordeado con rodillo loco<\/li><li>dispositivo cortador de esquinas montado en el lateral de la mesa<\/li><li>maquinaria <strong>montada sobre ruedas<\/strong> para facilitar el movimiento<\/li><li><strong>temporizador programable<\/strong> para encendido de calefacci\u00f3n<\/li><li>formato m\u00e1ximo 460 mm x 1000 mm<\/li><li><strong>no requiere aire comprimido<\/strong><\/li><\/ul>\t\t\t\t\t\t<\/div>\n\t\t\t\t<\/div>\n\t\t\t\t\t<\/div>\n\t\t<\/div>\n\t\t\t\t<div class=\"elementor-column elementor-col-50 elementor-top-column elementor-element elementor-element-63f9ba8\" data-id=\"63f9ba8\" data-element_type=\"column\" data-settings=\"{&quot;motion_fx_motion_fx_scrolling&quot;:&quot;yes&quot;,&quot;motion_fx_translateY_effect&quot;:&quot;yes&quot;,&quot;motion_fx_translateY_direction&quot;:&quot;negative&quot;,&quot;motion_fx_translateY_speed&quot;:{&quot;unit&quot;:&quot;px&quot;,&quot;size&quot;:2.5,&quot;sizes&quot;:[]},&quot;motion_fx_translateY_affectedRange&quot;:{&quot;unit&quot;:&quot;%&quot;,&quot;size&quot;:&quot;&quot;,&quot;sizes&quot;:{&quot;start&quot;:45,&quot;end&quot;:100}},&quot;motion_fx_devices&quot;:[&quot;desktop&quot;]}\">\n\t\t\t<div class=\"elementor-widget-wrap elementor-element-populated\">\n\t\t\t\t\t\t\t\t<div class=\"elementor-element elementor-element-f176ca4 elementor-widget elementor-widget-image\" data-id=\"f176ca4\" data-element_type=\"widget\" data-widget_type=\"image.default\">\n\t\t\t\t<div class=\"elementor-widget-container\">\n\t\t\t\t\t\t\t\t\t\t\t\t\t\t\t<img width=\"768\" height=\"525\" src=\"https:\/\/www.samedinnovazioni.it\/wp-content\/uploads\/2021\/06\/darix-s-768x525.jpg\" class=\"attachment-medium_large size-medium_large wp-image-5763\" alt=\"Darix S\" srcset=\"https:\/\/www.samedinnovazioni.it\/wp-content\/uploads\/2021\/06\/darix-s-768x525.jpg 768w, https:\/\/www.samedinnovazioni.it\/wp-content\/uploads\/2021\/06\/darix-s-700x478.jpg 700w, https:\/\/www.samedinnovazioni.it\/wp-content\/uploads\/2021\/06\/darix-s.jpg 1200w\" sizes=\"(max-width: 768px) 100vw, 768px\" \/>\t\t\t\t\t\t\t\t\t\t\t\t\t\t\t<\/div>\n\t\t\t\t<\/div>\n\t\t\t\t\t<\/div>\n\t\t<\/div>\n\t\t\t\t\t\t\t<\/div>\n\t\t<\/section>\n\t\t\t\t<section class=\"elementor-section elementor-top-section elementor-element elementor-element-84c1e66 elementor-section-boxed elementor-section-height-default elementor-section-height-default\" data-id=\"84c1e66\" data-element_type=\"section\" data-settings=\"{&quot;background_background&quot;:&quot;classic&quot;}\">\n\t\t\t\t\t\t<div class=\"elementor-container elementor-column-gap-default\">\n\t\t\t\t\t<div class=\"elementor-column elementor-col-100 elementor-top-column elementor-element elementor-element-2fd67db\" data-id=\"2fd67db\" data-element_type=\"column\">\n\t\t\t<div class=\"elementor-widget-wrap elementor-element-populated\">\n\t\t\t\t\t\t\t\t<div class=\"elementor-element elementor-element-c654af2 elementor-widget elementor-widget-heading\" data-id=\"c654af2\" data-element_type=\"widget\" data-widget_type=\"heading.default\">\n\t\t\t\t<div class=\"elementor-widget-container\">\n\t\t\t<h3 class=\"elementor-heading-title elementor-size-default\">\u00bfQuieres m\u00e1s informaci\u00f3n sobre este producto?<\/h3>\t\t<\/div>\n\t\t\t\t<\/div>\n\t\t\t\t<div class=\"elementor-element elementor-element-453e5bd elementor-align-center elementor-widget elementor-widget-button\" data-id=\"453e5bd\" data-element_type=\"widget\" data-widget_type=\"button.default\">\n\t\t\t\t<div class=\"elementor-widget-container\">\n\t\t\t\t\t<div class=\"elementor-button-wrapper\">\n\t\t\t<a href=\"https:\/\/www.samedinnovazioni.it\/es\/contactos\/\" class=\"elementor-button-link elementor-button elementor-size-sm\" role=\"button\">\n\t\t\t\t\t\t<span class=\"elementor-button-content-wrapper\">\n\t\t\t\t\t\t<span class=\"elementor-button-text\">CONT\u00c1CTENOS<\/span>\n\t\t<\/span>\n\t\t\t\t\t<\/a>\n\t\t<\/div>\n\t\t\t\t<\/div>\n\t\t\t\t<\/div>\n\t\t\t\t\t<\/div>\n\t\t<\/div>\n\t\t\t\t\t\t\t<\/div>\n\t\t<\/section>\n\t\t\t\t\t\t\t<\/div>\n\t\t","protected":false},"excerpt":{"rendered":"<p>TODOS LOS PRODUCTOS CUBRIDORES La encuadernadora semi-autom\u00e1tica Darix S es una versi\u00f3n simplificada de nuestra est\u00e1ndar Darix. Creada principalmente para la fabricaci\u00f3n de portadas de libros y \u00e1lbumes de fotos tradicionales, es la m\u00e1quina ideal para tiradas peque\u00f1as que requieren cambios de formato frecuentes y que no necesitan producir una gran cantidad de libros y\/o [&hellip;]<\/p>\n","protected":false},"author":2,"featured_media":0,"parent":0,"menu_order":0,"comment_status":"closed","ping_status":"closed","template":"elementor_header_footer","meta":[],"yoast_head":"<!-- This site is optimized with the Yoast SEO plugin v19.13 - https:\/\/yoast.com\/wordpress\/plugins\/seo\/ -->\n<title>Darix S | Encuadernadora semi-autom\u00e1tica | Samed innovazioni<\/title>\n<meta name=\"description\" content=\"La encuadernadora semi-autom\u00e1tica Darix S es ideal para realizar peque\u00f1as tiradas de cubiertas de libros y \u00e1lbumes de fotos tradicionales.\" \/>\n<meta name=\"robots\" content=\"index, follow, max-snippet:-1, max-image-preview:large, max-video-preview:-1\" \/>\n<link rel=\"canonical\" href=\"https:\/\/www.samedinnovazioni.it\/es\/darix-s\/\" \/>\n<meta property=\"og:locale\" content=\"es_ES\" \/>\n<meta property=\"og:type\" content=\"article\" \/>\n<meta property=\"og:title\" content=\"Darix S | Encuadernadora semi-autom\u00e1tica | Samed innovazioni\" \/>\n<meta property=\"og:description\" content=\"La encuadernadora semi-autom\u00e1tica Darix S es ideal para realizar peque\u00f1as tiradas de cubiertas de libros y \u00e1lbumes de fotos tradicionales.\" \/>\n<meta property=\"og:url\" content=\"https:\/\/www.samedinnovazioni.it\/es\/darix-s\/\" \/>\n<meta property=\"og:site_name\" content=\"Samed innovazioni\" \/>\n<meta property=\"article:modified_time\" content=\"2021-06-23T12:27:54+00:00\" \/>\n<meta property=\"og:image\" content=\"https:\/\/www.samedinnovazioni.it\/wp-content\/uploads\/2021\/06\/darix-s-768x525.jpg\" \/>\n<meta name=\"twitter:card\" content=\"summary_large_image\" \/>\n<meta name=\"twitter:label1\" content=\"Tiempo de lectura\" \/>\n\t<meta name=\"twitter:data1\" content=\"2 minutos\" \/>\n<script type=\"application\/ld+json\" class=\"yoast-schema-graph\">{\"@context\":\"https:\/\/schema.org\",\"@graph\":[{\"@type\":\"WebPage\",\"@id\":\"https:\/\/www.samedinnovazioni.it\/es\/darix-s\/\",\"url\":\"https:\/\/www.samedinnovazioni.it\/es\/darix-s\/\",\"name\":\"Darix S | Encuadernadora semi-autom\u00e1tica | Samed innovazioni\",\"isPartOf\":{\"@id\":\"https:\/\/www.samedinnovazioni.it\/#website\"},\"datePublished\":\"2021-04-12T08:07:32+00:00\",\"dateModified\":\"2021-06-23T12:27:54+00:00\",\"description\":\"La encuadernadora semi-autom\u00e1tica Darix S es ideal para realizar peque\u00f1as tiradas de cubiertas de libros y \u00e1lbumes de fotos tradicionales.\",\"breadcrumb\":{\"@id\":\"https:\/\/www.samedinnovazioni.it\/es\/darix-s\/#breadcrumb\"},\"inLanguage\":\"es\",\"potentialAction\":[{\"@type\":\"ReadAction\",\"target\":[\"https:\/\/www.samedinnovazioni.it\/es\/darix-s\/\"]}]},{\"@type\":\"BreadcrumbList\",\"@id\":\"https:\/\/www.samedinnovazioni.it\/es\/darix-s\/#breadcrumb\",\"itemListElement\":[{\"@type\":\"ListItem\",\"position\":1,\"name\":\"Home\",\"item\":\"https:\/\/www.samedinnovazioni.it\/es\/\"},{\"@type\":\"ListItem\",\"position\":2,\"name\":\"Darix S\"}]},{\"@type\":\"WebSite\",\"@id\":\"https:\/\/www.samedinnovazioni.it\/#website\",\"url\":\"https:\/\/www.samedinnovazioni.it\/\",\"name\":\"Samed innovazioni\",\"description\":\"Copertinatrici, Macchine per cartotecnica, legatoria e fotolibro\",\"publisher\":{\"@id\":\"https:\/\/www.samedinnovazioni.it\/#organization\"},\"potentialAction\":[{\"@type\":\"SearchAction\",\"target\":{\"@type\":\"EntryPoint\",\"urlTemplate\":\"https:\/\/www.samedinnovazioni.it\/?s={search_term_string}\"},\"query-input\":\"required name=search_term_string\"}],\"inLanguage\":\"es\"},{\"@type\":\"Organization\",\"@id\":\"https:\/\/www.samedinnovazioni.it\/#organization\",\"name\":\"Samed Innovazioni\",\"url\":\"https:\/\/www.samedinnovazioni.it\/\",\"logo\":{\"@type\":\"ImageObject\",\"inLanguage\":\"es\",\"@id\":\"https:\/\/www.samedinnovazioni.it\/#\/schema\/logo\/image\/\",\"url\":\"https:\/\/www.samedinnovazioni.it\/wp-content\/uploads\/2021\/05\/samed-innovazioni.png\",\"contentUrl\":\"https:\/\/www.samedinnovazioni.it\/wp-content\/uploads\/2021\/05\/samed-innovazioni.png\",\"width\":282,\"height\":67,\"caption\":\"Samed Innovazioni\"},\"image\":{\"@id\":\"https:\/\/www.samedinnovazioni.it\/#\/schema\/logo\/image\/\"}}]}<\/script>\n<!-- \/ Yoast SEO plugin. -->","yoast_head_json":{"title":"Darix S | Encuadernadora semi-autom\u00e1tica | Samed innovazioni","description":"La encuadernadora semi-autom\u00e1tica Darix S es ideal para realizar peque\u00f1as tiradas de cubiertas de libros y \u00e1lbumes de fotos tradicionales.","robots":{"index":"index","follow":"follow","max-snippet":"max-snippet:-1","max-image-preview":"max-image-preview:large","max-video-preview":"max-video-preview:-1"},"canonical":"https:\/\/www.samedinnovazioni.it\/es\/darix-s\/","og_locale":"es_ES","og_type":"article","og_title":"Darix S | Encuadernadora semi-autom\u00e1tica | Samed innovazioni","og_description":"La encuadernadora semi-autom\u00e1tica Darix S es ideal para realizar peque\u00f1as tiradas de cubiertas de libros y \u00e1lbumes de fotos tradicionales.","og_url":"https:\/\/www.samedinnovazioni.it\/es\/darix-s\/","og_site_name":"Samed innovazioni","article_modified_time":"2021-06-23T12:27:54+00:00","og_image":[{"url":"https:\/\/www.samedinnovazioni.it\/wp-content\/uploads\/2021\/06\/darix-s-768x525.jpg"}],"twitter_card":"summary_large_image","twitter_misc":{"Tiempo de lectura":"2 minutos"},"schema":{"@context":"https:\/\/schema.org","@graph":[{"@type":"WebPage","@id":"https:\/\/www.samedinnovazioni.it\/es\/darix-s\/","url":"https:\/\/www.samedinnovazioni.it\/es\/darix-s\/","name":"Darix S | Encuadernadora semi-autom\u00e1tica | Samed innovazioni","isPartOf":{"@id":"https:\/\/www.samedinnovazioni.it\/#website"},"datePublished":"2021-04-12T08:07:32+00:00","dateModified":"2021-06-23T12:27:54+00:00","description":"La encuadernadora semi-autom\u00e1tica Darix S es ideal para realizar peque\u00f1as tiradas de cubiertas de libros y \u00e1lbumes de fotos tradicionales.","breadcrumb":{"@id":"https:\/\/www.samedinnovazioni.it\/es\/darix-s\/#breadcrumb"},"inLanguage":"es","potentialAction":[{"@type":"ReadAction","target":["https:\/\/www.samedinnovazioni.it\/es\/darix-s\/"]}]},{"@type":"BreadcrumbList","@id":"https:\/\/www.samedinnovazioni.it\/es\/darix-s\/#breadcrumb","itemListElement":[{"@type":"ListItem","position":1,"name":"Home","item":"https:\/\/www.samedinnovazioni.it\/es\/"},{"@type":"ListItem","position":2,"name":"Darix S"}]},{"@type":"WebSite","@id":"https:\/\/www.samedinnovazioni.it\/#website","url":"https:\/\/www.samedinnovazioni.it\/","name":"Samed innovazioni","description":"Copertinatrici, Macchine per cartotecnica, legatoria e fotolibro","publisher":{"@id":"https:\/\/www.samedinnovazioni.it\/#organization"},"potentialAction":[{"@type":"SearchAction","target":{"@type":"EntryPoint","urlTemplate":"https:\/\/www.samedinnovazioni.it\/?s={search_term_string}"},"query-input":"required name=search_term_string"}],"inLanguage":"es"},{"@type":"Organization","@id":"https:\/\/www.samedinnovazioni.it\/#organization","name":"Samed Innovazioni","url":"https:\/\/www.samedinnovazioni.it\/","logo":{"@type":"ImageObject","inLanguage":"es","@id":"https:\/\/www.samedinnovazioni.it\/#\/schema\/logo\/image\/","url":"https:\/\/www.samedinnovazioni.it\/wp-content\/uploads\/2021\/05\/samed-innovazioni.png","contentUrl":"https:\/\/www.samedinnovazioni.it\/wp-content\/uploads\/2021\/05\/samed-innovazioni.png","width":282,"height":67,"caption":"Samed Innovazioni"},"image":{"@id":"https:\/\/www.samedinnovazioni.it\/#\/schema\/logo\/image\/"}}]}},"_links":{"self":[{"href":"https:\/\/www.samedinnovazioni.it\/es\/wp-json\/wp\/v2\/pages\/3055"}],"collection":[{"href":"https:\/\/www.samedinnovazioni.it\/es\/wp-json\/wp\/v2\/pages"}],"about":[{"href":"https:\/\/www.samedinnovazioni.it\/es\/wp-json\/wp\/v2\/types\/page"}],"author":[{"embeddable":true,"href":"https:\/\/www.samedinnovazioni.it\/es\/wp-json\/wp\/v2\/users\/2"}],"replies":[{"embeddable":true,"href":"https:\/\/www.samedinnovazioni.it\/es\/wp-json\/wp\/v2\/comments?post=3055"}],"version-history":[{"count":28,"href":"https:\/\/www.samedinnovazioni.it\/es\/wp-json\/wp\/v2\/pages\/3055\/revisions"}],"predecessor-version":[{"id":5778,"href":"https:\/\/www.samedinnovazioni.it\/es\/wp-json\/wp\/v2\/pages\/3055\/revisions\/5778"}],"wp:attachment":[{"href":"https:\/\/www.samedinnovazioni.it\/es\/wp-json\/wp\/v2\/media?parent=3055"}],"curies":[{"name":"wp","href":"https:\/\/api.w.org\/{rel}","templated":true}]}}