{"id":2941,"date":"2021-03-25T11:08:48","date_gmt":"2021-03-25T10:08:48","guid":{"rendered":"https:\/\/www.samedinnovazioni.it\/azienda\/"},"modified":"2021-04-21T11:35:49","modified_gmt":"2021-04-21T09:35:49","slug":"empresa","status":"publish","type":"page","link":"https:\/\/www.samedinnovazioni.it\/es\/empresa\/","title":{"rendered":"Empresa"},"content":{"rendered":"\t\t<div data-elementor-type=\"wp-page\" data-elementor-id=\"2941\" class=\"elementor elementor-2941 elementor-1918\">\n\t\t\t\t\t\t\t\t\t<section class=\"elementor-section elementor-top-section elementor-element elementor-element-83ae600 elementor-section-height-min-height elementor-section-boxed elementor-section-height-default elementor-section-items-middle\" data-id=\"83ae600\" data-element_type=\"section\" data-settings=\"{&quot;background_background&quot;:&quot;classic&quot;,&quot;shape_divider_bottom&quot;:&quot;tilt&quot;}\">\n\t\t\t\t\t<div class=\"elementor-shape elementor-shape-bottom\" data-negative=\"false\">\n\t\t\t<svg xmlns=\"http:\/\/www.w3.org\/2000\/svg\" viewBox=\"0 0 1000 100\" preserveAspectRatio=\"none\">\n\t<path class=\"elementor-shape-fill\" d=\"M0,6V0h1000v100L0,6z\"\/>\n<\/svg>\t\t<\/div>\n\t\t\t\t\t<div class=\"elementor-container elementor-column-gap-default\">\n\t\t\t\t\t<div class=\"elementor-column elementor-col-100 elementor-top-column elementor-element elementor-element-5f4afcf\" data-id=\"5f4afcf\" data-element_type=\"column\">\n\t\t\t<div class=\"elementor-widget-wrap elementor-element-populated\">\n\t\t\t\t\t\t\t\t\t<\/div>\n\t\t<\/div>\n\t\t\t\t\t\t\t<\/div>\n\t\t<\/section>\n\t\t\t\t<section class=\"elementor-section elementor-top-section elementor-element elementor-element-40743bd0 elementor-section-boxed elementor-section-height-default elementor-section-height-default\" data-id=\"40743bd0\" data-element_type=\"section\">\n\t\t\t\t\t\t<div class=\"elementor-container elementor-column-gap-default\">\n\t\t\t\t\t<div class=\"elementor-column elementor-col-50 elementor-top-column elementor-element elementor-element-6b5c8348\" data-id=\"6b5c8348\" data-element_type=\"column\">\n\t\t\t<div class=\"elementor-widget-wrap elementor-element-populated\">\n\t\t\t\t\t\t\t\t<div class=\"elementor-element elementor-element-4df36fd5 elementor-widget elementor-widget-text-editor\" data-id=\"4df36fd5\" data-element_type=\"widget\" data-widget_type=\"text-editor.default\">\n\t\t\t\t<div class=\"elementor-widget-container\">\n\t\t\t\t\t\t\t<p><span style=\"color: var( --e-global-color-text );\">Samed Innovazioni fu\u00e9 fundada hace 15 a\u00f1os en Prato (Italia) donde todav\u00eda se encuentra su sede y donde desarrolla la actividad de <strong>dise\u00f1o, construcci\u00f3n y prueba de m\u00e1quinas, siguiendo dise\u00f1os y patentes de propiedad<\/strong>, elaboradas para el <strong>sector de la fabricaci\u00f3n de papel y de la encuadernaci\u00f3n<\/strong>.<\/span><\/p><p>Samed Innovazioni, apostando en la investigaci\u00f3n continua y constante y gracias a sus sistemas flexibles, \u00fanicos en ese sector, puede<strong> satisfacer cada cliente con soluciones altamente innovadoras<\/strong> en la producci\u00f3n de m\u00e1quinas vers\u00e1tiles ideadas para peque\u00f1as y medias tiradas.<\/p><p><strong>Sencillez y solidez son principios de cualidad<\/strong> que en el mercado caracterizan las m\u00e1quinas de Samed Innovazioni con las cuales se puede producir en modo semi-autom\u00e1tico o completamente autom\u00e1tico.<\/p><p>Las m\u00e1quinas de SAMED INNOVAZIONI tienen la particularidad de poder\u00a0 ser utilizadas sea para <strong>cubiertas<\/strong> (tapas-pastas) para<strong> los libros tradicionales y fotolibros<\/strong>, sea para<strong> cajas de lujo de alta calidad y prestigio<\/strong>, en ambos casos, con formas especiales como lados con perfil en \u201cS\u201d o con \u201cventanas\u201d de varias medidas y formas, sin la utilizaci\u00f3n de utensilios o la necesidad de sustituci\u00f3n de partes mec\u00e1nicas.<\/p><p><span style=\"color: #0000ff;\"><strong>LA SOLUCION SAMED: SENCILLEZ\u00a0 EN LA INNOVACION!<\/strong><\/span><\/p>\t\t\t\t\t\t<\/div>\n\t\t\t\t<\/div>\n\t\t\t\t\t<\/div>\n\t\t<\/div>\n\t\t\t\t<div class=\"elementor-column elementor-col-50 elementor-top-column elementor-element elementor-element-a85b95d\" data-id=\"a85b95d\" data-element_type=\"column\" data-settings=\"{&quot;motion_fx_motion_fx_scrolling&quot;:&quot;yes&quot;,&quot;motion_fx_translateY_effect&quot;:&quot;yes&quot;,&quot;motion_fx_translateY_direction&quot;:&quot;negative&quot;,&quot;motion_fx_devices&quot;:[&quot;desktop&quot;],&quot;motion_fx_translateY_affectedRange&quot;:{&quot;unit&quot;:&quot;%&quot;,&quot;size&quot;:&quot;&quot;,&quot;sizes&quot;:{&quot;start&quot;:45,&quot;end&quot;:100}},&quot;motion_fx_translateY_speed&quot;:{&quot;unit&quot;:&quot;px&quot;,&quot;size&quot;:4,&quot;sizes&quot;:[]}}\">\n\t\t\t<div class=\"elementor-widget-wrap elementor-element-populated\">\n\t\t\t\t\t\t\t\t<div class=\"elementor-element elementor-element-111fef2 elementor-widget elementor-widget-image\" data-id=\"111fef2\" data-element_type=\"widget\" data-widget_type=\"image.default\">\n\t\t\t\t<div class=\"elementor-widget-container\">\n\t\t\t\t\t\t\t\t\t\t\t\t\t\t\t<img width=\"600\" height=\"600\" src=\"https:\/\/www.samedinnovazioni.it\/wp-content\/uploads\/2021\/03\/samed-innovazioni-prato-cartotecnica-legatoria.jpg\" class=\"attachment-medium_large size-medium_large wp-image-1987\" alt=\"\" srcset=\"https:\/\/www.samedinnovazioni.it\/wp-content\/uploads\/2021\/03\/samed-innovazioni-prato-cartotecnica-legatoria.jpg 600w, https:\/\/www.samedinnovazioni.it\/wp-content\/uploads\/2021\/03\/samed-innovazioni-prato-cartotecnica-legatoria-150x150.jpg 150w\" sizes=\"(max-width: 600px) 100vw, 600px\" \/>\t\t\t\t\t\t\t\t\t\t\t\t\t\t\t<\/div>\n\t\t\t\t<\/div>\n\t\t\t\t<div class=\"elementor-element elementor-element-ff83909 elementor-widget elementor-widget-image\" data-id=\"ff83909\" data-element_type=\"widget\" data-widget_type=\"image.default\">\n\t\t\t\t<div class=\"elementor-widget-container\">\n\t\t\t\t\t\t\t\t\t\t\t\t\t\t\t<img width=\"600\" height=\"600\" src=\"https:\/\/www.samedinnovazioni.it\/wp-content\/uploads\/2021\/03\/samed-prato-cartotecnica-legatoria.jpg\" class=\"attachment-medium_large size-medium_large wp-image-1991\" alt=\"\" srcset=\"https:\/\/www.samedinnovazioni.it\/wp-content\/uploads\/2021\/03\/samed-prato-cartotecnica-legatoria.jpg 600w, https:\/\/www.samedinnovazioni.it\/wp-content\/uploads\/2021\/03\/samed-prato-cartotecnica-legatoria-150x150.jpg 150w\" sizes=\"(max-width: 600px) 100vw, 600px\" \/>\t\t\t\t\t\t\t\t\t\t\t\t\t\t\t<\/div>\n\t\t\t\t<\/div>\n\t\t\t\t\t<\/div>\n\t\t<\/div>\n\t\t\t\t\t\t\t<\/div>\n\t\t<\/section>\n\t\t\t\t\t\t\t<\/div>\n\t\t","protected":false},"excerpt":{"rendered":"<p>Samed Innovazioni fu\u00e9 fundada hace 15 a\u00f1os en Prato (Italia) donde todav\u00eda se encuentra su sede y donde desarrolla la actividad de dise\u00f1o, construcci\u00f3n y prueba de m\u00e1quinas, siguiendo dise\u00f1os y patentes de propiedad, elaboradas para el sector de la fabricaci\u00f3n de papel y de la encuadernaci\u00f3n. Samed Innovazioni, apostando en la investigaci\u00f3n continua y [&hellip;]<\/p>\n","protected":false},"author":2,"featured_media":0,"parent":0,"menu_order":0,"comment_status":"closed","ping_status":"closed","template":"elementor_header_footer","meta":[],"yoast_head":"<!-- This site is optimized with the Yoast SEO plugin v19.13 - https:\/\/yoast.com\/wordpress\/plugins\/seo\/ -->\n<title>Empresa | Samed innovazioni<\/title>\n<meta name=\"description\" content=\"Samed, en el sector del papel y la encuadernaci\u00f3n, dise\u00f1a y fabrica maquinaria made in Italy de calidad para satisfacer todas las necesidades\" \/>\n<meta name=\"robots\" content=\"index, follow, max-snippet:-1, max-image-preview:large, max-video-preview:-1\" \/>\n<link rel=\"canonical\" href=\"https:\/\/www.samedinnovazioni.it\/es\/empresa\/\" \/>\n<meta property=\"og:locale\" content=\"es_ES\" \/>\n<meta property=\"og:type\" content=\"article\" \/>\n<meta property=\"og:title\" content=\"Empresa | Samed innovazioni\" \/>\n<meta property=\"og:description\" content=\"Samed, en el sector del papel y la encuadernaci\u00f3n, dise\u00f1a y fabrica maquinaria made in Italy de calidad para satisfacer todas las necesidades\" \/>\n<meta property=\"og:url\" content=\"https:\/\/www.samedinnovazioni.it\/es\/empresa\/\" \/>\n<meta property=\"og:site_name\" content=\"Samed innovazioni\" \/>\n<meta property=\"article:modified_time\" content=\"2021-04-21T09:35:49+00:00\" \/>\n<meta property=\"og:image\" content=\"https:\/\/www.samedinnovazioni.it\/wp-content\/uploads\/2021\/03\/samed-innovazioni-prato-cartotecnica-legatoria.jpg\" \/>\n<meta name=\"twitter:card\" content=\"summary_large_image\" \/>\n<meta name=\"twitter:label1\" content=\"Tiempo de lectura\" \/>\n\t<meta name=\"twitter:data1\" content=\"2 minutos\" \/>\n<script type=\"application\/ld+json\" class=\"yoast-schema-graph\">{\"@context\":\"https:\/\/schema.org\",\"@graph\":[{\"@type\":\"WebPage\",\"@id\":\"https:\/\/www.samedinnovazioni.it\/es\/empresa\/\",\"url\":\"https:\/\/www.samedinnovazioni.it\/es\/empresa\/\",\"name\":\"Empresa | Samed innovazioni\",\"isPartOf\":{\"@id\":\"https:\/\/www.samedinnovazioni.it\/#website\"},\"datePublished\":\"2021-03-25T10:08:48+00:00\",\"dateModified\":\"2021-04-21T09:35:49+00:00\",\"description\":\"Samed, en el sector del papel y la encuadernaci\u00f3n, dise\u00f1a y fabrica maquinaria made in Italy de calidad para satisfacer todas las necesidades\",\"breadcrumb\":{\"@id\":\"https:\/\/www.samedinnovazioni.it\/es\/empresa\/#breadcrumb\"},\"inLanguage\":\"es\",\"potentialAction\":[{\"@type\":\"ReadAction\",\"target\":[\"https:\/\/www.samedinnovazioni.it\/es\/empresa\/\"]}]},{\"@type\":\"BreadcrumbList\",\"@id\":\"https:\/\/www.samedinnovazioni.it\/es\/empresa\/#breadcrumb\",\"itemListElement\":[{\"@type\":\"ListItem\",\"position\":1,\"name\":\"Home\",\"item\":\"https:\/\/www.samedinnovazioni.it\/es\/\"},{\"@type\":\"ListItem\",\"position\":2,\"name\":\"Empresa\"}]},{\"@type\":\"WebSite\",\"@id\":\"https:\/\/www.samedinnovazioni.it\/#website\",\"url\":\"https:\/\/www.samedinnovazioni.it\/\",\"name\":\"Samed innovazioni\",\"description\":\"Copertinatrici, Macchine per cartotecnica, legatoria e fotolibro\",\"publisher\":{\"@id\":\"https:\/\/www.samedinnovazioni.it\/#organization\"},\"potentialAction\":[{\"@type\":\"SearchAction\",\"target\":{\"@type\":\"EntryPoint\",\"urlTemplate\":\"https:\/\/www.samedinnovazioni.it\/?s={search_term_string}\"},\"query-input\":\"required name=search_term_string\"}],\"inLanguage\":\"es\"},{\"@type\":\"Organization\",\"@id\":\"https:\/\/www.samedinnovazioni.it\/#organization\",\"name\":\"Samed Innovazioni\",\"url\":\"https:\/\/www.samedinnovazioni.it\/\",\"logo\":{\"@type\":\"ImageObject\",\"inLanguage\":\"es\",\"@id\":\"https:\/\/www.samedinnovazioni.it\/#\/schema\/logo\/image\/\",\"url\":\"https:\/\/www.samedinnovazioni.it\/wp-content\/uploads\/2021\/05\/samed-innovazioni.png\",\"contentUrl\":\"https:\/\/www.samedinnovazioni.it\/wp-content\/uploads\/2021\/05\/samed-innovazioni.png\",\"width\":282,\"height\":67,\"caption\":\"Samed Innovazioni\"},\"image\":{\"@id\":\"https:\/\/www.samedinnovazioni.it\/#\/schema\/logo\/image\/\"}}]}<\/script>\n<!-- \/ Yoast SEO plugin. -->","yoast_head_json":{"title":"Empresa | Samed innovazioni","description":"Samed, en el sector del papel y la encuadernaci\u00f3n, dise\u00f1a y fabrica maquinaria made in Italy de calidad para satisfacer todas las necesidades","robots":{"index":"index","follow":"follow","max-snippet":"max-snippet:-1","max-image-preview":"max-image-preview:large","max-video-preview":"max-video-preview:-1"},"canonical":"https:\/\/www.samedinnovazioni.it\/es\/empresa\/","og_locale":"es_ES","og_type":"article","og_title":"Empresa | Samed innovazioni","og_description":"Samed, en el sector del papel y la encuadernaci\u00f3n, dise\u00f1a y fabrica maquinaria made in Italy de calidad para satisfacer todas las necesidades","og_url":"https:\/\/www.samedinnovazioni.it\/es\/empresa\/","og_site_name":"Samed innovazioni","article_modified_time":"2021-04-21T09:35:49+00:00","og_image":[{"url":"https:\/\/www.samedinnovazioni.it\/wp-content\/uploads\/2021\/03\/samed-innovazioni-prato-cartotecnica-legatoria.jpg"}],"twitter_card":"summary_large_image","twitter_misc":{"Tiempo de lectura":"2 minutos"},"schema":{"@context":"https:\/\/schema.org","@graph":[{"@type":"WebPage","@id":"https:\/\/www.samedinnovazioni.it\/es\/empresa\/","url":"https:\/\/www.samedinnovazioni.it\/es\/empresa\/","name":"Empresa | Samed innovazioni","isPartOf":{"@id":"https:\/\/www.samedinnovazioni.it\/#website"},"datePublished":"2021-03-25T10:08:48+00:00","dateModified":"2021-04-21T09:35:49+00:00","description":"Samed, en el sector del papel y la encuadernaci\u00f3n, dise\u00f1a y fabrica maquinaria made in Italy de calidad para satisfacer todas las necesidades","breadcrumb":{"@id":"https:\/\/www.samedinnovazioni.it\/es\/empresa\/#breadcrumb"},"inLanguage":"es","potentialAction":[{"@type":"ReadAction","target":["https:\/\/www.samedinnovazioni.it\/es\/empresa\/"]}]},{"@type":"BreadcrumbList","@id":"https:\/\/www.samedinnovazioni.it\/es\/empresa\/#breadcrumb","itemListElement":[{"@type":"ListItem","position":1,"name":"Home","item":"https:\/\/www.samedinnovazioni.it\/es\/"},{"@type":"ListItem","position":2,"name":"Empresa"}]},{"@type":"WebSite","@id":"https:\/\/www.samedinnovazioni.it\/#website","url":"https:\/\/www.samedinnovazioni.it\/","name":"Samed innovazioni","description":"Copertinatrici, Macchine per cartotecnica, legatoria e fotolibro","publisher":{"@id":"https:\/\/www.samedinnovazioni.it\/#organization"},"potentialAction":[{"@type":"SearchAction","target":{"@type":"EntryPoint","urlTemplate":"https:\/\/www.samedinnovazioni.it\/?s={search_term_string}"},"query-input":"required name=search_term_string"}],"inLanguage":"es"},{"@type":"Organization","@id":"https:\/\/www.samedinnovazioni.it\/#organization","name":"Samed Innovazioni","url":"https:\/\/www.samedinnovazioni.it\/","logo":{"@type":"ImageObject","inLanguage":"es","@id":"https:\/\/www.samedinnovazioni.it\/#\/schema\/logo\/image\/","url":"https:\/\/www.samedinnovazioni.it\/wp-content\/uploads\/2021\/05\/samed-innovazioni.png","contentUrl":"https:\/\/www.samedinnovazioni.it\/wp-content\/uploads\/2021\/05\/samed-innovazioni.png","width":282,"height":67,"caption":"Samed Innovazioni"},"image":{"@id":"https:\/\/www.samedinnovazioni.it\/#\/schema\/logo\/image\/"}}]}},"_links":{"self":[{"href":"https:\/\/www.samedinnovazioni.it\/es\/wp-json\/wp\/v2\/pages\/2941"}],"collection":[{"href":"https:\/\/www.samedinnovazioni.it\/es\/wp-json\/wp\/v2\/pages"}],"about":[{"href":"https:\/\/www.samedinnovazioni.it\/es\/wp-json\/wp\/v2\/types\/page"}],"author":[{"embeddable":true,"href":"https:\/\/www.samedinnovazioni.it\/es\/wp-json\/wp\/v2\/users\/2"}],"replies":[{"embeddable":true,"href":"https:\/\/www.samedinnovazioni.it\/es\/wp-json\/wp\/v2\/comments?post=2941"}],"version-history":[{"count":5,"href":"https:\/\/www.samedinnovazioni.it\/es\/wp-json\/wp\/v2\/pages\/2941\/revisions"}],"predecessor-version":[{"id":2984,"href":"https:\/\/www.samedinnovazioni.it\/es\/wp-json\/wp\/v2\/pages\/2941\/revisions\/2984"}],"wp:attachment":[{"href":"https:\/\/www.samedinnovazioni.it\/es\/wp-json\/wp\/v2\/media?parent=2941"}],"curies":[{"name":"wp","href":"https:\/\/api.w.org\/{rel}","templated":true}]}}